{"id":9998,"date":"2026-04-25T17:21:53","date_gmt":"2026-04-25T17:21:53","guid":{"rendered":"https:\/\/anopri.com\/?product=woofer-roch-rs-903-bluetooth-fm-usb-noir"},"modified":"2026-04-25T17:21:53","modified_gmt":"2026-04-25T17:21:53","slug":"woofer-roch-rs-903-bluetooth-fm-usb-noir","status":"publish","type":"product","link":"https:\/\/anopri.com\/?product=woofer-roch-rs-903-bluetooth-fm-usb-noir","title":{"rendered":"WOOFER ROCH -RS 903 &#8211; BLUETOOTH\/FM\/ USB &#8211; Noir"},"content":{"rendered":"<p>Sp\u00e9cifications canaux : 3.1 fonction sp\u00e9ciale : mini syst\u00e8me, prise en charge du syst\u00e8me sans fil : compatible avec la radio fm, \/affichage vfd \/ entr\u00e9e usb sd\/usb\/sd\/mmc\/dvd avec radio fm, affichage vfd, entr\u00e9e usb sd pleine fonction t\u00e9l\u00e9commande bouton de volume : avec lumi\u00e8re LED caract\u00e9ristiques cl\u00e9s canaux : 3.1 fonction sp\u00e9ciale : mini syst\u00e8me, prise en charge du syst\u00e8me sans fil : compatible avec la radio fm, \/affichage vfd \/ entr\u00e9e usb sd\/usb\/sd\/mmc\/dvd avec radio fm, affichage vfd, entr\u00e9e usb sd compl\u00e8te fonction t\u00e9l\u00e9commande bluetooth<\/p>\n","protected":false},"excerpt":{"rendered":"<p><strong>si vous recherchez un haut-parleur qui pourra vous offrir un son de qualit\u00e9 et bien le Woofer ROCH-RS-903-3.1 est le mieux indiquer pour vous , vous aurez une exp\u00e9rience sonore incroyable .<\/strong><\/p>\n","protected":false},"featured_media":9997,"comment_status":"closed","ping_status":"closed","template":"","meta":{"_bst_post_transparent":"","_bst_post_title":"","_bst_post_layout":"","_bst_post_sidebar_id":"","_bst_post_content_style":"","_bst_post_vertical_padding":"","_bst_post_feature":"","_bst_post_feature_position":"","_bst_post_header":false,"_bst_post_footer":false},"product_brand":[],"product_cat":[147,142,162,148,175],"product_tag":[],"product_brands":[],"class_list":{"0":"post-9998","1":"product","2":"type-product","3":"status-publish","4":"has-post-thumbnail","6":"product_cat-audio-hifi","7":"product_cat-electronique","8":"product_cat-enceinte-bluetooth","9":"product_cat-home-cinema","10":"product_cat-woofer","12":"first","13":"instock","14":"purchasable","15":"product-type-simple","16":"entry","17":"content-bg","18":"loop-entry"},"_links":{"self":[{"href":"https:\/\/anopri.com\/index.php?rest_route=\/wp\/v2\/product\/9998","targetHints":{"allow":["GET"]}}],"collection":[{"href":"https:\/\/anopri.com\/index.php?rest_route=\/wp\/v2\/product"}],"about":[{"href":"https:\/\/anopri.com\/index.php?rest_route=\/wp\/v2\/types\/product"}],"replies":[{"embeddable":true,"href":"https:\/\/anopri.com\/index.php?rest_route=%2Fwp%2Fv2%2Fcomments&post=9998"}],"wp:featuredmedia":[{"embeddable":true,"href":"https:\/\/anopri.com\/index.php?rest_route=\/wp\/v2\/media\/9997"}],"wp:attachment":[{"href":"https:\/\/anopri.com\/index.php?rest_route=%2Fwp%2Fv2%2Fmedia&parent=9998"}],"wp:term":[{"taxonomy":"product_brand","embeddable":true,"href":"https:\/\/anopri.com\/index.php?rest_route=%2Fwp%2Fv2%2Fproduct_brand&post=9998"},{"taxonomy":"product_cat","embeddable":true,"href":"https:\/\/anopri.com\/index.php?rest_route=%2Fwp%2Fv2%2Fproduct_cat&post=9998"},{"taxonomy":"product_tag","embeddable":true,"href":"https:\/\/anopri.com\/index.php?rest_route=%2Fwp%2Fv2%2Fproduct_tag&post=9998"},{"taxonomy":"product_brands","embeddable":true,"href":"https:\/\/anopri.com\/index.php?rest_route=%2Fwp%2Fv2%2Fproduct_brands&post=9998"}],"curies":[{"name":"wp","href":"https:\/\/api.w.org\/{rel}","templated":true}]}}