{"id":9996,"date":"2026-04-25T17:21:52","date_gmt":"2026-04-25T17:21:52","guid":{"rendered":"https:\/\/anopri.com\/?product=barre-de-son-hisense-hs218"},"modified":"2026-04-25T17:21:52","modified_gmt":"2026-04-25T17:21:52","slug":"barre-de-son-hisense-hs218","status":"publish","type":"product","link":"https:\/\/anopri.com\/?product=barre-de-son-hisense-hs218","title":{"rendered":"Barre de son HISENSE-HS218"},"content":{"rendered":"<p>Marque : Hisense<br \/>\ns\u00e9ries : HS218<br \/>\nType de haut-parleur : Barre de son<br \/>\nType de connecteurs : Bluetooth, USB, Auxiliaire, Coaxial<br \/>\nCaract\u00e9ristique sp\u00e9ciale : Bass Boost, Bluetooth<br \/>\nUsages recommand\u00e9s pour le produit : Pour t\u00e9l\u00e9viseurs, Pour smartphones ou tablettes<br \/>\nCompatibilit\u00e9 du p\u00e9riph\u00e9rique Cellphone<br \/>\nType de fixation Montage mural<\/p>\n<p>Cat\u00e9gorie G\u00e9n\u00e9ral<br \/>\nType de produit : Syst\u00e8me de barre audio &#8211; pour la t\u00e9l\u00e9vision &#8211; Canal 2.1<br \/>\nSource de contenu multim\u00e9dia<br \/>\nEmplacement USB<br \/>\nSyst\u00e8me de haut-parleurs<br \/>\nPuissance (Totale) Nominale de Sortie : 200 Watt<br \/>\nAmplificateur Int\u00e9gr\u00e9<br \/>\nInterfaces Bluetooth 4.2<br \/>\nNormes audio num\u00e9riques prises en charge<br \/>\nWAV (48k), WMA, MP3<br \/>\nType de haut-parleurs : Active<br \/>\nCapacit\u00e9 de canal retour audio (ARC) : Oui<br \/>\nD\u00e9tails au sujet du pilote<br \/>\nCaisson de basses: pilote de caisson de basses &#8211; 6.5&#8243;<br \/>\nDimensions et poids<br \/>\nDimensions (LxPxH)\/poids<br \/>\nBarre audio: 96 cm x 8.2 cm x 5.8 cm \/ 2 kg Caisson de basses: 17 cm x 31.3 cm x 34.2 cm \/ 5.5 kg\u00a0 \u00a0 \u00a0 \u00a0 \u00a0 \u00a0 \u00a0 \u00a0 \u00a0 \u00a0 \u00a0 \u00a0 \u00a0 \u00a0 \u00a0 \u00a0 \u00a0 \u00a0 \u00a0 \u00a0 \u00a0 \u00a0 \u00a0 \u00a0 \u00a0 \u00a0 \u00a0 \u00a0 \u00a0 \u00a0 \u00a0 \u00a0 \u00a0 \u00a0 \u00a0 \u00a0 \u00a0 \u00a0 \u00a0 \u00a0 \u00a0 \u00a0 \u00a0 \u00a0 \u00a0 \u00a0 \u00a0 \u00a0 \u00a0 \u00a0 \u00a0 \u00a0 \u00a0 \u00a0 \u00a0 \u00a0 \u00a0 \u00a0 \u00a0 \u00a0 \u00a0 \u00a0 \u00a0 \u00a0 \u00a0 \u00a0 \u00a0 \u00a0 \u00a0 \u00a0 \u00a0 \u00a0 \u00a0 \u00a0 \u00a0 \u00a0 \u00a0 \u00a0 \u00a0 \u00a0 \u00a0 \u00a0 \u00a0 \u00a0 \u00a0 \u00a0 \u00a0 \u00a0 \u00a0 \u00a0 \u00a0 \u00a0 \u00a0 \u00a0 \u00a0 \u00a0 \u00a0 \u00a0 \u00a0 \u00a0 \u00a0 \u00a0Garantie : 06 mois<\/p>\n","protected":false},"excerpt":{"rendered":"<p>Achetez facilement sur ANOPRI la BARRE DE SON HS218<\/p>\n<p>La barre de son HS218, d\u00e9livre une puissance audio maximale totale de 200 W. Accompagn\u00e9e de son caisson de basses sans fil, cette barre de son 2.1 ch dispose d\u2019une connectique compl\u00e8te : HDMI ARC, optique, coaxiale, jack et Bluetooth offrant une connexion en toute simplicit\u00e9 \u00e0 votre TV.<\/p>\n<p>Nombre de canaux : 2.1<br \/>\nPuissance totale maximale (en Watt) : 200<br \/>\nType de caisson de basse : Sans fil<br \/>\nNombre de haut-parleurs : 5<br \/>\nDolby Digital : Oui<\/p>\n<p>&nbsp;<\/p>\n","protected":false},"featured_media":7446,"comment_status":"closed","ping_status":"closed","template":"","meta":{"_bst_post_transparent":"","_bst_post_title":"","_bst_post_layout":"","_bst_post_sidebar_id":"","_bst_post_content_style":"","_bst_post_vertical_padding":"","_bst_post_feature":"","_bst_post_feature_position":"","_bst_post_header":false,"_bst_post_footer":false},"product_brand":[],"product_cat":[165,142],"product_tag":[],"product_brands":[],"class_list":{"0":"post-9996","1":"product","2":"type-product","3":"status-publish","4":"has-post-thumbnail","6":"product_cat-barre-de-son","7":"product_cat-electronique","9":"first","10":"instock","11":"purchasable","12":"product-type-simple","13":"entry","14":"content-bg","15":"loop-entry"},"_links":{"self":[{"href":"https:\/\/anopri.com\/index.php?rest_route=\/wp\/v2\/product\/9996","targetHints":{"allow":["GET"]}}],"collection":[{"href":"https:\/\/anopri.com\/index.php?rest_route=\/wp\/v2\/product"}],"about":[{"href":"https:\/\/anopri.com\/index.php?rest_route=\/wp\/v2\/types\/product"}],"replies":[{"embeddable":true,"href":"https:\/\/anopri.com\/index.php?rest_route=%2Fwp%2Fv2%2Fcomments&post=9996"}],"wp:featuredmedia":[{"embeddable":true,"href":"https:\/\/anopri.com\/index.php?rest_route=\/wp\/v2\/media\/7446"}],"wp:attachment":[{"href":"https:\/\/anopri.com\/index.php?rest_route=%2Fwp%2Fv2%2Fmedia&parent=9996"}],"wp:term":[{"taxonomy":"product_brand","embeddable":true,"href":"https:\/\/anopri.com\/index.php?rest_route=%2Fwp%2Fv2%2Fproduct_brand&post=9996"},{"taxonomy":"product_cat","embeddable":true,"href":"https:\/\/anopri.com\/index.php?rest_route=%2Fwp%2Fv2%2Fproduct_cat&post=9996"},{"taxonomy":"product_tag","embeddable":true,"href":"https:\/\/anopri.com\/index.php?rest_route=%2Fwp%2Fv2%2Fproduct_tag&post=9996"},{"taxonomy":"product_brands","embeddable":true,"href":"https:\/\/anopri.com\/index.php?rest_route=%2Fwp%2Fv2%2Fproduct_brands&post=9996"}],"curies":[{"name":"wp","href":"https:\/\/api.w.org\/{rel}","templated":true}]}}