{"id":9989,"date":"2026-04-25T17:21:50","date_gmt":"2026-04-25T17:21:50","guid":{"rendered":"https:\/\/anopri.com\/?product=classeur-toilette-en-acier-inoxydable-tw-102"},"modified":"2026-04-25T17:21:50","modified_gmt":"2026-04-25T17:21:50","slug":"classeur-toilette-en-acier-inoxydable-tw-102","status":"publish","type":"product","link":"https:\/\/anopri.com\/?product=classeur-toilette-en-acier-inoxydable-tw-102","title":{"rendered":"CLASSEUR TOILETTE en acier inoxydable Tw &#8211; 102"},"content":{"rendered":"","protected":false},"excerpt":{"rendered":"<p>Rangez vos produits importants au niveau des yeux avec cet organisateur de support de toilette et \u00e9conomiseur d&#8217;espace. Ce rangement de salle de bain contemporain utilise des \u00e9tag\u00e8res ouvertes pour que vous puissiez v\u00e9rifier vos fournitures d&#8217;un seul coup d&#8217;\u0153il.<\/p>\n<p>Fournissez tous les accessoires d&#8217;installation avec des instructions de montage d\u00e9taill\u00e9es et faciles.<\/p>\n","protected":false},"featured_media":9987,"comment_status":"closed","ping_status":"closed","template":"","meta":{"_bst_post_transparent":"","_bst_post_title":"","_bst_post_layout":"","_bst_post_sidebar_id":"","_bst_post_content_style":"","_bst_post_vertical_padding":"","_bst_post_feature":"","_bst_post_feature_position":"","_bst_post_header":false,"_bst_post_footer":false},"product_brand":[],"product_cat":[169],"product_tag":[],"product_brands":[],"class_list":{"0":"post-9989","1":"product","2":"type-product","3":"status-publish","4":"has-post-thumbnail","6":"product_cat-ustensiles-gadgets-maison-et-bureau","8":"first","9":"instock","10":"purchasable","11":"product-type-simple","12":"entry","13":"content-bg","14":"loop-entry"},"_links":{"self":[{"href":"https:\/\/anopri.com\/index.php?rest_route=\/wp\/v2\/product\/9989","targetHints":{"allow":["GET"]}}],"collection":[{"href":"https:\/\/anopri.com\/index.php?rest_route=\/wp\/v2\/product"}],"about":[{"href":"https:\/\/anopri.com\/index.php?rest_route=\/wp\/v2\/types\/product"}],"replies":[{"embeddable":true,"href":"https:\/\/anopri.com\/index.php?rest_route=%2Fwp%2Fv2%2Fcomments&post=9989"}],"wp:featuredmedia":[{"embeddable":true,"href":"https:\/\/anopri.com\/index.php?rest_route=\/wp\/v2\/media\/9987"}],"wp:attachment":[{"href":"https:\/\/anopri.com\/index.php?rest_route=%2Fwp%2Fv2%2Fmedia&parent=9989"}],"wp:term":[{"taxonomy":"product_brand","embeddable":true,"href":"https:\/\/anopri.com\/index.php?rest_route=%2Fwp%2Fv2%2Fproduct_brand&post=9989"},{"taxonomy":"product_cat","embeddable":true,"href":"https:\/\/anopri.com\/index.php?rest_route=%2Fwp%2Fv2%2Fproduct_cat&post=9989"},{"taxonomy":"product_tag","embeddable":true,"href":"https:\/\/anopri.com\/index.php?rest_route=%2Fwp%2Fv2%2Fproduct_tag&post=9989"},{"taxonomy":"product_brands","embeddable":true,"href":"https:\/\/anopri.com\/index.php?rest_route=%2Fwp%2Fv2%2Fproduct_brands&post=9989"}],"curies":[{"name":"wp","href":"https:\/\/api.w.org\/{rel}","templated":true}]}}