{"id":9986,"date":"2026-04-25T17:21:50","date_gmt":"2026-04-25T17:21:50","guid":{"rendered":"https:\/\/anopri.com\/?product=samsung-galaxy-s10-128go-6go-ram-6-1%e2%80%b3-3400mah"},"modified":"2026-04-25T17:21:50","modified_gmt":"2026-04-25T17:21:50","slug":"samsung-galaxy-s10-128go-6go-ram-6-1%e2%80%b3-3400mah","status":"publish","type":"product","link":"https:\/\/anopri.com\/?product=samsung-galaxy-s10-128go-6go-ram-6-1%e2%80%b3-3400mah","title":{"rendered":"SAMSUNG GALAXY S10 \u2013 128Go\/6Go RAM \u2013 6.1\u2033 \u2013 3400mAh"},"content":{"rendered":"<p>SAMSUNG frappe fort dans les esprits de ses utilisateurs avec son nouveau smartphone SAMSUNG GALAXY S10. Il vous est pr\u00e9sent\u00e9 sous une vari\u00e9t\u00e9 de mod\u00e8les avec des caract\u00e9ristiques et des sp\u00e9cificit\u00e9s diff\u00e9rentes pour vous donner ainsi la possibilit\u00e9 de choisir celui qui vous convient le mieux. Le SAMSUNG GALAXY S10 tout comme son pr\u00e9d\u00e9cesseur se pr\u00e9sente sous un syst\u00e8me d\u2019exploitation Android 9, muni d\u2019un \u00e9cran OLED d\u2019une taille de 6,1pouces avec une d\u00e9finition de 3040\u00d71440 pixels, une m\u00e9moire interne variable dont celui que nous vous proposons qui est de 128 Go et 6Go de RAM, un triple appareil photo de 12MPX 12MPX 16MPX\/10MPX, un BIXBY ROUTINES vous permettant d\u2019effectuer facilement certaines de vos taches de fa\u00e7on automatique et dot\u00e9 d\u2019une batterie de 3400mAh.<\/p>\n","protected":false},"excerpt":{"rendered":"<h2>CARACTERISTIQUES<\/h2>\n<h3><strong>R\u00e9seaux<\/strong><\/h3>\n<ul>\n<li>Bandes GSM\u00a0: 850 MHz, 900 MHz, 1800 MHz, 1900 MHz Mhz<\/li>\n<li>D\u00e9bit max. en r\u00e9ception 3G\u00a0: 42 Mbit\/s<\/li>\n<li>Compatible r\u00e9seau 4G (LTE)\u00a0: Oui<\/li>\n<\/ul>\n<h3><strong>\u00c9cran<\/strong><\/h3>\n<ul>\n<li>Taille (diagonale) : 6.1 pouces<\/li>\n<li>Technologie de l&#8217;\u00e9cran\u00a0: Dynamic AMOLED<\/li>\n<li>D\u00e9finition de l&#8217;\u00e9cran\u00a0: 2280 x 1080 px<\/li>\n<li>R\u00e9solution de l&#8217;\u00e9cran\u00a0: 435 ppp<\/li>\n<\/ul>\n<h3><strong>Plateforme<\/strong><\/h3>\n<ul>\n<li>Syst\u00e8me\u00a0: Android 9<\/li>\n<li>Interface utilisateur\u00a0: One UI<\/li>\n<li>Processeur\u00a0: Samsung Exynos 9820<\/li>\n<li>Nombre de c\u0153urs\u00a0: 8<\/li>\n<li>Fr\u00e9quence processeur\u00a0: 2.7 GHz<\/li>\n<li>Puce graphique\u00a0: ARM Mali G76 MP12<\/li>\n<\/ul>\n<h3><strong>Stockage<\/strong><\/h3>\n<ul>\n<li>Support cartes m\u00e9moire\u00a0: Oui<\/li>\n<li>Type de cartes support\u00e9es\u00a0: microSD, microSDHC, microSDXC<\/li>\n<li>M\u00e9moire vive (RAM)\u00a0: 6 Go<\/li>\n<li>Capacit\u00e9\u00a0: 128 Go<\/li>\n<\/ul>\n<h3><strong>Cam\u00e9ra<\/strong><\/h3>\n<ul>\n<li>Capteur photo principal\u00a0 : 12 Mpx<\/li>\n<li>Deuxi\u00e8me capteur photo\u00a0: 16 Mpx<\/li>\n<li>Flash\u00a0: Oui<\/li>\n<li>Enregistrement vid\u00e9o (principal)\u00a0: 3840 x 2160 px<\/li>\n<li>Capteur en fa\u00e7ade\u00a0: Oui<\/li>\n<li>D\u00e9finition vid\u00e9o du capteur en fa\u00e7ade\u00a0: 3840 x 2160 px<\/li>\n<li>Capteur photo frontal 1\u00a0: 10 Mpx<\/li>\n<\/ul>\n<h3><strong>Audio<\/strong><\/h3>\n<ul>\n<li>Haut-parleurs int\u00e9gr\u00e9s\u00a0: Oui<\/li>\n<li>Microphone\u00a0: Oui<\/li>\n<\/ul>\n<h3><strong>Connectivit\u00e9<\/strong><\/h3>\n<ul>\n<li>Support du Wi-Fi\u00a0: Oui<\/li>\n<li>Norme Wi-Fi\u00a0: Wi-Fi 802.11ac, Wi-Fi 802.11g, Wi-Fi 802.11n, Wi-Fi 802.11ax<\/li>\n<li>Support du Bluetooth\u00a0: Oui<\/li>\n<li>Version Bluetooth\u00a0: Bluetooth 5.0<\/li>\n<li>Support du NFC\u00a0: Oui<\/li>\n<li>Support de l&#8217;infra-rouge (IrDA)\u00a0: Non<\/li>\n<li>Type de connecteur USB\u00a0: USB Type-C<\/li>\n<li>Compatibilit\u00e9 USB Host\u00a0: Oui<\/li>\n<li>Prise jack\u00a0: Oui<\/li>\n<\/ul>\n<h3><strong>Autres option<\/strong><\/h3>\n<ul>\n<li>Largeur\u00a0: 6.99 cm<\/li>\n<li>Hauteur\u00a0: 14.22 cm<\/li>\n<li>Epaisseur\u00a0: 0.79 cm<\/li>\n<li>Volume (cm3)\u00a0: 78.52 cm3<\/li>\n<li>Poids\u00a0: 150 g<\/li>\n<\/ul>\n<h3><strong>Alimentation<\/strong><\/h3>\n<ul>\n<li>Batterie amovible\u00a0: Non<\/li>\n<li>Capacit\u00e9 de la batterie\u00a0: 3100 mAh<\/li>\n<li>Recharge sans-fil\u00a0: Oui<\/li>\n<\/ul>\n","protected":false},"featured_media":9983,"comment_status":"closed","ping_status":"closed","template":"","meta":{"_bst_post_transparent":"","_bst_post_title":"","_bst_post_layout":"","_bst_post_sidebar_id":"","_bst_post_content_style":"","_bst_post_vertical_padding":"","_bst_post_feature":"","_bst_post_feature_position":"","_bst_post_header":false,"_bst_post_footer":false},"product_brand":[],"product_cat":[152],"product_tag":[],"product_brands":[],"class_list":{"0":"post-9986","1":"product","2":"type-product","3":"status-publish","4":"has-post-thumbnail","6":"product_cat-telephones-accessoires","8":"first","9":"instock","10":"purchasable","11":"product-type-simple","12":"entry","13":"content-bg","14":"loop-entry"},"_links":{"self":[{"href":"https:\/\/anopri.com\/index.php?rest_route=\/wp\/v2\/product\/9986","targetHints":{"allow":["GET"]}}],"collection":[{"href":"https:\/\/anopri.com\/index.php?rest_route=\/wp\/v2\/product"}],"about":[{"href":"https:\/\/anopri.com\/index.php?rest_route=\/wp\/v2\/types\/product"}],"replies":[{"embeddable":true,"href":"https:\/\/anopri.com\/index.php?rest_route=%2Fwp%2Fv2%2Fcomments&post=9986"}],"wp:featuredmedia":[{"embeddable":true,"href":"https:\/\/anopri.com\/index.php?rest_route=\/wp\/v2\/media\/9983"}],"wp:attachment":[{"href":"https:\/\/anopri.com\/index.php?rest_route=%2Fwp%2Fv2%2Fmedia&parent=9986"}],"wp:term":[{"taxonomy":"product_brand","embeddable":true,"href":"https:\/\/anopri.com\/index.php?rest_route=%2Fwp%2Fv2%2Fproduct_brand&post=9986"},{"taxonomy":"product_cat","embeddable":true,"href":"https:\/\/anopri.com\/index.php?rest_route=%2Fwp%2Fv2%2Fproduct_cat&post=9986"},{"taxonomy":"product_tag","embeddable":true,"href":"https:\/\/anopri.com\/index.php?rest_route=%2Fwp%2Fv2%2Fproduct_tag&post=9986"},{"taxonomy":"product_brands","embeddable":true,"href":"https:\/\/anopri.com\/index.php?rest_route=%2Fwp%2Fv2%2Fproduct_brands&post=9986"}],"curies":[{"name":"wp","href":"https:\/\/api.w.org\/{rel}","templated":true}]}}