{"id":9982,"date":"2026-04-25T17:21:49","date_gmt":"2026-04-25T17:21:49","guid":{"rendered":"https:\/\/anopri.com\/?product=samsung-galaxy-s8-64g-4go-ram-16mp-8mp"},"modified":"2026-04-25T17:21:49","modified_gmt":"2026-04-25T17:21:49","slug":"samsung-galaxy-s8-64g-4go-ram-16mp-8mp","status":"publish","type":"product","link":"https:\/\/anopri.com\/?product=samsung-galaxy-s8-64g-4go-ram-16mp-8mp","title":{"rendered":"SAMSUNG GALAXY S8 &#8211; 64G\/4Go RAM-16MP\/8MP"},"content":{"rendered":"<div class=\"short-description\">\n<ul>\n<li><strong>Type de produit<\/strong>: Smartphone<\/li>\n<li><strong>Marque:<\/strong>\u00a0Samsung Galaxy<\/li>\n<li><strong>Mod\u00e8le<\/strong>: S8<\/li>\n<li><strong>Cat\u00e9gorie<\/strong>: Smartphones<\/li>\n<li><strong>Affichage<\/strong>: 5.8&#8243;, 1440 x 2960 pixels<\/li>\n<li><strong>M\u00e9moire<\/strong>: 64 Go HDD, 4 Go RAM<\/li>\n<li><strong>Appareil photo<\/strong>: 12MP arri\u00e8re, 8 MP avant<\/li>\n<li><strong>Syst\u00e8me d&#8217;exploitation<\/strong>: Android ,\u00a07.0 (Nougat)<\/li>\n<li><strong>Processeur<\/strong>: Octa-core (Kryo 4&#215;2,35 GHz et Kryo 4&#215;1,9 GHz)<\/li>\n<li><strong>Protection<\/strong>: Anti-poussi\u00e8re, anti-\u00e9claboussement, \u00e9tanche<\/li>\n<li><strong>Dimensions\u00a0<\/strong>: 15.9 x 7.2 x 0.7 cm<\/li>\n<li><strong>Poids<\/strong>: 0.15 Kg<\/li>\n<li><strong>Batterie<\/strong>:\u00a0Li-Ion 3000 mAh non amovible<\/li>\n<li><strong>Couleur<\/strong>: Blanc<\/li>\n<li><strong>Garantie<\/strong>: 3Mois<\/li>\n<\/ul>\n<\/div>\n","protected":false},"excerpt":{"rendered":"<p>Le design du\u00a0<strong>Samsung Galaxy S8<\/strong>\u00a0est l&#8217;une des caract\u00e9ristiques les plus importantes du t\u00e9l\u00e9phone, car il est caract\u00e9ris\u00e9 par\u00a0<strong>l&#8217;\u00e9cran tordu<\/strong>, et le design ne diff\u00e9rait pas beaucoup de la version pr\u00e9c\u00e9dente du t\u00e9l\u00e9phone, car il est\u00a0<strong>moins \u00e9pais\u00a0<\/strong>et la cl\u00e9 principale, l<strong>es touches de retour et de t\u00e2che ont \u00e9t\u00e9 annul\u00e9es.<\/strong>\u00a0Le visage du t\u00e9l\u00e9phone a un\u00a0<strong>\u00e9cran Full HD de 5,8 pouces<\/strong>, au-dessus duquel se trouve le casque, et \u00e0 c\u00f4t\u00e9, \u00e0 droite, une cam\u00e9ra frontale de 8 m\u00e9gapixels, un<strong>\u00a0lecteur d&#8217;empreintes oculaires<\/strong>\u00a0et\u00a0<strong>une lampe de notification LED.<\/strong><\/p>\n","protected":false},"featured_media":9979,"comment_status":"closed","ping_status":"closed","template":"","meta":{"_bst_post_transparent":"","_bst_post_title":"","_bst_post_layout":"","_bst_post_sidebar_id":"","_bst_post_content_style":"","_bst_post_vertical_padding":"","_bst_post_feature":"","_bst_post_feature_position":"","_bst_post_header":false,"_bst_post_footer":false},"product_brand":[],"product_cat":[152],"product_tag":[],"product_brands":[],"class_list":{"0":"post-9982","1":"product","2":"type-product","3":"status-publish","4":"has-post-thumbnail","6":"product_cat-telephones-accessoires","8":"first","9":"instock","10":"purchasable","11":"product-type-simple","12":"entry","13":"content-bg","14":"loop-entry"},"_links":{"self":[{"href":"https:\/\/anopri.com\/index.php?rest_route=\/wp\/v2\/product\/9982","targetHints":{"allow":["GET"]}}],"collection":[{"href":"https:\/\/anopri.com\/index.php?rest_route=\/wp\/v2\/product"}],"about":[{"href":"https:\/\/anopri.com\/index.php?rest_route=\/wp\/v2\/types\/product"}],"replies":[{"embeddable":true,"href":"https:\/\/anopri.com\/index.php?rest_route=%2Fwp%2Fv2%2Fcomments&post=9982"}],"wp:featuredmedia":[{"embeddable":true,"href":"https:\/\/anopri.com\/index.php?rest_route=\/wp\/v2\/media\/9979"}],"wp:attachment":[{"href":"https:\/\/anopri.com\/index.php?rest_route=%2Fwp%2Fv2%2Fmedia&parent=9982"}],"wp:term":[{"taxonomy":"product_brand","embeddable":true,"href":"https:\/\/anopri.com\/index.php?rest_route=%2Fwp%2Fv2%2Fproduct_brand&post=9982"},{"taxonomy":"product_cat","embeddable":true,"href":"https:\/\/anopri.com\/index.php?rest_route=%2Fwp%2Fv2%2Fproduct_cat&post=9982"},{"taxonomy":"product_tag","embeddable":true,"href":"https:\/\/anopri.com\/index.php?rest_route=%2Fwp%2Fv2%2Fproduct_tag&post=9982"},{"taxonomy":"product_brands","embeddable":true,"href":"https:\/\/anopri.com\/index.php?rest_route=%2Fwp%2Fv2%2Fproduct_brands&post=9982"}],"curies":[{"name":"wp","href":"https:\/\/api.w.org\/{rel}","templated":true}]}}