{"id":9967,"date":"2026-04-25T17:21:46","date_gmt":"2026-04-25T17:21:46","guid":{"rendered":"https:\/\/anopri.com\/?product=royalty-line-soupe-casserole-marbree-rl-bs30ml"},"modified":"2026-04-25T17:21:46","modified_gmt":"2026-04-25T17:21:46","slug":"royalty-line-soupe-casserole-marbree-rl-bs30ml","status":"publish","type":"product","link":"https:\/\/anopri.com\/?product=royalty-line-soupe-casserole-marbree-rl-bs30ml","title":{"rendered":"Royalty Line &#8211; Soupe \/ casserole marbr\u00e9e &#8211; RL-BS30ML"},"content":{"rendered":"<p>La cocotte en marbre Royalty Line de 30 CM a une capacit\u00e9 de 4,7 litres. Pour ceux qui souhaitent avoir une casserole plus grande, c&#8217;est l&#8217;un des meilleurs mod\u00e8les. La cocotte est tr\u00e8s appropri\u00e9e pour les rago\u00fbts plus grands pour toute la famille ou pour les plats avec de gros morceaux \/ cuisses de viande. De plus, cette casserole peut \u00e9galement \u00eatre utilis\u00e9e pour faire frire des croustillons ou comme friteuse.<\/p>\n","protected":false},"excerpt":{"rendered":"<p>La cocotte en marbre Royalty Line de 30 CM a une capacit\u00e9 de 4,7 litres. Pour ceux qui souhaitent avoir une casserole plus grande, c&#8217;est l&#8217;un des meilleurs mod\u00e8les. La cocotte est tr\u00e8s appropri\u00e9e pour les rago\u00fbts plus grands pour toute la famille ou pour les plats avec de gros morceaux \/ cuisses de viande. De plus, cette casserole peut \u00e9galement \u00eatre utilis\u00e9e pour faire frire des croustillons ou comme friteuse.<\/p>\n","protected":false},"featured_media":7376,"comment_status":"closed","ping_status":"closed","template":"","meta":{"_bst_post_transparent":"","_bst_post_title":"","_bst_post_layout":"","_bst_post_sidebar_id":"","_bst_post_content_style":"","_bst_post_vertical_padding":"","_bst_post_feature":"","_bst_post_feature_position":"","_bst_post_header":false,"_bst_post_footer":false},"product_brand":[],"product_cat":[145],"product_tag":[],"product_brands":[],"class_list":{"0":"post-9967","1":"product","2":"type-product","3":"status-publish","4":"has-post-thumbnail","6":"product_cat-electromenager","8":"first","9":"instock","10":"purchasable","11":"product-type-simple","12":"entry","13":"content-bg","14":"loop-entry"},"_links":{"self":[{"href":"https:\/\/anopri.com\/index.php?rest_route=\/wp\/v2\/product\/9967","targetHints":{"allow":["GET"]}}],"collection":[{"href":"https:\/\/anopri.com\/index.php?rest_route=\/wp\/v2\/product"}],"about":[{"href":"https:\/\/anopri.com\/index.php?rest_route=\/wp\/v2\/types\/product"}],"replies":[{"embeddable":true,"href":"https:\/\/anopri.com\/index.php?rest_route=%2Fwp%2Fv2%2Fcomments&post=9967"}],"wp:featuredmedia":[{"embeddable":true,"href":"https:\/\/anopri.com\/index.php?rest_route=\/wp\/v2\/media\/7376"}],"wp:attachment":[{"href":"https:\/\/anopri.com\/index.php?rest_route=%2Fwp%2Fv2%2Fmedia&parent=9967"}],"wp:term":[{"taxonomy":"product_brand","embeddable":true,"href":"https:\/\/anopri.com\/index.php?rest_route=%2Fwp%2Fv2%2Fproduct_brand&post=9967"},{"taxonomy":"product_cat","embeddable":true,"href":"https:\/\/anopri.com\/index.php?rest_route=%2Fwp%2Fv2%2Fproduct_cat&post=9967"},{"taxonomy":"product_tag","embeddable":true,"href":"https:\/\/anopri.com\/index.php?rest_route=%2Fwp%2Fv2%2Fproduct_tag&post=9967"},{"taxonomy":"product_brands","embeddable":true,"href":"https:\/\/anopri.com\/index.php?rest_route=%2Fwp%2Fv2%2Fproduct_brands&post=9967"}],"curies":[{"name":"wp","href":"https:\/\/api.w.org\/{rel}","templated":true}]}}