{"id":9962,"date":"2026-04-25T17:21:45","date_gmt":"2026-04-25T17:21:45","guid":{"rendered":"https:\/\/anopri.com\/?product=royalty-line-rl-kss804-set-de-couteaux-8-pieces"},"modified":"2026-04-25T17:21:45","modified_gmt":"2026-04-25T17:21:45","slug":"royalty-line-rl-kss804-set-de-couteaux-8-pieces","status":"publish","type":"product","link":"https:\/\/anopri.com\/?product=royalty-line-rl-kss804-set-de-couteaux-8-pieces","title":{"rendered":"Royalty Line RL-KSS804, Set de couteaux 8 pi\u00e8ces"},"content":{"rendered":"","protected":false},"excerpt":{"rendered":"<p>Tous les couteaux Royalty Line, avec des mat\u00e9riaux diff\u00e9rents, peuvent \u00eatre lav\u00e9s dans un lave-vaisselle. Royalty Line<\/p>\n<p>vous recommande toutefois de laver les couteaux \u00e0 la main pour prolonger sa dur\u00e9e de vie. Les produits chimiques pour<\/p>\n<p>lave-vaisselle peuvent endomager la lame et le manche de votre couteau.<\/p>\n<p>Laver votre couteau \u00e0 la main avec de l&#8217;eau chaude, du liquide vaisselle et un chiffon doux. S\u00e9cher votre couteau apr\u00e8s<\/p>\n<p>chaque nettoyage. En utilisant votre couteau comme un ouvre-bo\u00eete ou un tournevis peut endommager son tranchant.<\/p>\n<p>S&#8217;il vous pla\u00eet ne pas utiliser votre couteau sur des surfaces dures comme le verre, le m\u00e9tal ou la porcelaine. Ces surfaces<\/p>\n<p>ternira votre couteau. Royalty Line vous recommande d&#8217;utiliser des planches \u00e0 d\u00e9couper en bois et en plastique.<\/p>\n<p>Au fil du temps tout couteau perd sa nettet\u00e9 avec une utilisation r\u00e9guli\u00e8re. S&#8217;il vous pla\u00eet utiliser Royalty Line Sharpener<\/p>\n<p>pour aiguiser votre couteau pour des r\u00e9sultats optimaux.<\/p>\n","protected":false},"featured_media":7370,"comment_status":"closed","ping_status":"closed","template":"","meta":{"_bst_post_transparent":"","_bst_post_title":"","_bst_post_layout":"","_bst_post_sidebar_id":"","_bst_post_content_style":"","_bst_post_vertical_padding":"","_bst_post_feature":"","_bst_post_feature_position":"","_bst_post_header":false,"_bst_post_footer":false},"product_brand":[],"product_cat":[145],"product_tag":[],"product_brands":[],"class_list":{"0":"post-9962","1":"product","2":"type-product","3":"status-publish","4":"has-post-thumbnail","6":"product_cat-electromenager","8":"first","9":"instock","10":"purchasable","11":"product-type-simple","12":"entry","13":"content-bg","14":"loop-entry"},"_links":{"self":[{"href":"https:\/\/anopri.com\/index.php?rest_route=\/wp\/v2\/product\/9962","targetHints":{"allow":["GET"]}}],"collection":[{"href":"https:\/\/anopri.com\/index.php?rest_route=\/wp\/v2\/product"}],"about":[{"href":"https:\/\/anopri.com\/index.php?rest_route=\/wp\/v2\/types\/product"}],"replies":[{"embeddable":true,"href":"https:\/\/anopri.com\/index.php?rest_route=%2Fwp%2Fv2%2Fcomments&post=9962"}],"wp:featuredmedia":[{"embeddable":true,"href":"https:\/\/anopri.com\/index.php?rest_route=\/wp\/v2\/media\/7370"}],"wp:attachment":[{"href":"https:\/\/anopri.com\/index.php?rest_route=%2Fwp%2Fv2%2Fmedia&parent=9962"}],"wp:term":[{"taxonomy":"product_brand","embeddable":true,"href":"https:\/\/anopri.com\/index.php?rest_route=%2Fwp%2Fv2%2Fproduct_brand&post=9962"},{"taxonomy":"product_cat","embeddable":true,"href":"https:\/\/anopri.com\/index.php?rest_route=%2Fwp%2Fv2%2Fproduct_cat&post=9962"},{"taxonomy":"product_tag","embeddable":true,"href":"https:\/\/anopri.com\/index.php?rest_route=%2Fwp%2Fv2%2Fproduct_tag&post=9962"},{"taxonomy":"product_brands","embeddable":true,"href":"https:\/\/anopri.com\/index.php?rest_route=%2Fwp%2Fv2%2Fproduct_brands&post=9962"}],"curies":[{"name":"wp","href":"https:\/\/api.w.org\/{rel}","templated":true}]}}