{"id":9902,"date":"2026-04-25T16:53:14","date_gmt":"2026-04-25T16:53:14","guid":{"rendered":"https:\/\/anopri.com\/?post_type=product&#038;p=9902"},"modified":"2026-04-25T17:08:47","modified_gmt":"2026-04-25T17:08:47","slug":"decodeur-redline-s3000-hecv","status":"publish","type":"product","link":"https:\/\/anopri.com\/?product=decodeur-redline-s3000-hecv","title":{"rendered":"D\u00e9codeur Redline S3000 HECV"},"content":{"rendered":"<table class=\"has-title all magic-12\" data-spm-anchor-id=\"a2700.details.0.i3.415b30bbW1sKaY\">\n<tbody>\n<tr>\n<td colspan=\"1\" rowspan=\"1\">\n<div class=\"magic-13\"><span style=\"vertical-align: inherit;\"><span style=\"vertical-align: inherit;\">Indiquer<\/span><\/span><\/div>\n<\/td>\n<td colspan=\"1\" rowspan=\"1\">\n<div class=\"magic-14\"><span style=\"vertical-align: inherit;\"><span style=\"vertical-align: inherit;\">R\u00e9cepteur satellite Redline S3000 H265<\/span><\/span><\/div>\n<\/td>\n<\/tr>\n<tr>\n<td colspan=\"1\" rowspan=\"1\">\n<div class=\"magic-13\"><span style=\"vertical-align: inherit;\"><span style=\"vertical-align: inherit;\">Moule priv\u00e9<\/span><\/span><\/div>\n<\/td>\n<td colspan=\"1\" rowspan=\"1\">\n<div class=\"magic-14\"><span style=\"vertical-align: inherit;\"><span style=\"vertical-align: inherit;\">Aucun<\/span><\/span><\/div>\n<\/td>\n<\/tr>\n<tr>\n<td colspan=\"1\" rowspan=\"1\">\n<div class=\"magic-13\"><span style=\"vertical-align: inherit;\"><span style=\"vertical-align: inherit;\">Lieu D&#8217;origine<\/span><\/span><\/div>\n<\/td>\n<td colspan=\"1\" rowspan=\"1\">\n<div class=\"magic-14\"><span style=\"vertical-align: inherit;\"><span style=\"vertical-align: inherit;\">La turque<\/span><\/span><\/div>\n<\/td>\n<\/tr>\n<tr>\n<td colspan=\"1\" rowspan=\"1\"><\/td>\n<td colspan=\"1\" rowspan=\"1\"><\/td>\n<\/tr>\n<tr>\n<td colspan=\"1\" rowspan=\"1\">\n<div class=\"magic-13\"><span style=\"vertical-align: inherit;\"><span style=\"vertical-align: inherit;\">Marque Nom<\/span><\/span><\/div>\n<\/td>\n<td colspan=\"1\" rowspan=\"1\">\n<div class=\"magic-14\"><span style=\"vertical-align: inherit;\"><span style=\"vertical-align: inherit;\">Ligne rouge<\/span><\/span><\/div>\n<\/td>\n<\/tr>\n<tr>\n<td colspan=\"1\" rowspan=\"1\">\n<div class=\"magic-13\"><span style=\"vertical-align: inherit;\"><span style=\"vertical-align: inherit;\">Num\u00e9ro de mod\u00e8le<\/span><\/span><\/div>\n<\/td>\n<td colspan=\"1\" rowspan=\"1\">\n<div class=\"magic-14\"><span style=\"vertical-align: inherit;\"><span style=\"vertical-align: inherit;\">S3000HD<\/span><\/span><\/div>\n<\/td>\n<\/tr>\n<tr>\n<td colspan=\"1\" rowspan=\"1\">\n<div class=\"magic-13\"><span style=\"vertical-align: inherit;\"><span style=\"vertical-align: inherit;\">ALE (libre \u00e0 l&#8217;air)<\/span><\/span><\/div>\n<\/td>\n<td colspan=\"1\" rowspan=\"1\">\n<div class=\"magic-14\" data-spm-anchor-id=\"a2700.details.0.i4.415b30bbW1sKaY\"><span style=\"vertical-align: inherit;\"><span style=\"vertical-align: inherit;\">Oui<\/span><\/span><\/div>\n<\/td>\n<\/tr>\n<tr>\n<td colspan=\"1\" rowspan=\"1\">\n<div class=\"magic-13\"><span style=\"vertical-align: inherit;\"><span style=\"vertical-align: inherit;\">Taper<\/span><\/span><\/div>\n<\/td>\n<td colspan=\"1\" rowspan=\"1\">\n<div class=\"magic-14\"><span style=\"vertical-align: inherit;\"><span style=\"vertical-align: inherit;\">Num\u00e9rique<\/span><\/span><\/div>\n<\/td>\n<\/tr>\n<tr>\n<td colspan=\"1\" rowspan=\"1\">\n<div class=\"magic-13\"><span style=\"vertical-align: inherit;\"><span style=\"vertical-align: inherit;\">Haute D\u00e9finition<\/span><\/span><\/div>\n<\/td>\n<td colspan=\"1\" rowspan=\"1\">\n<div class=\"magic-14\"><span style=\"vertical-align: inherit;\"><span style=\"vertical-align: inherit;\">Oui<\/span><\/span><\/div>\n<\/td>\n<\/tr>\n<tr>\n<td colspan=\"1\" rowspan=\"1\">\n<div class=\"magic-13\"><span style=\"vertical-align: inherit;\"><span style=\"vertical-align: inherit;\">Nom du produit<\/span><\/span><\/div>\n<\/td>\n<td colspan=\"1\" rowspan=\"1\">\n<div class=\"magic-14\"><span style=\"vertical-align: inherit;\"><span style=\"vertical-align: inherit;\">R\u00e9cepteur de t\u00e9l\u00e9vision par Satellite DVB-S<\/span><\/span><\/div>\n<\/td>\n<\/tr>\n<tr>\n<td colspan=\"1\" rowspan=\"1\">\n<div class=\"magic-13\"><span style=\"vertical-align: inherit;\"><span style=\"vertical-align: inherit;\">Caract\u00e9ristique<\/span><\/span><\/div>\n<\/td>\n<td colspan=\"1\" rowspan=\"1\">\n<div class=\"magic-14\"><span style=\"vertical-align: inherit;\"><span style=\"vertical-align: inherit;\">H.265<\/span><\/span><\/div>\n<\/td>\n<\/tr>\n<tr>\n<td colspan=\"1\" rowspan=\"1\">\n<div class=\"magic-13\"><span style=\"vertical-align: inherit;\"><span style=\"vertical-align: inherit;\">Jeu de puces<\/span><\/span><\/div>\n<\/td>\n<td colspan=\"1\" rowspan=\"1\">\n<div class=\"magic-14\"><span style=\"vertical-align: inherit;\"><span style=\"vertical-align: inherit;\">GX6605<\/span><\/span><\/div>\n<\/td>\n<\/tr>\n<tr>\n<td colspan=\"1\" rowspan=\"1\">\n<div class=\"magic-13\"><span style=\"vertical-align: inherit;\"><span style=\"vertical-align: inherit;\">Fonction<\/span><\/span><\/div>\n<\/td>\n<td colspan=\"1\" rowspan=\"1\">\n<div class=\"magic-14\"><span style=\"vertical-align: inherit;\"><span style=\"vertical-align: inherit;\">Youtube Iptv Cccam<\/span><\/span><\/div>\n<\/td>\n<\/tr>\n<\/tbody>\n<\/table>\n","protected":false},"excerpt":{"rendered":"<p><b><span style=\"vertical-align: inherit;\"><span style=\"vertical-align: inherit;\">REDLINE S3000 HEVC r\u00e9cepteur satellite HD PLUS est l&#8217;outil id\u00e9al avec la meilleure qualit\u00e9 d&#8217;image <\/span><\/span><\/b><br \/>\n<b><span style=\"vertical-align: inherit;\"><span style=\"vertical-align: inherit;\">Tr\u00e8s compact mais pleins de fonctionnalit\u00e9s<\/span><\/span><\/b><\/p>\n","protected":false},"featured_media":7307,"comment_status":"closed","ping_status":"closed","template":"","meta":{"_bst_post_transparent":"","_bst_post_title":"","_bst_post_layout":"","_bst_post_sidebar_id":"","_bst_post_content_style":"","_bst_post_vertical_padding":"","_bst_post_feature":"","_bst_post_feature_position":"","_bst_post_header":false,"_bst_post_footer":false},"product_brand":[],"product_cat":[142,192,169],"product_tag":[],"product_brands":[],"class_list":{"0":"post-9902","1":"product","2":"type-product","3":"status-publish","4":"has-post-thumbnail","6":"product_cat-electronique","7":"product_cat-supports-tv","8":"product_cat-ustensiles-gadgets-maison-et-bureau","10":"first","11":"instock","12":"purchasable","13":"product-type-simple","14":"entry","15":"content-bg","16":"loop-entry"},"_links":{"self":[{"href":"https:\/\/anopri.com\/index.php?rest_route=\/wp\/v2\/product\/9902","targetHints":{"allow":["GET"]}}],"collection":[{"href":"https:\/\/anopri.com\/index.php?rest_route=\/wp\/v2\/product"}],"about":[{"href":"https:\/\/anopri.com\/index.php?rest_route=\/wp\/v2\/types\/product"}],"replies":[{"embeddable":true,"href":"https:\/\/anopri.com\/index.php?rest_route=%2Fwp%2Fv2%2Fcomments&post=9902"}],"wp:featuredmedia":[{"embeddable":true,"href":"https:\/\/anopri.com\/index.php?rest_route=\/wp\/v2\/media\/7307"}],"wp:attachment":[{"href":"https:\/\/anopri.com\/index.php?rest_route=%2Fwp%2Fv2%2Fmedia&parent=9902"}],"wp:term":[{"taxonomy":"product_brand","embeddable":true,"href":"https:\/\/anopri.com\/index.php?rest_route=%2Fwp%2Fv2%2Fproduct_brand&post=9902"},{"taxonomy":"product_cat","embeddable":true,"href":"https:\/\/anopri.com\/index.php?rest_route=%2Fwp%2Fv2%2Fproduct_cat&post=9902"},{"taxonomy":"product_tag","embeddable":true,"href":"https:\/\/anopri.com\/index.php?rest_route=%2Fwp%2Fv2%2Fproduct_tag&post=9902"},{"taxonomy":"product_brands","embeddable":true,"href":"https:\/\/anopri.com\/index.php?rest_route=%2Fwp%2Fv2%2Fproduct_brands&post=9902"}],"curies":[{"name":"wp","href":"https:\/\/api.w.org\/{rel}","templated":true}]}}