{"id":9900,"date":"2026-04-25T16:53:14","date_gmt":"2026-04-25T16:53:14","guid":{"rendered":"https:\/\/anopri.com\/?post_type=product&#038;p=9900"},"modified":"2026-04-25T17:08:47","modified_gmt":"2026-04-25T17:08:47","slug":"microphone-sans-fil-wvngr-wg-005","status":"publish","type":"product","link":"https:\/\/anopri.com\/?product=microphone-sans-fil-wvngr-wg-005","title":{"rendered":"Microphone sans fil WVNGR WG-005"},"content":{"rendered":"<p>Mod\u00e8le \/ Mod\u00e8le WG-005 Mode de<br \/>\nmodulation \/ Mode de modulation Gamme<br \/>\nde fr\u00e9quences FM \/ Fr\u00e9quence porteuse VHF 210 ~ 270 MHz<br \/>\nStabilit\u00e9 de fr\u00e9quence \/ Fr\u00e9quence stabilis\u00e9e \u00b1 0,005 %<br \/>\nD\u00e9viation de fr\u00e9quence maximale \/ D\u00e9viation maximale \u00b1 25 kHz<br \/>\nR\u00e9ponse audio \/ R\u00e9ponse de fr\u00e9quence audio 50 Hz ~ 13 KHz<br \/>\nRapport signal sur bruit \/ S\/ Rapport N = 95dB<br \/>\nPlage dynamique \/ Plage dynamique audio = 80dB<br \/>\nDistorsion du syst\u00e8me \/ THD = 0,2%<br \/>\nDistance id\u00e9ale \/ Plage de couverture 60m Temp\u00e9rature de<br \/>\nfonctionnement \/ Temp\u00e9rature de fonctionnement &#8211; 10\u00b0C &#8211; 50\u00b0C<br \/>\nTension de fonctionnement du microphone \/ Alimentation du microphone 9V<br \/>\nTension de fonctionnement du r\u00e9cepteur : BIVOLT<br \/>\nFonctionnement du microphone 2 piles AA<\/p>\n","protected":false},"excerpt":{"rendered":"<p><strong>Description<\/strong><br \/>\nDouble microphone sans fil WG-005 d&#8217;excellente qualit\u00e9 pour le karaok\u00e9, ils fonctionnent avec des piles &#8220;AA&#8221;, vous pouvez les utiliser \u00e0 une distance allant jusqu&#8217;\u00e0 30 m du r\u00e9cepteur avec une qualit\u00e9 sonore garantie.<\/p>\n","protected":false},"featured_media":9945,"comment_status":"closed","ping_status":"closed","template":"","meta":{"_bst_post_transparent":"","_bst_post_title":"","_bst_post_layout":"","_bst_post_sidebar_id":"","_bst_post_content_style":"","_bst_post_vertical_padding":"","_bst_post_feature":"","_bst_post_feature_position":"","_bst_post_header":false,"_bst_post_footer":false},"product_brand":[],"product_cat":[147,142],"product_tag":[],"product_brands":[],"class_list":{"0":"post-9900","1":"product","2":"type-product","3":"status-publish","4":"has-post-thumbnail","6":"product_cat-audio-hifi","7":"product_cat-electronique","9":"first","10":"instock","11":"purchasable","12":"product-type-simple","13":"entry","14":"content-bg","15":"loop-entry"},"_links":{"self":[{"href":"https:\/\/anopri.com\/index.php?rest_route=\/wp\/v2\/product\/9900","targetHints":{"allow":["GET"]}}],"collection":[{"href":"https:\/\/anopri.com\/index.php?rest_route=\/wp\/v2\/product"}],"about":[{"href":"https:\/\/anopri.com\/index.php?rest_route=\/wp\/v2\/types\/product"}],"replies":[{"embeddable":true,"href":"https:\/\/anopri.com\/index.php?rest_route=%2Fwp%2Fv2%2Fcomments&post=9900"}],"wp:featuredmedia":[{"embeddable":true,"href":"https:\/\/anopri.com\/index.php?rest_route=\/wp\/v2\/media\/9945"}],"wp:attachment":[{"href":"https:\/\/anopri.com\/index.php?rest_route=%2Fwp%2Fv2%2Fmedia&parent=9900"}],"wp:term":[{"taxonomy":"product_brand","embeddable":true,"href":"https:\/\/anopri.com\/index.php?rest_route=%2Fwp%2Fv2%2Fproduct_brand&post=9900"},{"taxonomy":"product_cat","embeddable":true,"href":"https:\/\/anopri.com\/index.php?rest_route=%2Fwp%2Fv2%2Fproduct_cat&post=9900"},{"taxonomy":"product_tag","embeddable":true,"href":"https:\/\/anopri.com\/index.php?rest_route=%2Fwp%2Fv2%2Fproduct_tag&post=9900"},{"taxonomy":"product_brands","embeddable":true,"href":"https:\/\/anopri.com\/index.php?rest_route=%2Fwp%2Fv2%2Fproduct_brands&post=9900"}],"curies":[{"name":"wp","href":"https:\/\/api.w.org\/{rel}","templated":true}]}}