{"id":9899,"date":"2026-04-25T16:53:13","date_gmt":"2026-04-25T16:53:13","guid":{"rendered":"https:\/\/anopri.com\/?post_type=product&#038;p=9899"},"modified":"2026-04-25T17:08:47","modified_gmt":"2026-04-25T17:08:47","slug":"microphone-double-herostar-wvngr-c-05","status":"publish","type":"product","link":"https:\/\/anopri.com\/?product=microphone-double-herostar-wvngr-c-05","title":{"rendered":"Microphone double Herostar Wvngr C-05"},"content":{"rendered":"<p><strong>Caract\u00e9ristiques\u202f:<\/strong> Double radio microphone syst\u00e8me convient pour chanteurs professionnels sur sc\u00e8ne en petits bars et pubs, mobile disque et karaok\u00e9, et l&#8217;usage domestique Pop\/amortisseur Protection contre le bruit Microphone dynamique Voice Coil Facile \u00e0 utiliser et alternative \u00e9conomique qui est id\u00e9ale pour les r\u00e9unions, \u00e9v\u00e9nements, des discours, etc. Connecte \u00e0 la plupart audio appareils qui ont entr\u00e9es micro.(guitare amplificateur, machines pour le karaok\u00e9, etc.) 2\u00a0microphones, 1\u00a0r\u00e9cepteur avec construit en deux antennes \u00e0 disparition 1\u00a0\u00b0C\u00e2ble jack 6,35mmspecifiche\u202f: plage de fr\u00e9quences\u202f: fm121.7- 128,7\u00a0MHz R\u00e9ponse en fr\u00e9quence\u202f: 100\u00a0hz-10000hz (plusmn\u202f; dB). distorsion audio\u202f: moins de 1%. Plage dynamique\u202f: dB. Tension\u202f: 220\u00a0V Distance 10\u00a0m\u00e8tres Microphone \u00e9metteur\u202f: Type d&#8217;\u00e9mission\u202f: FM Rapport s\/N\u202f: mieux de dB. Puissance de sortie RF\u202f: 8\u00a0mW (50mW maximum) d\u00e9viation de fr\u00e9quence\u202f: 75\u00a0kHz Batterie\u202f: batterie de 9\u00a0V (non incluses) r\u00e9cepteur\u202f: type de r\u00e9cepteur\u202f: FM<\/p>\n","protected":false},"excerpt":{"rendered":"<p><strong>Caract\u00e9ristiques\u202f:<\/strong> Double radio microphone syst\u00e8me convient pour chanteurs professionnels sur sc\u00e8ne en petits bars et pubs, mobile disque et karaok\u00e9, et l&#8217;usage domestique Pop\/amortisseur Protection contre le bruit Microphone dynamique Voice Coil Facile \u00e0 utiliser et alternative \u00e9conomique qui est id\u00e9ale pour les r\u00e9unions, \u00e9v\u00e9nements, des discours, etc. Connecte \u00e0 la plupart audio appareils qui ont entr\u00e9es micro.(guitare amplificateur, machines pour le karaok\u00e9, etc.) 2\u00a0microphones, 1\u00a0r\u00e9cepteur avec construit en deux antennes \u00e0 disparition 1\u00a0\u00b0C\u00e2ble jack 6,35mmspecifiche\u202f: plage de fr\u00e9quences\u202f: fm121.7- 128,7\u00a0MHz R\u00e9ponse en fr\u00e9quence\u202f: 100\u00a0hz-10000hz (plusmn\u202f; dB). distorsion audio\u202f: moins de 1%. Plage dynamique\u202f: dB. Tension\u202f: 220\u00a0V Distance 10\u00a0m\u00e8tres Microphone \u00e9metteur\u202f: Type d&#8217;\u00e9mission\u202f: FM Rapport s\/N\u202f: mieux de dB. Puissance de sortie RF\u202f: 8\u00a0mW (50mW maximum) d\u00e9viation de fr\u00e9quence\u202f: 75\u00a0kHz Batterie\u202f: batterie de 9\u00a0V (non incluses) r\u00e9cepteur\u202f: type de r\u00e9cepteur\u202f: FM<\/p>\n","protected":false},"featured_media":9943,"comment_status":"closed","ping_status":"closed","template":"","meta":{"_bst_post_transparent":"","_bst_post_title":"","_bst_post_layout":"","_bst_post_sidebar_id":"","_bst_post_content_style":"","_bst_post_vertical_padding":"","_bst_post_feature":"","_bst_post_feature_position":"","_bst_post_header":false,"_bst_post_footer":false},"product_brand":[],"product_cat":[147,142],"product_tag":[],"product_brands":[],"class_list":{"0":"post-9899","1":"product","2":"type-product","3":"status-publish","4":"has-post-thumbnail","6":"product_cat-audio-hifi","7":"product_cat-electronique","9":"first","10":"instock","11":"purchasable","12":"product-type-simple","13":"entry","14":"content-bg","15":"loop-entry"},"_links":{"self":[{"href":"https:\/\/anopri.com\/index.php?rest_route=\/wp\/v2\/product\/9899","targetHints":{"allow":["GET"]}}],"collection":[{"href":"https:\/\/anopri.com\/index.php?rest_route=\/wp\/v2\/product"}],"about":[{"href":"https:\/\/anopri.com\/index.php?rest_route=\/wp\/v2\/types\/product"}],"replies":[{"embeddable":true,"href":"https:\/\/anopri.com\/index.php?rest_route=%2Fwp%2Fv2%2Fcomments&post=9899"}],"wp:featuredmedia":[{"embeddable":true,"href":"https:\/\/anopri.com\/index.php?rest_route=\/wp\/v2\/media\/9943"}],"wp:attachment":[{"href":"https:\/\/anopri.com\/index.php?rest_route=%2Fwp%2Fv2%2Fmedia&parent=9899"}],"wp:term":[{"taxonomy":"product_brand","embeddable":true,"href":"https:\/\/anopri.com\/index.php?rest_route=%2Fwp%2Fv2%2Fproduct_brand&post=9899"},{"taxonomy":"product_cat","embeddable":true,"href":"https:\/\/anopri.com\/index.php?rest_route=%2Fwp%2Fv2%2Fproduct_cat&post=9899"},{"taxonomy":"product_tag","embeddable":true,"href":"https:\/\/anopri.com\/index.php?rest_route=%2Fwp%2Fv2%2Fproduct_tag&post=9899"},{"taxonomy":"product_brands","embeddable":true,"href":"https:\/\/anopri.com\/index.php?rest_route=%2Fwp%2Fv2%2Fproduct_brands&post=9899"}],"curies":[{"name":"wp","href":"https:\/\/api.w.org\/{rel}","templated":true}]}}