{"id":9898,"date":"2026-04-25T16:53:13","date_gmt":"2026-04-25T16:53:13","guid":{"rendered":"https:\/\/anopri.com\/?post_type=product&#038;p=9898"},"modified":"2026-04-25T17:08:47","modified_gmt":"2026-04-25T17:08:47","slug":"microphone-sans-fil-double-canal-weisre-wm-06v","status":"publish","type":"product","link":"https:\/\/anopri.com\/?product=microphone-sans-fil-double-canal-weisre-wm-06v","title":{"rendered":"MICROPHONE SANS FIL DOUBLE CANAL Weisre WM-06V"},"content":{"rendered":"<p>L&#8217; ensemble <strong>Weisre<\/strong>\u00a0<b>WM<\/b>\u00a0-06V est facile \u00e0 utiliser, il dispose de 2 microphones sans fil qui peuvent vous aider lors de divers \u00e9v\u00e9nements.\u00a0L&#8217;antenne permet un tr\u00e8s bon signal jusqu&#8217;\u00e0 50 m de distance, en gardant le son clair.<\/p>\n","protected":false},"excerpt":{"rendered":"<p>L&#8217; ensemble <strong>Weisre<\/strong>\u00a0<b>WM<\/b>\u00a0-06V est facile \u00e0 utiliser, il dispose de 2 microphones sans fil qui peuvent vous aider lors de divers \u00e9v\u00e9nements.\u00a0L&#8217;antenne permet un tr\u00e8s bon signal jusqu&#8217;\u00e0 50 m de distance, en gardant le son clair.<\/p>\n","protected":false},"featured_media":9942,"comment_status":"closed","ping_status":"closed","template":"","meta":{"_bst_post_transparent":"","_bst_post_title":"","_bst_post_layout":"","_bst_post_sidebar_id":"","_bst_post_content_style":"","_bst_post_vertical_padding":"","_bst_post_feature":"","_bst_post_feature_position":"","_bst_post_header":false,"_bst_post_footer":false},"product_brand":[],"product_cat":[147,142],"product_tag":[],"product_brands":[],"class_list":{"0":"post-9898","1":"product","2":"type-product","3":"status-publish","4":"has-post-thumbnail","6":"product_cat-audio-hifi","7":"product_cat-electronique","9":"first","10":"instock","11":"purchasable","12":"product-type-simple","13":"entry","14":"content-bg","15":"loop-entry"},"_links":{"self":[{"href":"https:\/\/anopri.com\/index.php?rest_route=\/wp\/v2\/product\/9898","targetHints":{"allow":["GET"]}}],"collection":[{"href":"https:\/\/anopri.com\/index.php?rest_route=\/wp\/v2\/product"}],"about":[{"href":"https:\/\/anopri.com\/index.php?rest_route=\/wp\/v2\/types\/product"}],"replies":[{"embeddable":true,"href":"https:\/\/anopri.com\/index.php?rest_route=%2Fwp%2Fv2%2Fcomments&post=9898"}],"wp:featuredmedia":[{"embeddable":true,"href":"https:\/\/anopri.com\/index.php?rest_route=\/wp\/v2\/media\/9942"}],"wp:attachment":[{"href":"https:\/\/anopri.com\/index.php?rest_route=%2Fwp%2Fv2%2Fmedia&parent=9898"}],"wp:term":[{"taxonomy":"product_brand","embeddable":true,"href":"https:\/\/anopri.com\/index.php?rest_route=%2Fwp%2Fv2%2Fproduct_brand&post=9898"},{"taxonomy":"product_cat","embeddable":true,"href":"https:\/\/anopri.com\/index.php?rest_route=%2Fwp%2Fv2%2Fproduct_cat&post=9898"},{"taxonomy":"product_tag","embeddable":true,"href":"https:\/\/anopri.com\/index.php?rest_route=%2Fwp%2Fv2%2Fproduct_tag&post=9898"},{"taxonomy":"product_brands","embeddable":true,"href":"https:\/\/anopri.com\/index.php?rest_route=%2Fwp%2Fv2%2Fproduct_brands&post=9898"}],"curies":[{"name":"wp","href":"https:\/\/api.w.org\/{rel}","templated":true}]}}