{"id":9897,"date":"2026-04-25T16:53:13","date_gmt":"2026-04-25T16:53:13","guid":{"rendered":"https:\/\/anopri.com\/?post_type=product&#038;p=9897"},"modified":"2026-04-25T17:08:47","modified_gmt":"2026-04-25T17:08:47","slug":"microphone-universel-sans-fil-portable","status":"publish","type":"product","link":"https:\/\/anopri.com\/?product=microphone-universel-sans-fil-portable","title":{"rendered":"Microphone universel sans fil portable"},"content":{"rendered":"<p>1. Il s&#8217;agit d&#8217;un microphone avec un r\u00e9cepteur en plastique et une main en m\u00e9tal.\u00a0Convient aux haut-parleurs, amplificateurs de puissance, m\u00e9langeurs et autres \u00e9quipements.<br \/>\n2. Les indicateurs d&#8217;avertissement de batterie faible sur le r\u00e9cepteur et le microphone permettent une surveillance continue du fonctionnement du syst\u00e8me.<br \/>\n3. Le r\u00e9cepteur dispose d&#8217;adaptateurs 6,35 mm et 3,5 mm pour utiliser une vari\u00e9t\u00e9 de produits, peut capturer les plus petits signaux et reproduire votre voix aussi clairement qu&#8217;une conversation en face \u00e0 face.<br \/>\n4. Microphone dynamique avec directivit\u00e9 cardio\u00efde : directionnel en forme de c\u0153ur, le son est chaud, riche et poss\u00e8de d&#8217;excellentes capacit\u00e9s de suppression de larsen<\/p>\n","protected":false},"excerpt":{"rendered":"<p>1. Il s&#8217;agit d&#8217;un microphone avec un r\u00e9cepteur en plastique et une main en m\u00e9tal.\u00a0Convient aux haut-parleurs, amplificateurs de puissance, m\u00e9langeurs et autres \u00e9quipements.<br \/>\n2. Les indicateurs d&#8217;avertissement de batterie faible sur le r\u00e9cepteur et le microphone permettent une surveillance continue du fonctionnement du syst\u00e8me.<br \/>\n3. Le r\u00e9cepteur dispose d&#8217;adaptateurs 6,35 mm et 3,5 mm pour utiliser une vari\u00e9t\u00e9 de produits, peut capturer les plus petits signaux et reproduire votre voix aussi clairement qu&#8217;une conversation en face \u00e0 face.<br \/>\n4. Microphone dynamique avec directivit\u00e9 cardio\u00efde : directionnel en forme de c\u0153ur, le son est chaud, riche et poss\u00e8de d&#8217;excellentes capacit\u00e9s de suppression de larsen<\/p>\n","protected":false},"featured_media":9941,"comment_status":"closed","ping_status":"closed","template":"","meta":{"_bst_post_transparent":"","_bst_post_title":"","_bst_post_layout":"","_bst_post_sidebar_id":"","_bst_post_content_style":"","_bst_post_vertical_padding":"","_bst_post_feature":"","_bst_post_feature_position":"","_bst_post_header":false,"_bst_post_footer":false},"product_brand":[],"product_cat":[147,142],"product_tag":[],"product_brands":[],"class_list":{"0":"post-9897","1":"product","2":"type-product","3":"status-publish","4":"has-post-thumbnail","6":"product_cat-audio-hifi","7":"product_cat-electronique","9":"first","10":"instock","11":"purchasable","12":"product-type-simple","13":"entry","14":"content-bg","15":"loop-entry"},"_links":{"self":[{"href":"https:\/\/anopri.com\/index.php?rest_route=\/wp\/v2\/product\/9897","targetHints":{"allow":["GET"]}}],"collection":[{"href":"https:\/\/anopri.com\/index.php?rest_route=\/wp\/v2\/product"}],"about":[{"href":"https:\/\/anopri.com\/index.php?rest_route=\/wp\/v2\/types\/product"}],"replies":[{"embeddable":true,"href":"https:\/\/anopri.com\/index.php?rest_route=%2Fwp%2Fv2%2Fcomments&post=9897"}],"wp:featuredmedia":[{"embeddable":true,"href":"https:\/\/anopri.com\/index.php?rest_route=\/wp\/v2\/media\/9941"}],"wp:attachment":[{"href":"https:\/\/anopri.com\/index.php?rest_route=%2Fwp%2Fv2%2Fmedia&parent=9897"}],"wp:term":[{"taxonomy":"product_brand","embeddable":true,"href":"https:\/\/anopri.com\/index.php?rest_route=%2Fwp%2Fv2%2Fproduct_brand&post=9897"},{"taxonomy":"product_cat","embeddable":true,"href":"https:\/\/anopri.com\/index.php?rest_route=%2Fwp%2Fv2%2Fproduct_cat&post=9897"},{"taxonomy":"product_tag","embeddable":true,"href":"https:\/\/anopri.com\/index.php?rest_route=%2Fwp%2Fv2%2Fproduct_tag&post=9897"},{"taxonomy":"product_brands","embeddable":true,"href":"https:\/\/anopri.com\/index.php?rest_route=%2Fwp%2Fv2%2Fproduct_brands&post=9897"}],"curies":[{"name":"wp","href":"https:\/\/api.w.org\/{rel}","templated":true}]}}