{"id":9892,"date":"2026-04-25T16:53:13","date_gmt":"2026-04-25T16:53:13","guid":{"rendered":"https:\/\/anopri.com\/?post_type=product&#038;p=9892"},"modified":"2026-04-25T17:08:47","modified_gmt":"2026-04-25T17:08:47","slug":"samsung-galaxy-a12-64gb-dual-sim","status":"publish","type":"product","link":"https:\/\/anopri.com\/?product=samsung-galaxy-a12-64gb-dual-sim","title":{"rendered":"SAMSUNG GALAXY A12 -64GB -Dual SIM"},"content":{"rendered":"<p>Le Galaxy A12 est \u00e9quip\u00e9 d&#8217;une\u00a0<strong>puce MediaTek Helio G35 \u00e0 8 c\u0153urs<\/strong>\u00a0pour un fonctionnement puissant de la machine, une manipulation facile, un bon divertissement vid\u00e9o et surtout un jeu mobile fluide et stable. L&#8217;appareil prend en charge les options de connectivit\u00e9 telles que: 2 r\u00e9seaux mobiles Nano SIM et 4G. Il r\u00e9pond aux besoins de sauvegarde des donn\u00e9es et informations essentielles d&#8217;utilisateurs gr\u00e2ce \u00e0 ses\u00a0<strong>4 Go de RAM<\/strong>\u00a0et sa m\u00e9moire interne de\u00a0<strong>128 Go,<\/strong>\u00a0pouvant \u00eatre \u00e9tendu via une carte microSD (jusqu&#8217;\u00e0 1000 GO).<\/p>\n<p>Un gros avantage du Galaxy A12 est la capacit\u00e9 de la batterie de\u00a0<strong>5000 mAh<\/strong>. Ainsi, ce smartphone sera toujours capable de bien r\u00e9pondre \u00e0 toutes vos diff\u00e9rentes activit\u00e9s, et ce durant toute la journ\u00e9e. Gardez une longueur d&#8217;avance avec une batterie qui ne vous ralentira pas. Avec une puissance de\u00a0<strong>5,000 mAh,<\/strong>\u00a0elle vous permet de continuer \u00e0 faire tout ce que vous voulez, pendant des heures. Et avec jusqu&#8217;\u00e0\u00a0<strong>15 W De Charge Rapide adaptative.<\/strong><\/p>\n","protected":false},"excerpt":{"rendered":"<dl class=\"f-productProperties__item\">\n<dt class=\"f-productProperties__term\"><strong>Capacit\u00e9 de stockage:<\/strong> 128 Go<\/dt>\n<\/dl>\n<dl class=\"f-productProperties__item\">\n<dt class=\"f-productProperties__term\"><strong>Taille de l&#8217;\u00e9cran (pouces):<\/strong> 6,5 &#8220;<\/dt>\n<\/dl>\n<dl class=\"f-productProperties__item\">\n<dt class=\"f-productProperties__term\"><strong>Caract\u00e9ristiques de l&#8217;\u00e9cran<\/strong>: 1600 x 720 pixels<\/dt>\n<\/dl>\n<dl class=\"f-productProperties__item\">\n<dt class=\"f-productProperties__term\"><strong>Couleur:<\/strong> Noir<\/dt>\n<\/dl>\n<dl class=\"f-productProperties__item  f-productProperties__item--long \">\n<dt class=\"f-productProperties__term\"><strong>Appareil photo:<\/strong> Appareil photo principal : Quadruple capteur, Capteur principal: 48MP, Ouverture f\/2,0, Ultra Grand Angle : 5 MP, Capteur Mode Portrait : 2 MP, Capteur Mode Macro : 2MP, Autofocus, Flash ; Cam\u00e9ra frontale : 8 MP, Ouverture f\/2,2 ; Modes cam\u00e9ra frontale : Mode Portrait, Photo, Vid\u00e9o<\/dt>\n<\/dl>\n<dl class=\"f-productProperties__item\">\n<dt class=\"f-productProperties__term\"><strong>R\u00e9solution photo<\/strong>: 48 m\u00e9gapixels<\/dt>\n<\/dl>\n<dl class=\"f-productProperties__item\">\n<dt class=\"f-productProperties__term\"><strong>Syst\u00e8me d&#8217;exploitation<\/strong>: Android<\/dt>\n<\/dl>\n<dl class=\"f-productProperties__item\">\n<dt class=\"f-productProperties__term\"><strong>Processeur<\/strong>: MediaTek 6765, OctaCore 2.3GHz + 1.8 GHz<\/dt>\n<\/dl>\n<dl class=\"f-productProperties__item\">\n<dt class=\"f-productProperties__term\"><strong>Type de carte SIM<\/strong>: Nano SIM<\/dt>\n<\/dl>\n<dl class=\"f-productProperties__item\">\n<dt class=\"f-productProperties__term\"><strong>Port d&#8217;extension<\/strong>: Port microSD jusqu\u2019\u00e0 1 To<\/dt>\n<\/dl>\n<dl class=\"f-productProperties__item\">\n<dt class=\"f-productProperties__term\"><strong>Capacit\u00e9 de la batterie:<\/strong> 5000 mAh<\/dt>\n<\/dl>\n<dl class=\"f-productProperties__item\">\n<dt class=\"f-productProperties__term\"><strong>Autonomie maximale<\/strong>: 19<\/dt>\n<\/dl>\n<dl class=\"f-productProperties__item\">\n<dt class=\"f-productProperties__term\"><strong>Entr\u00e9e(s) audio:<\/strong> Jack St\u00e9r\u00e9o 3.5 mm<\/dt>\n<\/dl>\n<dl class=\"f-productProperties__item  f-productProperties__item--long \">\n<dt class=\"f-productProperties__term\"><strong>Caract\u00e9ristiques compl\u00e9mentaires:<\/strong> Ecran panoramique, HD+, TFT, Filtre de lumi\u00e8re bleue, Always On Display ; M\u00e9moire partag\u00e9e : 64 Go ; M\u00e9moire RAM : 4 Go ; USB Type C ; Prise jack ; Personnalisation : Langues : 56 ; Fonctionnalit\u00e9s : Calculatrice, Calendrier, Enregistreur vocal, Lampe, Horloge mondiale, Mode hors-ligne, Mode mains-libres, Alarme ; Lecteur d\u2019empreinte lat\u00e9ral ; Son compatible Dolby Atmos ; Localisation : GPS, GLONASS, Beidou, Galileo ; Capteurs : Acc\u00e9l\u00e9rom\u00e8tre, Capteur de proximit\u00e9, Capteur de luminosit\u00e9 virtuel, Empreinte digitale<\/dt>\n<\/dl>\n","protected":false},"featured_media":9930,"comment_status":"closed","ping_status":"closed","template":"","meta":{"_bst_post_transparent":"","_bst_post_title":"","_bst_post_layout":"","_bst_post_sidebar_id":"","_bst_post_content_style":"","_bst_post_vertical_padding":"","_bst_post_feature":"","_bst_post_feature_position":"","_bst_post_header":false,"_bst_post_footer":false},"product_brand":[],"product_cat":[152],"product_tag":[],"product_brands":[],"class_list":{"0":"post-9892","1":"product","2":"type-product","3":"status-publish","4":"has-post-thumbnail","6":"product_cat-telephones-accessoires","8":"first","9":"instock","10":"purchasable","11":"product-type-simple","12":"entry","13":"content-bg","14":"loop-entry"},"_links":{"self":[{"href":"https:\/\/anopri.com\/index.php?rest_route=\/wp\/v2\/product\/9892","targetHints":{"allow":["GET"]}}],"collection":[{"href":"https:\/\/anopri.com\/index.php?rest_route=\/wp\/v2\/product"}],"about":[{"href":"https:\/\/anopri.com\/index.php?rest_route=\/wp\/v2\/types\/product"}],"replies":[{"embeddable":true,"href":"https:\/\/anopri.com\/index.php?rest_route=%2Fwp%2Fv2%2Fcomments&post=9892"}],"wp:featuredmedia":[{"embeddable":true,"href":"https:\/\/anopri.com\/index.php?rest_route=\/wp\/v2\/media\/9930"}],"wp:attachment":[{"href":"https:\/\/anopri.com\/index.php?rest_route=%2Fwp%2Fv2%2Fmedia&parent=9892"}],"wp:term":[{"taxonomy":"product_brand","embeddable":true,"href":"https:\/\/anopri.com\/index.php?rest_route=%2Fwp%2Fv2%2Fproduct_brand&post=9892"},{"taxonomy":"product_cat","embeddable":true,"href":"https:\/\/anopri.com\/index.php?rest_route=%2Fwp%2Fv2%2Fproduct_cat&post=9892"},{"taxonomy":"product_tag","embeddable":true,"href":"https:\/\/anopri.com\/index.php?rest_route=%2Fwp%2Fv2%2Fproduct_tag&post=9892"},{"taxonomy":"product_brands","embeddable":true,"href":"https:\/\/anopri.com\/index.php?rest_route=%2Fwp%2Fv2%2Fproduct_brands&post=9892"}],"curies":[{"name":"wp","href":"https:\/\/api.w.org\/{rel}","templated":true}]}}