{"id":9890,"date":"2026-04-25T16:53:13","date_gmt":"2026-04-25T16:53:13","guid":{"rendered":"https:\/\/anopri.com\/?post_type=product&#038;p=9890"},"modified":"2026-04-25T17:08:47","modified_gmt":"2026-04-25T17:08:47","slug":"samsung-galaxy-a23-128g-4g-5ooomah","status":"publish","type":"product","link":"https:\/\/anopri.com\/?product=samsung-galaxy-a23-128g-4g-5ooomah","title":{"rendered":"Samsung Galaxy A23 128G\/4G-5OOOmAh"},"content":{"rendered":"<div class=\"col-md-12 col-sm-12\">\n<div id=\"google_ads_iframe_\/1254144,147160578\/phonesdata_com-banner-1_0__container__\"><\/div>\n<div class=\"product-page-content\">\n<table id=\"displaytec\" class=\"datasheet table table-striped table-bordered table-hover\">\n<tbody>\n<tr>\n<th colspan=\"2\">\u00c9CRAN<\/th>\n<\/tr>\n<tr>\n<td class=\"datasheet-features-type\"><\/td>\n<td><\/td>\n<\/tr>\n<tr>\n<td class=\"datasheet-features-type\">\u00c9cran tactile<\/td>\n<td>\u00e9cran tactile capacitif<\/td>\n<\/tr>\n<tr>\n<td class=\"datasheet-features-type\"><\/td>\n<td><\/td>\n<\/tr>\n<tr>\n<td class=\"datasheet-features-type\">Taille de l\u2019\u00e9cran<\/td>\n<td>6.6\u2033 pouces<\/td>\n<\/tr>\n<tr>\n<td class=\"datasheet-features-type\">Zone d\u2019\u00e9cran<\/td>\n<td>104.9 cm<sup>2<\/sup><\/td>\n<\/tr>\n<tr>\n<td class=\"datasheet-features-type\"><\/td>\n<td><\/td>\n<\/tr>\n<tr>\n<td class=\"datasheet-features-type\"><\/td>\n<td><\/td>\n<\/tr>\n<tr>\n<td class=\"datasheet-features-type\">R\u00e9solution<\/td>\n<td>1080 x 2408 px<\/td>\n<\/tr>\n<tr>\n<td class=\"datasheet-features-type\"><\/td>\n<td><\/td>\n<\/tr>\n<tr>\n<td class=\"datasheet-features-type\"><\/td>\n<td><\/td>\n<\/tr>\n<\/tbody>\n<\/table>\n<\/div>\n<div class=\"product-page-content\">\n<table id=\"cameratec\" class=\"datasheet table table-striped table-bordered table-hover\">\n<tbody>\n<tr>\n<th colspan=\"2\">APPAREILS PHOTO<\/th>\n<\/tr>\n<tr>\n<td class=\"datasheet-features-type\">Appareil Photo Principal<\/td>\n<td>50 MP, Quadruple<\/td>\n<\/tr>\n<tr>\n<td class=\"datasheet-features-type\" colspan=\"2\">Caract\u00e9ristiques<\/td>\n<\/tr>\n<tr>\n<td colspan=\"2\">-50 MP, f\/1.8, (grand-angle), PDAF<br \/>\n-5 MP, f\/2.2, (ultra grand-angle), 1\/5\u201d, 1.12\u00b5m<br \/>\n-2 MP, f\/2.4, (macro)<br \/>\n-2 MP, f\/2.4, (profondeur du cadre)<\/td>\n<\/tr>\n<tr>\n<td class=\"datasheet-features-type\">Fonctionnalit\u00e9s<\/td>\n<td>LED flash, panorama, HDR<\/td>\n<\/tr>\n<tr>\n<td class=\"datasheet-features-type\">Enregistrement Vid\u00e9o<\/td>\n<td>1080p@30fps<\/td>\n<\/tr>\n<tr>\n<td class=\"datasheet-features-type\">Appareil Photo Frontal, Selfie<\/td>\n<td>8 MP, Unique<\/td>\n<\/tr>\n<tr>\n<td class=\"datasheet-features-type\">Caract\u00e9ristiques<\/td>\n<td>-8 MP, f\/2.2, (grand-angle)<\/td>\n<\/tr>\n<tr>\n<td class=\"datasheet-features-type\">Enregistrement Vid\u00e9o<\/td>\n<td>1080p@30fps<\/td>\n<\/tr>\n<\/tbody>\n<\/table>\n<\/div>\n<\/div>\n<div class=\"col-md-12 col-sm-12\">\n<div class=\"product-page-content\">\n<table id=\"cputec\" class=\"datasheet table table-striped table-bordered table-hover\">\n<tbody>\n<tr>\n<th colspan=\"2\">PERFORMANCES<\/th>\n<\/tr>\n<tr>\n<td class=\"datasheet-features-type\">Syst\u00e8me d\u2019op\u00e9ration (Os)<\/td>\n<td>Android 12, One UI<\/td>\n<\/tr>\n<tr>\n<td class=\"datasheet-features-type\">Chipset<\/td>\n<td>\u2013\u00a0Qualcomm SM6225 Snapdragon 680 4G (6 nm)<\/td>\n<\/tr>\n<tr>\n<td class=\"datasheet-features-type\" colspan=\"2\">Processeur (CPU)<\/td>\n<\/tr>\n<tr>\n<td colspan=\"2\">\u2013 8-core (4\u00d72.4 GHz Kryo 265 Gold + 4\u00d71.9 GHz Kryo 265 Silver)<\/td>\n<\/tr>\n<tr>\n<td class=\"datasheet-features-type\">Processeur Graphique (GPU)<\/td>\n<td>Adreno 610<\/td>\n<\/tr>\n<tr>\n<td class=\"datasheet-features-type\">Carte M\u00e9moire<\/td>\n<td>microSDXC (emplacement d\u00e9di\u00e9)<\/td>\n<\/tr>\n<tr>\n<td class=\"datasheet-features-type\">M\u00e9moire interne<\/td>\n<td>128GB 4GB RAM<\/td>\n<\/tr>\n<\/tbody>\n<\/table>\n<\/div>\n<div class=\"product-page-content\">\n<table id=\"connetctec\" class=\"datasheet table table-striped table-bordered table-hover\">\n<tbody>\n<tr>\n<th colspan=\"2\">COMMUNICATION ET CONNECTIVIT\u00c9<\/th>\n<\/tr>\n<tr>\n<td class=\"datasheet-features-type\">Carte SIM<\/td>\n<td>Carte SIM unique (Nano-SIM)Double SIM (Nano-SIM, double standby)<\/td>\n<\/tr>\n<tr>\n<td class=\"datasheet-features-type\">R\u00e9seau Cellulaire<\/td>\n<td>GSM \/ HSPA \/ LTE<\/td>\n<\/tr>\n<tr>\n<td colspan=\"2\">\n<div id=\"freqshow\">Afficher Toutes Les Fr\u00e9quences Du R\u00e9seau:<\/div>\n<\/td>\n<\/tr>\n<tr>\n<td class=\"datasheet-features-type\">Vitesse Internet<\/td>\n<td>HSPA 42.2\/5.76 Mbps, LTE-A<\/td>\n<\/tr>\n<tr>\n<td class=\"datasheet-features-type\">GPRS<\/td>\n<td>Oui<\/td>\n<\/tr>\n<tr>\n<td class=\"datasheet-features-type\">Edge<\/td>\n<td>Oui<\/td>\n<\/tr>\n<tr>\n<td class=\"datasheet-features-type\">Wi-Fi<\/td>\n<td>Oui<\/td>\n<\/tr>\n<tr>\n<td class=\"datasheet-features-type\">GPS<\/td>\n<td>Oui, avec A-GPS, GLONASS, GALILEO, BDS<\/td>\n<\/tr>\n<tr>\n<td class=\"datasheet-features-type\">NFC<\/td>\n<td>Non<\/td>\n<\/tr>\n<tr>\n<td class=\"datasheet-features-type\">USB<\/td>\n<td>USB Type-C 2.0<\/td>\n<\/tr>\n<tr>\n<td class=\"datasheet-features-type\">Bluetooth<\/td>\n<td>Oui<\/td>\n<\/tr>\n<\/tbody>\n<\/table>\n<\/div>\n<div class=\"product-page-content\">\n<table id=\"audiotec\" class=\"datasheet table table-striped table-bordered table-hover\">\n<tbody>\n<tr>\n<th colspan=\"2\">MUSIQUE ET AUDIO<\/th>\n<\/tr>\n<tr>\n<td class=\"datasheet-features-type\">Radio<\/td>\n<td><\/td>\n<\/tr>\n<tr>\n<td class=\"datasheet-features-type\">Prise casque<\/td>\n<td>Oui<\/td>\n<\/tr>\n<\/tbody>\n<\/table>\n<\/div>\n<div class=\"product-page-content\">\n<table id=\"otherstec\" class=\"datasheet table table-striped table-bordered table-hover\">\n<tbody>\n<tr>\n<th colspan=\"2\">AUTRES CARACT\u00c9RISTIQUES<\/th>\n<\/tr>\n<tr>\n<td colspan=\"2\">\u2013\u00a0<b>Capteurs<\/b>\u00a0\u2013 Capteur d\u2019empreintes digitales (mont\u00e9 sur le c\u00f4t\u00e9), acc\u00e9l\u00e9rom\u00e8tre, gyroscope, boussole<br \/>\n\u2013 Recharge rapide 25W<\/td>\n<\/tr>\n<\/tbody>\n<\/table>\n<\/div>\n<\/div>\n","protected":false},"excerpt":{"rendered":"<p>Annonc\u00e9 officiellement en mars 2022, le Samsung Galaxy A23 est un smartphone appartenant \u00e0 l\u2019entr\u00e9e de gamme du fabricant cor\u00e9en. Successeur direct du Galaxy A22, ce mod\u00e8le poss\u00e8de un \u00e9cran TFT de 6,6 pouces qui affiche en Full HD . Il est anim\u00e9 par une puce \u00e0 8 c\u0153urs \u00e9paul\u00e9e par 4, 6 ou 8 Go de RAM, et propose jusqu\u2019\u00e0 128 Go de stockage interne extensible. Sa coque arri\u00e8re abrite un quadruple module photo de 50 5 2 2 m\u00e9gapixels. Une batterie de 5000 mAh compatible charge rapide 25 W assure l\u2019autonomie du smartphone.<\/p>\n","protected":false},"featured_media":7236,"comment_status":"closed","ping_status":"closed","template":"","meta":{"_bst_post_transparent":"","_bst_post_title":"","_bst_post_layout":"","_bst_post_sidebar_id":"","_bst_post_content_style":"","_bst_post_vertical_padding":"","_bst_post_feature":"","_bst_post_feature_position":"","_bst_post_header":false,"_bst_post_footer":false},"product_brand":[],"product_cat":[152],"product_tag":[],"product_brands":[],"class_list":{"0":"post-9890","1":"product","2":"type-product","3":"status-publish","4":"has-post-thumbnail","6":"product_cat-telephones-accessoires","8":"first","9":"instock","10":"sale","11":"purchasable","12":"product-type-simple","13":"entry","14":"content-bg","15":"loop-entry"},"_links":{"self":[{"href":"https:\/\/anopri.com\/index.php?rest_route=\/wp\/v2\/product\/9890","targetHints":{"allow":["GET"]}}],"collection":[{"href":"https:\/\/anopri.com\/index.php?rest_route=\/wp\/v2\/product"}],"about":[{"href":"https:\/\/anopri.com\/index.php?rest_route=\/wp\/v2\/types\/product"}],"replies":[{"embeddable":true,"href":"https:\/\/anopri.com\/index.php?rest_route=%2Fwp%2Fv2%2Fcomments&post=9890"}],"wp:featuredmedia":[{"embeddable":true,"href":"https:\/\/anopri.com\/index.php?rest_route=\/wp\/v2\/media\/7236"}],"wp:attachment":[{"href":"https:\/\/anopri.com\/index.php?rest_route=%2Fwp%2Fv2%2Fmedia&parent=9890"}],"wp:term":[{"taxonomy":"product_brand","embeddable":true,"href":"https:\/\/anopri.com\/index.php?rest_route=%2Fwp%2Fv2%2Fproduct_brand&post=9890"},{"taxonomy":"product_cat","embeddable":true,"href":"https:\/\/anopri.com\/index.php?rest_route=%2Fwp%2Fv2%2Fproduct_cat&post=9890"},{"taxonomy":"product_tag","embeddable":true,"href":"https:\/\/anopri.com\/index.php?rest_route=%2Fwp%2Fv2%2Fproduct_tag&post=9890"},{"taxonomy":"product_brands","embeddable":true,"href":"https:\/\/anopri.com\/index.php?rest_route=%2Fwp%2Fv2%2Fproduct_brands&post=9890"}],"curies":[{"name":"wp","href":"https:\/\/api.w.org\/{rel}","templated":true}]}}