{"id":9888,"date":"2026-04-25T16:53:13","date_gmt":"2026-04-25T16:53:13","guid":{"rendered":"https:\/\/anopri.com\/?post_type=product&#038;p=9888"},"modified":"2026-04-25T17:08:47","modified_gmt":"2026-04-25T17:08:47","slug":"infinix-zero-x-neo-128gb-8gb","status":"publish","type":"product","link":"https:\/\/anopri.com\/?product=infinix-zero-x-neo-128gb-8gb","title":{"rendered":"INFINIX ZERO X NEO-128GB\/8GB"},"content":{"rendered":"<p>INFINIX ZERO X NEO est sorti en 2021 . Il mesure 168.4 x 76.5 x 8.8 mm et p\u00e8se 212 g. Il dispose d&#8217;un \u00e9cran IPS LCD de 6.78&#8243; pouces. La d\u00e9finition d&#8217;\u00e9cran est de 1080 x 2460 et la r\u00e9solution est de 396 ppi. Un appareil photo Unique de 16 MP est responsable des selfies et les appels vid\u00e9o.. L&#8217;appareil principal Triple est de 48 MP. L&#8217;appareil int\u00e8gre un processeur Octa-core (2&#215;2.05 GHz Cortex-A76 &amp; 6&#215;2.0 GHz Cortex-A55) et de m\u00e9moire 128GB 8GB RAM. La batterie est de 5000 mAh.<\/p>\n","protected":false},"excerpt":{"rendered":"<p><strong>Caract\u00e9ristiques G\u00e9n\u00e9rales<\/strong><\/p>\n<table class=\"specs\" border=\"0\" width=\"604\" cellspacing=\"0\" cellpadding=\"0\">\n<tbody>\n<tr class=\"RowBG2\">\n<td class=\"hdngArial specs-mainHeading bottom-border-section\" rowspan=\"6\"><strong>Construire<\/strong><\/td>\n<th class=\"hdngArial specs-subHeading RowBG1 bottom-border\" align=\"left\">SE<\/th>\n<td class=\"fasla RowBG1 specs-value bottom-border\" colspan=\"2\">Syst\u00e8me d\u2019exploitation Android 11<\/td>\n<\/tr>\n<tr class=\"RowBG1\">\n<th class=\"hdngArial specs-subHeading RowBG1 bottom-border\" align=\"left\">interface utilisateur<\/th>\n<td class=\"fasla specs-value bottom-border\" colspan=\"2\">XOS 7.6<\/td>\n<\/tr>\n<tr class=\"RowBG1\">\n<th class=\"hdngArial specs-subHeading RowBG1 bottom-border\" align=\"left\">Dimensions<\/th>\n<td class=\"fasla specs-value bottom-border\" colspan=\"2\">168,4 \u00d7 76,5 \u00d7 8,8 mm<\/td>\n<\/tr>\n<tr class=\"RowBG1\">\n<th class=\"hdngArial specs-subHeading RowBG1 bottom-border\" align=\"left\">Masse<\/th>\n<td class=\"fasla specs-value bottom-border\" colspan=\"2\">N \/ A<\/td>\n<\/tr>\n<tr class=\"RowBG1\">\n<th class=\"hdngArial specs-subHeading RowBG1 bottom-border\" align=\"left\">SIM<\/th>\n<td class=\"fasla specs-value bottom-border\" colspan=\"2\">Double SIM, double veille (Nano-SIM)<\/td>\n<\/tr>\n<tr class=\"RowBG1\">\n<th class=\"hdngArial specs-subHeading RowBG1 bottom-border-section\" align=\"left\">Couleurs<\/th>\n<td class=\"fasla specs-value bottom-border-section\" colspan=\"2\">Noir n\u00e9buleuse, argent \u00e9toil\u00e9, bleu Bahamas<\/td>\n<\/tr>\n<tr class=\"RowBG2\">\n<td class=\"hdngArial specs-mainHeading bottom-border-section\" rowspan=\"3\"><strong>La fr\u00e9quence<\/strong><\/td>\n<th class=\"hdngArial specs-subHeading RowBG1 bottom-border\" align=\"left\">Bande 2G<\/th>\n<td class=\"fasla RowBG1 specs-value bottom-border\" colspan=\"2\"><b>SIM1 :<\/b><br \/>\n<b>GSM<\/b>\u00a0850\/900\/1800\/1900\u00a0SIM2 \u00a0 : GSM 850\/900\/1800\/1900<\/td>\n<\/tr>\n<tr class=\"RowBG1\">\n<th class=\"hdngArial specs-subHeading RowBG1 bottom-border\" align=\"left\">Bande 3G<\/th>\n<td class=\"fasla specs-value bottom-border\" colspan=\"2\">HSDPA 850 \/ 900 \/ 2100<\/td>\n<\/tr>\n<tr class=\"RowBG1\">\n<th class=\"hdngArial specs-subHeading RowBG1 bottom-border-section\" align=\"left\">Bande 4G<\/th>\n<td class=\"fasla specs-value bottom-border-section\" colspan=\"2\">Bande LTE 1(2100), 3(1800), 5(850), 8(900), 38(2600), 40(2300), 41(2500)<\/td>\n<\/tr>\n<tr class=\"RowBG2\">\n<td class=\"hdngArial specs-mainHeading bottom-border-section\" rowspan=\"3\"><strong>Processeur<\/strong><\/td>\n<th class=\"hdngArial specs-subHeading RowBG1 bottom-border\" align=\"left\">CPU<\/th>\n<td class=\"fasla RowBG1 specs-value bottom-border\" colspan=\"2\">Octa-core (2 x 2,05 GHz Cortex-A76 + 6 x 2,0 GHz Cortex-A55)<\/td>\n<\/tr>\n<tr class=\"RowBG1\">\n<th class=\"hdngArial specs-subHeading RowBG1 bottom-border\" align=\"left\">Jeu de puces<\/th>\n<td class=\"fasla specs-value bottom-border\" colspan=\"2\">Mediatek Helio G95 (12 nm)<\/td>\n<\/tr>\n<tr class=\"RowBG1\">\n<th class=\"hdngArial specs-subHeading RowBG1 bottom-border-section\" align=\"left\">GPU<\/th>\n<td class=\"fasla specs-value bottom-border-section\" colspan=\"2\">Mali-G76 MC4<\/td>\n<\/tr>\n<tr class=\"RowBG2\">\n<td class=\"hdngArial specs-mainHeading bottom-border-section\" rowspan=\"4\"><strong>Affichage<\/strong><\/td>\n<th class=\"hdngArial specs-subHeading RowBG1 bottom-border\" align=\"left\">Technologie<\/th>\n<td class=\"fasla RowBG1 specs-value bottom-border\" colspan=\"2\">\u00c9cran tactile capacitif LCD IPS, 16 millions de couleurs, Multitouch<\/td>\n<\/tr>\n<tr class=\"RowBG1\">\n<th class=\"hdngArial specs-subHeading RowBG1 bottom-border\" align=\"left\">Taille<\/th>\n<td class=\"fasla specs-value bottom-border\" colspan=\"2\">6,78 pouces<\/td>\n<\/tr>\n<tr class=\"RowBG1\">\n<th class=\"hdngArial specs-subHeading RowBG1 bottom-border\" align=\"left\">R\u00e9solution<\/th>\n<td class=\"fasla specs-value bottom-border\" colspan=\"2\">1080 x 2460 pixels (~396 PPP)<\/td>\n<\/tr>\n<tr class=\"RowBG1\">\n<th class=\"hdngArial specs-subHeading RowBG1 bottom-border-section\" align=\"left\">Fonctionnalit\u00e9s suppl\u00e9mentaires<\/th>\n<td class=\"fasla specs-value bottom-border-section\" colspan=\"2\">90Hz<\/td>\n<\/tr>\n<tr class=\"RowBG2\">\n<td class=\"hdngArial specs-mainHeading bottom-border-section\" rowspan=\"2\"><strong>M\u00e9moire<\/strong><\/td>\n<th class=\"hdngArial specs-subHeading RowBG1 bottom-border\" align=\"left\">Int\u00e9gr\u00e9<\/th>\n<td class=\"fasla RowBG1 specs-value bottom-border\" colspan=\"2\">128 Go int\u00e9gr\u00e9s, 8 Go de RAM, UFS 2.2<\/td>\n<\/tr>\n<tr class=\"RowBG1\">\n<th class=\"hdngArial specs-subHeading RowBG1 bottom-border-section\" align=\"left\">Carte<\/th>\n<td class=\"fasla specs-value bottom-border-section\" colspan=\"2\">Carte microSD, (prend en charge jusqu\u2019\u00e0 256 Go)<\/td>\n<\/tr>\n<tr class=\"RowBG2\">\n<td class=\"hdngArial specs-mainHeading bottom-border-section\" rowspan=\"3\"><strong>Appareil photo<\/strong><\/td>\n<th class=\"hdngArial specs-subHeading RowBG1 bottom-border\" align=\"left\">Principale<\/th>\n<td class=\"fasla RowBG1 specs-value bottom-border\" colspan=\"2\">Triple cam\u00e9ra : 48 MP, f\/1.8, 25 mm (large), PDAF + 8 MP, f\/3.4, 125 mm (t\u00e9l\u00e9objectif p\u00e9riscope), PDAF, OIS, zoom optique 5x + 2 MP, f\/2.4, (profondeur), Quad Flash DEL<\/td>\n<\/tr>\n<tr class=\"RowBG1\">\n<th class=\"hdngArial specs-subHeading RowBG1 bottom-border\" align=\"left\">Caract\u00e9ristiques<\/th>\n<td class=\"fasla specs-value bottom-border\" colspan=\"2\">HDR, Panorama, Vid\u00e9o (\u00a04K@30fps\u00a0,\u00a01080p@30fps\u00a0)<\/td>\n<\/tr>\n<tr class=\"RowBG1\">\n<th class=\"hdngArial specs-subHeading RowBG1 bottom-border-section\" align=\"left\">Devant<\/th>\n<td class=\"fasla specs-value bottom-border-section\" colspan=\"2\">16 MP, (large), avec double flash LED, vid\u00e9o (\u00a01080p@30fps\u00a0)<\/td>\n<\/tr>\n<tr class=\"RowBG2\">\n<td class=\"hdngArial specs-mainHeading bottom-border-section\" rowspan=\"7\"><strong>Connectivit\u00e9<\/strong><\/td>\n<th class=\"hdngArial specs-subHeading RowBG1 bottom-border\" align=\"left\">Wi-Fi<\/th>\n<td class=\"fasla RowBG1 specs-value bottom-border\" colspan=\"2\">Wi-Fi 802.11 a\/b\/g\/n, double bande, Wi-Fi Direct, point d\u2019acc\u00e8s<\/td>\n<\/tr>\n<tr class=\"RowBG1\">\n<th class=\"hdngArial specs-subHeading RowBG1 bottom-border\" align=\"left\">Bluetooth<\/th>\n<td class=\"fasla specs-value bottom-border\" colspan=\"2\">v5.1 avec A2DP, LE<\/td>\n<\/tr>\n<tr class=\"RowBG1\">\n<th class=\"hdngArial specs-subHeading RowBG1 bottom-border\" align=\"left\">GPS<\/th>\n<td class=\"fasla specs-value bottom-border\" colspan=\"2\">Oui + prise en charge A-GPS<\/td>\n<\/tr>\n<tr class=\"RowBG1\">\n<th class=\"hdngArial specs-subHeading RowBG1 bottom-border\" align=\"left\">Radio<\/th>\n<td class=\"fasla specs-value bottom-border\" colspan=\"2\">Radio FM<\/td>\n<\/tr>\n<tr class=\"RowBG1\">\n<th class=\"hdngArial specs-subHeading RowBG1 bottom-border\" align=\"left\">USB<\/th>\n<td class=\"fasla specs-value bottom-border\" colspan=\"2\">USB Type-C 2.0, USB en d\u00e9placement<\/td>\n<\/tr>\n<tr class=\"RowBG1\">\n<th class=\"hdngArial specs-subHeading RowBG1 bottom-border\" align=\"left\">NFC<\/th>\n<td class=\"fasla specs-value bottom-border\" colspan=\"2\">Non<\/td>\n<\/tr>\n<tr class=\"RowBG1\">\n<th class=\"hdngArial specs-subHeading RowBG1 bottom-border-section\" align=\"left\">Donn\u00e9es<\/th>\n<td class=\"fasla specs-value bottom-border-section\" colspan=\"2\">GPRS\u00a0, Edge, 3G (HSPA 42,2\/11,5 Mbps), 4G LTE-A<\/td>\n<\/tr>\n<tr class=\"RowBG2\">\n<td class=\"hdngArial specs-mainHeading bottom-border-section\" rowspan=\"7\"><strong>Caract\u00e9ristiques<\/strong><\/td>\n<th class=\"hdngArial specs-subHeading RowBG1 bottom-border\" align=\"left\">Capteurs<\/th>\n<td class=\"fasla RowBG1 specs-value bottom-border\" colspan=\"2\">Acc\u00e9l\u00e9rom\u00e8tre, boussole, empreinte digitale (mont\u00e9e sur le c\u00f4t\u00e9), gyroscope, proximit\u00e9<\/td>\n<\/tr>\n<tr class=\"RowBG1\">\n<th class=\"hdngArial specs-subHeading RowBG1 bottom-border\" align=\"left\">l\u2019audio<\/th>\n<td class=\"fasla specs-value bottom-border\" colspan=\"2\">Prise audio 3,5\u00a0mm, lecteur MP3\/WAV\/eAAC+\/FlAC, lecteur DivX\/Xvid\/MP4\/H.265, haut-parleur<\/td>\n<\/tr>\n<tr class=\"RowBG1\">\n<th class=\"hdngArial specs-subHeading RowBG1 bottom-border\" align=\"left\">Navigateur<\/th>\n<td class=\"fasla specs-value bottom-border\" colspan=\"2\">HTML5<\/td>\n<\/tr>\n<tr class=\"RowBG1\">\n<th class=\"hdngArial specs-subHeading RowBG1 bottom-border\" align=\"left\">Messagerie<\/th>\n<td class=\"fasla specs-value bottom-border\" colspan=\"2\">SMS (vue filet\u00e9e), MMS, Email, Push Mail, IM<\/td>\n<\/tr>\n<tr class=\"RowBG1\">\n<th class=\"hdngArial specs-subHeading RowBG1 bottom-border\" align=\"left\">Jeux<\/th>\n<td class=\"fasla specs-value bottom-border\" colspan=\"2\">Int\u00e9gr\u00e9 + T\u00e9l\u00e9chargeable<\/td>\n<\/tr>\n<tr class=\"RowBG1\">\n<th class=\"hdngArial specs-subHeading RowBG1 bottom-border\" align=\"left\">Torche<\/th>\n<td class=\"fasla specs-value bottom-border\" colspan=\"2\">Oui<\/td>\n<\/tr>\n<tr class=\"RowBG1\">\n<th class=\"hdngArial specs-subHeading RowBG1 bottom-border-section\" align=\"left\">En plus<\/th>\n<td class=\"fasla specs-value bottom-border-section\" colspan=\"2\">Suppression active du bruit avec micro d\u00e9di\u00e9, \u00e9diteur photo\/vid\u00e9o, visionneuse de documents<\/td>\n<\/tr>\n<tr class=\"RowBG2\">\n<td class=\"hdngArial specs-mainHeading bottom-border-section\" rowspan=\"2\"><strong>Batterie<\/strong><\/td>\n<th class=\"hdngArial specs-subHeading RowBG1 bottom-border\" align=\"left\">Capacit\u00e9<\/th>\n<td class=\"fasla RowBG1 specs-value bottom-border\" colspan=\"2\">(Li-Po non amovible), 5000 mAh<\/td>\n<\/tr>\n<tr class=\"RowBG1\">\n<th class=\"hdngArial specs-subHeading RowBG1 bottom-border-section\" align=\"left\"><\/th>\n<td class=\"fasla specs-value bottom-border-section\" colspan=\"2\">\u2013 Charge rapide 18W<\/td>\n<\/tr>\n<\/tbody>\n<\/table>\n","protected":false},"featured_media":9923,"comment_status":"closed","ping_status":"closed","template":"","meta":{"_bst_post_transparent":"","_bst_post_title":"","_bst_post_layout":"","_bst_post_sidebar_id":"","_bst_post_content_style":"","_bst_post_vertical_padding":"","_bst_post_feature":"","_bst_post_feature_position":"","_bst_post_header":false,"_bst_post_footer":false},"product_brand":[],"product_cat":[152],"product_tag":[],"product_brands":[],"class_list":{"0":"post-9888","1":"product","2":"type-product","3":"status-publish","4":"has-post-thumbnail","6":"product_cat-telephones-accessoires","8":"first","9":"instock","10":"purchasable","11":"product-type-simple","12":"entry","13":"content-bg","14":"loop-entry"},"_links":{"self":[{"href":"https:\/\/anopri.com\/index.php?rest_route=\/wp\/v2\/product\/9888","targetHints":{"allow":["GET"]}}],"collection":[{"href":"https:\/\/anopri.com\/index.php?rest_route=\/wp\/v2\/product"}],"about":[{"href":"https:\/\/anopri.com\/index.php?rest_route=\/wp\/v2\/types\/product"}],"replies":[{"embeddable":true,"href":"https:\/\/anopri.com\/index.php?rest_route=%2Fwp%2Fv2%2Fcomments&post=9888"}],"wp:featuredmedia":[{"embeddable":true,"href":"https:\/\/anopri.com\/index.php?rest_route=\/wp\/v2\/media\/9923"}],"wp:attachment":[{"href":"https:\/\/anopri.com\/index.php?rest_route=%2Fwp%2Fv2%2Fmedia&parent=9888"}],"wp:term":[{"taxonomy":"product_brand","embeddable":true,"href":"https:\/\/anopri.com\/index.php?rest_route=%2Fwp%2Fv2%2Fproduct_brand&post=9888"},{"taxonomy":"product_cat","embeddable":true,"href":"https:\/\/anopri.com\/index.php?rest_route=%2Fwp%2Fv2%2Fproduct_cat&post=9888"},{"taxonomy":"product_tag","embeddable":true,"href":"https:\/\/anopri.com\/index.php?rest_route=%2Fwp%2Fv2%2Fproduct_tag&post=9888"},{"taxonomy":"product_brands","embeddable":true,"href":"https:\/\/anopri.com\/index.php?rest_route=%2Fwp%2Fv2%2Fproduct_brands&post=9888"}],"curies":[{"name":"wp","href":"https:\/\/api.w.org\/{rel}","templated":true}]}}