{"id":9881,"date":"2026-04-25T16:53:12","date_gmt":"2026-04-25T16:53:12","guid":{"rendered":"https:\/\/anopri.com\/?post_type=product&#038;p=9881"},"modified":"2026-04-25T17:08:45","modified_gmt":"2026-04-25T17:08:45","slug":"tondeuse-rechargeable-kiki-new-gain-c24-hc005","status":"publish","type":"product","link":"https:\/\/anopri.com\/?product=tondeuse-rechargeable-kiki-new-gain-c24-hc005","title":{"rendered":"Tondeuse rechargeable Kiki-New gain C24-HC005"},"content":{"rendered":"<p>Cette tondeuse \u00e0 cheveux rechargeable de KIKI offre des performances de coupe sup\u00e9rieures et pr\u00e9cises \u00e0 un prix abordable.\u00a0Il d\u00e9charge 90 minutes de temps de coupe de cheveux \u00e0 pleine charge, ce qui prend environ 12 heures (3V 300mA).\u00a0Livr\u00e9 avec des accessoires de coupe de 3 mm, 6 mm, 9 mm et 12 mm et une brosse de nettoyage.<\/p>\n","protected":false},"excerpt":{"rendered":"<p>Cette tondeuse \u00e0 cheveux rechargeable de KIKI offre des performances de coupe sup\u00e9rieures et pr\u00e9cises \u00e0 un prix abordable.\u00a0Il d\u00e9charge 90 minutes de temps de coupe de cheveux \u00e0 pleine charge, ce qui prend environ 12 heures (3V 300mA).\u00a0Livr\u00e9 avec des accessoires de coupe de 3 mm, 6 mm, 9 mm et 12 mm et une brosse de nettoyage.<\/p>\n","protected":false},"featured_media":9912,"comment_status":"closed","ping_status":"closed","template":"","meta":{"_bst_post_transparent":"","_bst_post_title":"","_bst_post_layout":"","_bst_post_sidebar_id":"","_bst_post_content_style":"","_bst_post_vertical_padding":"","_bst_post_feature":"","_bst_post_feature_position":"","_bst_post_header":false,"_bst_post_footer":false},"product_brand":[],"product_cat":[142,181],"product_tag":[],"product_brands":[],"class_list":{"0":"post-9881","1":"product","2":"type-product","3":"status-publish","4":"has-post-thumbnail","6":"product_cat-electronique","7":"product_cat-les-electriques-de-la-coiffure","9":"first","10":"instock","11":"purchasable","12":"product-type-simple","13":"entry","14":"content-bg","15":"loop-entry"},"_links":{"self":[{"href":"https:\/\/anopri.com\/index.php?rest_route=\/wp\/v2\/product\/9881","targetHints":{"allow":["GET"]}}],"collection":[{"href":"https:\/\/anopri.com\/index.php?rest_route=\/wp\/v2\/product"}],"about":[{"href":"https:\/\/anopri.com\/index.php?rest_route=\/wp\/v2\/types\/product"}],"replies":[{"embeddable":true,"href":"https:\/\/anopri.com\/index.php?rest_route=%2Fwp%2Fv2%2Fcomments&post=9881"}],"wp:featuredmedia":[{"embeddable":true,"href":"https:\/\/anopri.com\/index.php?rest_route=\/wp\/v2\/media\/9912"}],"wp:attachment":[{"href":"https:\/\/anopri.com\/index.php?rest_route=%2Fwp%2Fv2%2Fmedia&parent=9881"}],"wp:term":[{"taxonomy":"product_brand","embeddable":true,"href":"https:\/\/anopri.com\/index.php?rest_route=%2Fwp%2Fv2%2Fproduct_brand&post=9881"},{"taxonomy":"product_cat","embeddable":true,"href":"https:\/\/anopri.com\/index.php?rest_route=%2Fwp%2Fv2%2Fproduct_cat&post=9881"},{"taxonomy":"product_tag","embeddable":true,"href":"https:\/\/anopri.com\/index.php?rest_route=%2Fwp%2Fv2%2Fproduct_tag&post=9881"},{"taxonomy":"product_brands","embeddable":true,"href":"https:\/\/anopri.com\/index.php?rest_route=%2Fwp%2Fv2%2Fproduct_brands&post=9881"}],"curies":[{"name":"wp","href":"https:\/\/api.w.org\/{rel}","templated":true}]}}