{"id":9880,"date":"2026-04-25T16:53:12","date_gmt":"2026-04-25T16:53:12","guid":{"rendered":"https:\/\/anopri.com\/?post_type=product&#038;p=9880"},"modified":"2026-04-25T17:08:45","modified_gmt":"2026-04-25T17:08:45","slug":"kiki-newgain-ng-107-tondeuse-a-cheveux-rechargeable","status":"publish","type":"product","link":"https:\/\/anopri.com\/?product=kiki-newgain-ng-107-tondeuse-a-cheveux-rechargeable","title":{"rendered":"KIKI NEWGAIN NG-107 tondeuse \u00e0 cheveux Rechargeable"},"content":{"rendered":"","protected":false},"excerpt":{"rendered":"<p>Cette tondeuse \u00e0 cheveux convient \u00e0 un usage domestique, ainsi qu&#8217;\u00e0 un usage professionnel en salon. Est une tondeuse \u00e0 cheveux professionnelle rechargeable s\u00fbre et facile \u00e0 utiliser pour une coupe de cheveux parfaite rapide et fiable.<br \/>\n\u00c9quip\u00e9 d&#8217;un moteur \u00e0 faible bruit et longue dur\u00e9e de vie pour une puissance et une vitesse de coupe \u00e9lev\u00e9es.\u00a0Et des lames de coupe parfaites qui peuvent \u00eatre \u00e0 z\u00e9ro espacement pour des r\u00e9sultats de toilettage parfaits.\u00a0La puissance du moteur d&#8217;entra\u00eenement ne chauffe pas pour une utilisation continue, donc aucun risque de surchauffe, de br\u00fblures et d&#8217;\u00e9lectrocution.<br \/>\nAssurez-vous de vous donner une coupe parfaite rapide et facile.<\/p>\n","protected":false},"featured_media":9911,"comment_status":"closed","ping_status":"closed","template":"","meta":{"_bst_post_transparent":"","_bst_post_title":"","_bst_post_layout":"","_bst_post_sidebar_id":"","_bst_post_content_style":"","_bst_post_vertical_padding":"","_bst_post_feature":"","_bst_post_feature_position":"","_bst_post_header":false,"_bst_post_footer":false},"product_brand":[],"product_cat":[142,181],"product_tag":[],"product_brands":[],"class_list":{"0":"post-9880","1":"product","2":"type-product","3":"status-publish","4":"has-post-thumbnail","6":"product_cat-electronique","7":"product_cat-les-electriques-de-la-coiffure","9":"first","10":"instock","11":"purchasable","12":"product-type-simple","13":"entry","14":"content-bg","15":"loop-entry"},"_links":{"self":[{"href":"https:\/\/anopri.com\/index.php?rest_route=\/wp\/v2\/product\/9880","targetHints":{"allow":["GET"]}}],"collection":[{"href":"https:\/\/anopri.com\/index.php?rest_route=\/wp\/v2\/product"}],"about":[{"href":"https:\/\/anopri.com\/index.php?rest_route=\/wp\/v2\/types\/product"}],"replies":[{"embeddable":true,"href":"https:\/\/anopri.com\/index.php?rest_route=%2Fwp%2Fv2%2Fcomments&post=9880"}],"wp:featuredmedia":[{"embeddable":true,"href":"https:\/\/anopri.com\/index.php?rest_route=\/wp\/v2\/media\/9911"}],"wp:attachment":[{"href":"https:\/\/anopri.com\/index.php?rest_route=%2Fwp%2Fv2%2Fmedia&parent=9880"}],"wp:term":[{"taxonomy":"product_brand","embeddable":true,"href":"https:\/\/anopri.com\/index.php?rest_route=%2Fwp%2Fv2%2Fproduct_brand&post=9880"},{"taxonomy":"product_cat","embeddable":true,"href":"https:\/\/anopri.com\/index.php?rest_route=%2Fwp%2Fv2%2Fproduct_cat&post=9880"},{"taxonomy":"product_tag","embeddable":true,"href":"https:\/\/anopri.com\/index.php?rest_route=%2Fwp%2Fv2%2Fproduct_tag&post=9880"},{"taxonomy":"product_brands","embeddable":true,"href":"https:\/\/anopri.com\/index.php?rest_route=%2Fwp%2Fv2%2Fproduct_brands&post=9880"}],"curies":[{"name":"wp","href":"https:\/\/api.w.org\/{rel}","templated":true}]}}