{"id":9879,"date":"2026-04-25T16:53:12","date_gmt":"2026-04-25T16:53:12","guid":{"rendered":"https:\/\/anopri.com\/?post_type=product&#038;p=9879"},"modified":"2026-04-25T17:08:45","modified_gmt":"2026-04-25T17:08:45","slug":"machine-a-coudre-machine-a-coudre-domestique-ja2-1","status":"publish","type":"product","link":"https:\/\/anopri.com\/?product=machine-a-coudre-machine-a-coudre-domestique-ja2-1","title":{"rendered":"Machine a coudre machine \u00e0 coudre domestique JA2-1"},"content":{"rendered":"<p>Ayant \u00e9t\u00e9 utilis\u00e9 pendant 100 ans, est toujours populaire aujourd&#8217;hui.\u00a0Avec une structure simple mais fiable et solide, cette machine est largement utilis\u00e9e dans la couture domestique.\u00a0Il peut \u00eatre actionn\u00e9 manuellement ou par un mini moteur de machine \u00e0 coudre qui peut \u00eatre facilement mont\u00e9 sur les machines.<\/p>\n<p>Ja2-1\u00a0: avec fonction de couture invers\u00e9e<\/p>\n","protected":false},"excerpt":{"rendered":"<p>Ayant \u00e9t\u00e9 utilis\u00e9 pendant 100 ans, est toujours populaire aujourd&#8217;hui.\u00a0Avec une structure simple mais fiable et solide, cette machine est largement utilis\u00e9e dans la couture domestique.\u00a0Il peut \u00eatre actionn\u00e9 manuellement ou par un mini moteur de machine \u00e0 coudre qui peut \u00eatre facilement mont\u00e9 sur les machines.<\/p>\n<p>Ja2-1\u00a0: avec fonction de couture invers\u00e9e<\/p>\n","protected":false},"featured_media":9909,"comment_status":"closed","ping_status":"closed","template":"","meta":{"_bst_post_transparent":"","_bst_post_title":"","_bst_post_layout":"","_bst_post_sidebar_id":"","_bst_post_content_style":"","_bst_post_vertical_padding":"","_bst_post_feature":"","_bst_post_feature_position":"","_bst_post_header":false,"_bst_post_footer":false},"product_brand":[],"product_cat":[176],"product_tag":[],"product_brands":[],"class_list":{"0":"post-9879","1":"product","2":"type-product","3":"status-publish","4":"has-post-thumbnail","6":"product_cat-machines-a-coudre-accessoires-de-couture","8":"first","9":"instock","10":"purchasable","11":"product-type-simple","12":"entry","13":"content-bg","14":"loop-entry"},"_links":{"self":[{"href":"https:\/\/anopri.com\/index.php?rest_route=\/wp\/v2\/product\/9879","targetHints":{"allow":["GET"]}}],"collection":[{"href":"https:\/\/anopri.com\/index.php?rest_route=\/wp\/v2\/product"}],"about":[{"href":"https:\/\/anopri.com\/index.php?rest_route=\/wp\/v2\/types\/product"}],"replies":[{"embeddable":true,"href":"https:\/\/anopri.com\/index.php?rest_route=%2Fwp%2Fv2%2Fcomments&post=9879"}],"wp:featuredmedia":[{"embeddable":true,"href":"https:\/\/anopri.com\/index.php?rest_route=\/wp\/v2\/media\/9909"}],"wp:attachment":[{"href":"https:\/\/anopri.com\/index.php?rest_route=%2Fwp%2Fv2%2Fmedia&parent=9879"}],"wp:term":[{"taxonomy":"product_brand","embeddable":true,"href":"https:\/\/anopri.com\/index.php?rest_route=%2Fwp%2Fv2%2Fproduct_brand&post=9879"},{"taxonomy":"product_cat","embeddable":true,"href":"https:\/\/anopri.com\/index.php?rest_route=%2Fwp%2Fv2%2Fproduct_cat&post=9879"},{"taxonomy":"product_tag","embeddable":true,"href":"https:\/\/anopri.com\/index.php?rest_route=%2Fwp%2Fv2%2Fproduct_tag&post=9879"},{"taxonomy":"product_brands","embeddable":true,"href":"https:\/\/anopri.com\/index.php?rest_route=%2Fwp%2Fv2%2Fproduct_brands&post=9879"}],"curies":[{"name":"wp","href":"https:\/\/api.w.org\/{rel}","templated":true}]}}