{"id":9878,"date":"2026-04-25T16:53:12","date_gmt":"2026-04-25T16:53:12","guid":{"rendered":"https:\/\/anopri.com\/?post_type=product&#038;p=9878"},"modified":"2026-04-25T17:08:45","modified_gmt":"2026-04-25T17:08:45","slug":"silver-crest-melangeur-multifonction-sc-9520","status":"publish","type":"product","link":"https:\/\/anopri.com\/?product=silver-crest-melangeur-multifonction-sc-9520","title":{"rendered":"Silver Crest M\u00e9langeur multifonction SC-9520"},"content":{"rendered":"<p>Ce m\u00e9langeur convient aux aliments durs et \u00e9crase m\u00eame les blocs de glace.\u00a0il est sp\u00e9cialement con\u00e7u pour le lissage des aliments et a la capacit\u00e9 d&#8217;\u00e9craser les graines de tomates en p\u00e2te fine.\u00a0il peut \u00eatre utilis\u00e9 pour les noix, les haricots, le ma\u00efs, les tomates, le poivre,<\/p>\n<p>Il est si important d&#8217;avoir les bons appareils \u00e9lectrom\u00e9nagers, qu&#8217;ils soient grands ou petits, ils vous aident \u00e0 satisfaire les diff\u00e9rents besoins que nous avons dans la maison tout en nous rendant la vie beaucoup plus confortable.<\/p>\n","protected":false},"excerpt":{"rendered":"<p>Ce m\u00e9langeur convient aux aliments durs et \u00e9crase m\u00eame les blocs de glace.\u00a0il est sp\u00e9cialement con\u00e7u pour le lissage des aliments et a la capacit\u00e9 d&#8217;\u00e9craser les graines de tomates en p\u00e2te fine.\u00a0il peut \u00eatre utilis\u00e9 pour les noix, les haricots, le ma\u00efs, les tomates, le poivre,<\/p>\n<p>Il est si important d&#8217;avoir les bons appareils \u00e9lectrom\u00e9nagers, qu&#8217;ils soient grands ou petits, ils vous aident \u00e0 satisfaire les diff\u00e9rents besoins que nous avons dans la maison tout en nous rendant la vie beaucoup plus confortable.<\/p>\n","protected":false},"featured_media":9908,"comment_status":"closed","ping_status":"closed","template":"","meta":{"_bst_post_transparent":"","_bst_post_title":"","_bst_post_layout":"","_bst_post_sidebar_id":"","_bst_post_content_style":"","_bst_post_vertical_padding":"","_bst_post_feature":"","_bst_post_feature_position":"","_bst_post_header":false,"_bst_post_footer":false},"product_brand":[],"product_cat":[145],"product_tag":[],"product_brands":[],"class_list":{"0":"post-9878","1":"product","2":"type-product","3":"status-publish","4":"has-post-thumbnail","6":"product_cat-electromenager","8":"first","9":"instock","10":"purchasable","11":"product-type-simple","12":"entry","13":"content-bg","14":"loop-entry"},"_links":{"self":[{"href":"https:\/\/anopri.com\/index.php?rest_route=\/wp\/v2\/product\/9878","targetHints":{"allow":["GET"]}}],"collection":[{"href":"https:\/\/anopri.com\/index.php?rest_route=\/wp\/v2\/product"}],"about":[{"href":"https:\/\/anopri.com\/index.php?rest_route=\/wp\/v2\/types\/product"}],"replies":[{"embeddable":true,"href":"https:\/\/anopri.com\/index.php?rest_route=%2Fwp%2Fv2%2Fcomments&post=9878"}],"wp:featuredmedia":[{"embeddable":true,"href":"https:\/\/anopri.com\/index.php?rest_route=\/wp\/v2\/media\/9908"}],"wp:attachment":[{"href":"https:\/\/anopri.com\/index.php?rest_route=%2Fwp%2Fv2%2Fmedia&parent=9878"}],"wp:term":[{"taxonomy":"product_brand","embeddable":true,"href":"https:\/\/anopri.com\/index.php?rest_route=%2Fwp%2Fv2%2Fproduct_brand&post=9878"},{"taxonomy":"product_cat","embeddable":true,"href":"https:\/\/anopri.com\/index.php?rest_route=%2Fwp%2Fv2%2Fproduct_cat&post=9878"},{"taxonomy":"product_tag","embeddable":true,"href":"https:\/\/anopri.com\/index.php?rest_route=%2Fwp%2Fv2%2Fproduct_tag&post=9878"},{"taxonomy":"product_brands","embeddable":true,"href":"https:\/\/anopri.com\/index.php?rest_route=%2Fwp%2Fv2%2Fproduct_brands&post=9878"}],"curies":[{"name":"wp","href":"https:\/\/api.w.org\/{rel}","templated":true}]}}