{"id":9877,"date":"2026-04-25T16:53:12","date_gmt":"2026-04-25T16:53:12","guid":{"rendered":"https:\/\/anopri.com\/?post_type=product&#038;p=9877"},"modified":"2026-04-25T17:08:45","modified_gmt":"2026-04-25T17:08:45","slug":"batteur-sur-socle-sonifer-sf-8037","status":"publish","type":"product","link":"https:\/\/anopri.com\/?product=batteur-sur-socle-sonifer-sf-8037","title":{"rendered":"Batteur Sur Socle Sonifer SF-8037"},"content":{"rendered":"<p><span>L&#8217;argenterie en acier inoxydable ici est un batteur sur socle commercial Sonifer SF-8037 de 6,2 litres de couleur rouge.\u00a0<\/span><span>Cet \u00e9quipement de cuisine est essentiel pour la pr\u00e9paration de la p\u00e2te pour les p\u00e2tisseries (muffins, biscuits, tartes) et les fastfoods tels que les rondelles de patates douces, les rondelles d&#8217;oignon, les brochettes et plus encore.\u00a0<\/span><span>Le produit ici est un accessoire de cuisine \u00e0 5 vitesses, avec une tension de 220-240V, une fr\u00e9quence de 50\/60Hz et une consommation \u00e9lectrique totale de 1200W.<\/span><\/p>\n","protected":false},"excerpt":{"rendered":"<p>L&#8217;argenterie en acier inoxydable ici est un batteur sur socle commercial Sonifer SF-8037 de 6,2 litres de couleur rouge.\u00a0Cet \u00e9quipement de cuisine est essentiel pour la pr\u00e9paration de la p\u00e2te pour les p\u00e2tisseries (muffins, biscuits, tartes) et les fastfoods tels que les rondelles de patates douces, les rondelles d&#8217;oignon, les brochettes et plus encore.\u00a0Le produit&#8230;<\/p>\n","protected":false},"featured_media":9907,"comment_status":"closed","ping_status":"closed","template":"","meta":{"_bst_post_transparent":"","_bst_post_title":"","_bst_post_layout":"","_bst_post_sidebar_id":"","_bst_post_content_style":"","_bst_post_vertical_padding":"","_bst_post_feature":"","_bst_post_feature_position":"","_bst_post_header":false,"_bst_post_footer":false},"product_brand":[],"product_cat":[145],"product_tag":[],"product_brands":[],"class_list":{"0":"post-9877","1":"product","2":"type-product","3":"status-publish","4":"has-post-thumbnail","6":"product_cat-electromenager","8":"first","9":"instock","10":"purchasable","11":"product-type-simple","12":"entry","13":"content-bg","14":"loop-entry"},"_links":{"self":[{"href":"https:\/\/anopri.com\/index.php?rest_route=\/wp\/v2\/product\/9877","targetHints":{"allow":["GET"]}}],"collection":[{"href":"https:\/\/anopri.com\/index.php?rest_route=\/wp\/v2\/product"}],"about":[{"href":"https:\/\/anopri.com\/index.php?rest_route=\/wp\/v2\/types\/product"}],"replies":[{"embeddable":true,"href":"https:\/\/anopri.com\/index.php?rest_route=%2Fwp%2Fv2%2Fcomments&post=9877"}],"wp:featuredmedia":[{"embeddable":true,"href":"https:\/\/anopri.com\/index.php?rest_route=\/wp\/v2\/media\/9907"}],"wp:attachment":[{"href":"https:\/\/anopri.com\/index.php?rest_route=%2Fwp%2Fv2%2Fmedia&parent=9877"}],"wp:term":[{"taxonomy":"product_brand","embeddable":true,"href":"https:\/\/anopri.com\/index.php?rest_route=%2Fwp%2Fv2%2Fproduct_brand&post=9877"},{"taxonomy":"product_cat","embeddable":true,"href":"https:\/\/anopri.com\/index.php?rest_route=%2Fwp%2Fv2%2Fproduct_cat&post=9877"},{"taxonomy":"product_tag","embeddable":true,"href":"https:\/\/anopri.com\/index.php?rest_route=%2Fwp%2Fv2%2Fproduct_tag&post=9877"},{"taxonomy":"product_brands","embeddable":true,"href":"https:\/\/anopri.com\/index.php?rest_route=%2Fwp%2Fv2%2Fproduct_brands&post=9877"}],"curies":[{"name":"wp","href":"https:\/\/api.w.org\/{rel}","templated":true}]}}