{"id":9816,"date":"2026-04-25T16:52:54","date_gmt":"2026-04-25T16:52:54","guid":{"rendered":"https:\/\/anopri.com\/?post_type=product&#038;p=9816"},"modified":"2026-04-25T17:08:45","modified_gmt":"2026-04-25T17:08:45","slug":"refrigerateur-hisense-rs-12dc4sa-90l","status":"publish","type":"product","link":"https:\/\/anopri.com\/?product=refrigerateur-hisense-rs-12dc4sa-90l","title":{"rendered":"R\u00e9frig\u00e9rateur Hisense RS-12DC4SA &#8211; 90L"},"content":{"rendered":"<p>Ce r\u00e9frig\u00e9rateur hisense affiche une classe climatique adapt\u00e9e \u00e0 la temp\u00e9rature camerounaise, gage de durabilit\u00e9 et de performance accrue. En effet,\u200e ANOPRI s\u2019engage \u00e0 vous offrir des produits qui contribuent au confort\u200e\u200e,\u200e\u200e \u00e0 l\u200e\u200e\u2019\u200e\u200eam\u00e9lioration de la qualit\u00e9 de vie au quotidien \u00e0 l\u2019image de ce r\u00e9frig\u00e9rateur hisense.\u200e\u200e\u200e Engag\u00e9e sur la voie de l\u200e\u2019\u200einnovation et de l\u200e\u2019\u200e\u00e9cologie\u200e\u200e,\u200e\u200e\u200e hisense vous propose des produits \u00e9l\u00e9gants\u200e\u200e,\u200e\u200e\u200e performants\u200e\u200e,\u200e\u200e\u200e simples, pratiques et faciles \u00e0 utiliser\u200e\u200e.\u200e Optimisez l\u2019espace de stockage de votre r\u00e9frig\u00e9rateur.<\/p>\n","protected":false},"excerpt":{"rendered":"<p>&nbsp;<\/p>\n<ul>\n<li><strong>Type de produit<\/strong>: R\u00e9frig\u00e9rateur vertical<\/li>\n<li><strong>Marque<\/strong>: Hisense<\/li>\n<li><strong>Mod\u00e8le<\/strong>: RS-12DC4SA<\/li>\n<li><strong>Capacit\u00e9 net<\/strong>: 90 L<\/li>\n<li><strong>Capacit\u00e9 de cong\u00e9lation<\/strong>: 10L<\/li>\n<li><strong>Puissance (V\/Hz)<\/strong>: 220-240\/50<\/li>\n<li><strong>Classe \u00e9nerg\u00e9tique<\/strong>:<strong>\u00a0A:A<\/strong>+<\/li>\n<li><strong>Consommation d\u2019\u00e9nergie<\/strong>: 229 kWh\/an<\/li>\n<li><strong>Niveau sonore<\/strong>: 40 dB<\/li>\n<li><strong>Porte<\/strong>:1<\/li>\n<li><strong>Tiroir<\/strong>: 3<\/li>\n<\/ul>\n","protected":false},"featured_media":7049,"comment_status":"closed","ping_status":"closed","template":"","meta":{"_bst_post_transparent":"","_bst_post_title":"","_bst_post_layout":"","_bst_post_sidebar_id":"","_bst_post_content_style":"","_bst_post_vertical_padding":"","_bst_post_feature":"","_bst_post_feature_position":"","_bst_post_header":false,"_bst_post_footer":false},"product_brand":[],"product_cat":[145,157],"product_tag":[],"product_brands":[],"class_list":{"0":"post-9816","1":"product","2":"type-product","3":"status-publish","4":"has-post-thumbnail","6":"product_cat-electromenager","7":"product_cat-refrigerateur","9":"first","10":"instock","11":"purchasable","12":"product-type-simple","13":"entry","14":"content-bg","15":"loop-entry"},"_links":{"self":[{"href":"https:\/\/anopri.com\/index.php?rest_route=\/wp\/v2\/product\/9816","targetHints":{"allow":["GET"]}}],"collection":[{"href":"https:\/\/anopri.com\/index.php?rest_route=\/wp\/v2\/product"}],"about":[{"href":"https:\/\/anopri.com\/index.php?rest_route=\/wp\/v2\/types\/product"}],"replies":[{"embeddable":true,"href":"https:\/\/anopri.com\/index.php?rest_route=%2Fwp%2Fv2%2Fcomments&post=9816"}],"wp:featuredmedia":[{"embeddable":true,"href":"https:\/\/anopri.com\/index.php?rest_route=\/wp\/v2\/media\/7049"}],"wp:attachment":[{"href":"https:\/\/anopri.com\/index.php?rest_route=%2Fwp%2Fv2%2Fmedia&parent=9816"}],"wp:term":[{"taxonomy":"product_brand","embeddable":true,"href":"https:\/\/anopri.com\/index.php?rest_route=%2Fwp%2Fv2%2Fproduct_brand&post=9816"},{"taxonomy":"product_cat","embeddable":true,"href":"https:\/\/anopri.com\/index.php?rest_route=%2Fwp%2Fv2%2Fproduct_cat&post=9816"},{"taxonomy":"product_tag","embeddable":true,"href":"https:\/\/anopri.com\/index.php?rest_route=%2Fwp%2Fv2%2Fproduct_tag&post=9816"},{"taxonomy":"product_brands","embeddable":true,"href":"https:\/\/anopri.com\/index.php?rest_route=%2Fwp%2Fv2%2Fproduct_brands&post=9816"}],"curies":[{"name":"wp","href":"https:\/\/api.w.org\/{rel}","templated":true}]}}