{"id":9814,"date":"2026-04-25T16:52:54","date_gmt":"2026-04-25T16:52:54","guid":{"rendered":"https:\/\/anopri.com\/?post_type=product&#038;p=9814"},"modified":"2026-04-25T17:08:45","modified_gmt":"2026-04-25T17:08:45","slug":"machine-a-patte-ampia-150","status":"publish","type":"product","link":"https:\/\/anopri.com\/?product=machine-a-patte-ampia-150","title":{"rendered":"MACHINE A PATTE AMPIA 150"},"content":{"rendered":"<ul class=\"a-unordered-list a-vertical a-spacing-mini\">\n<li><span class=\"a-list-item\">Il permet d&#8217;obtenir 3 formats de p\u00e2tes<\/span><\/li>\n<li><span class=\"a-list-item\">R\u00e9gulateur \u00e0 10 positions pour diff\u00e9rentes \u00e9paisseurs de T\u00f4le\u00a0: de 4, 8 mm \u00e0 0, 6 mm<\/span><\/li>\n<li><span class=\"a-list-item\">Fabriqu\u00e9 en Italie\u00a0: produit enti\u00e8rement fabriqu\u00e9 en Italie par Marcato<\/span><\/li>\n<li><span class=\"a-list-item\">Accouplement rapide pour moteur (optionnel)<\/span><\/li>\n<li><span class=\"a-list-item\">Structure en acier chrom\u00e9 avec des rouleaux en alliage d&#8217;aluminium anodis\u00e9 pour la nourriture, pour prot\u00e9ger la sant\u00e9 du consommateur<\/span><\/li>\n<\/ul>\n","protected":false},"excerpt":{"rendered":"<ul class=\"a-unordered-list a-vertical a-spacing-mini\">\n<li><span class=\"a-list-item\">Il permet d&#8217;obtenir 3 formats de p\u00e2tes<\/span><\/li>\n<li><span class=\"a-list-item\">R\u00e9gulateur \u00e0 10 positions pour diff\u00e9rentes \u00e9paisseurs de T\u00f4le\u00a0: de 4, 8 mm \u00e0 0, 6 mm<\/span><\/li>\n<li><span class=\"a-list-item\">Fabriqu\u00e9 en Italie\u00a0: produit enti\u00e8rement fabriqu\u00e9 en Italie par Marcato<\/span><\/li>\n<li><span class=\"a-list-item\">Accouplement rapide pour moteur (optionnel)<\/span><\/li>\n<li><span class=\"a-list-item\">Structure en acier chrom\u00e9 avec des rouleaux en alliage d&#8217;aluminium anodis\u00e9 pour la nourriture, pour prot\u00e9ger la sant\u00e9 du consommateur<\/span><\/li>\n<\/ul>\n","protected":false},"featured_media":9863,"comment_status":"closed","ping_status":"closed","template":"","meta":{"_bst_post_transparent":"","_bst_post_title":"","_bst_post_layout":"","_bst_post_sidebar_id":"","_bst_post_content_style":"","_bst_post_vertical_padding":"","_bst_post_feature":"","_bst_post_feature_position":"","_bst_post_header":false,"_bst_post_footer":false},"product_brand":[],"product_cat":[145],"product_tag":[],"product_brands":[],"class_list":{"0":"post-9814","1":"product","2":"type-product","3":"status-publish","4":"has-post-thumbnail","6":"product_cat-electromenager","8":"first","9":"instock","10":"purchasable","11":"product-type-simple","12":"entry","13":"content-bg","14":"loop-entry"},"_links":{"self":[{"href":"https:\/\/anopri.com\/index.php?rest_route=\/wp\/v2\/product\/9814","targetHints":{"allow":["GET"]}}],"collection":[{"href":"https:\/\/anopri.com\/index.php?rest_route=\/wp\/v2\/product"}],"about":[{"href":"https:\/\/anopri.com\/index.php?rest_route=\/wp\/v2\/types\/product"}],"replies":[{"embeddable":true,"href":"https:\/\/anopri.com\/index.php?rest_route=%2Fwp%2Fv2%2Fcomments&post=9814"}],"wp:featuredmedia":[{"embeddable":true,"href":"https:\/\/anopri.com\/index.php?rest_route=\/wp\/v2\/media\/9863"}],"wp:attachment":[{"href":"https:\/\/anopri.com\/index.php?rest_route=%2Fwp%2Fv2%2Fmedia&parent=9814"}],"wp:term":[{"taxonomy":"product_brand","embeddable":true,"href":"https:\/\/anopri.com\/index.php?rest_route=%2Fwp%2Fv2%2Fproduct_brand&post=9814"},{"taxonomy":"product_cat","embeddable":true,"href":"https:\/\/anopri.com\/index.php?rest_route=%2Fwp%2Fv2%2Fproduct_cat&post=9814"},{"taxonomy":"product_tag","embeddable":true,"href":"https:\/\/anopri.com\/index.php?rest_route=%2Fwp%2Fv2%2Fproduct_tag&post=9814"},{"taxonomy":"product_brands","embeddable":true,"href":"https:\/\/anopri.com\/index.php?rest_route=%2Fwp%2Fv2%2Fproduct_brands&post=9814"}],"curies":[{"name":"wp","href":"https:\/\/api.w.org\/{rel}","templated":true}]}}