{"id":9813,"date":"2026-04-25T16:52:54","date_gmt":"2026-04-25T16:52:54","guid":{"rendered":"https:\/\/anopri.com\/?post_type=product&#038;p=9813"},"modified":"2026-04-25T17:08:45","modified_gmt":"2026-04-25T17:08:45","slug":"cuiseur-a-oeufs-koenic-1-a-3-oeufs","status":"publish","type":"product","link":"https:\/\/anopri.com\/?product=cuiseur-a-oeufs-koenic-1-a-3-oeufs","title":{"rendered":"CUISEUR A OEUFS KOENIC ( 1 A 3 OEUFS)"},"content":{"rendered":"<ul class=\"a-unordered-list a-vertical a-spacing-mini\">\n<li><span class=\"a-list-item\">Pour r\u00e9aliser un \u0153uf \u00e0 la cuisson parfaite \u00e0 chaque fois, dur ou mollet, gr\u00e2ce \u00e0 la minuterie<\/span><\/li>\n<li><span class=\"a-list-item\">Convient pour cuire jusqu\u2019\u00e0 3 \u0153ufs \u00e0 la fois<\/span><\/li>\n<li><span class=\"a-list-item\">Verre doseur avec perforateur afin que les \u0153ufs ne se fissurent pas pendant l&#8217;\u00e9bullition<\/span><\/li>\n<li><span class=\"a-list-item\">Facile \u00e0 nettoyer avec ses pi\u00e8ces compatibles au lave-vaisselle et son couvercle en Tritan sans bisph\u00e9nol A<\/span><\/li>\n<\/ul>\n","protected":false},"excerpt":{"rendered":"<p>Nombre max. d&#8217;\u0153ufs:\u00a03<\/p>\n<p>Puissance maximale:\u00a0210 W<\/p>\n<p>Pique-b\u0153uf int\u00e9gr\u00e9: Oui<\/p>\n<p>Type de produit: Cuiseur \u0153ufs<\/p>\n<p>Voyant de fonctionnement:\u00a0Oui<\/p>\n<p>\u00c9l\u00e9ments r\u00e9sistants au lave-vaisselle:\u00a0Oui<\/p>\n<p>Largeur:\u00a0203 mm<\/p>\n","protected":false},"featured_media":9860,"comment_status":"closed","ping_status":"closed","template":"","meta":{"_bst_post_transparent":"","_bst_post_title":"","_bst_post_layout":"","_bst_post_sidebar_id":"","_bst_post_content_style":"","_bst_post_vertical_padding":"","_bst_post_feature":"","_bst_post_feature_position":"","_bst_post_header":false,"_bst_post_footer":false},"product_brand":[],"product_cat":[145],"product_tag":[],"product_brands":[],"class_list":{"0":"post-9813","1":"product","2":"type-product","3":"status-publish","4":"has-post-thumbnail","6":"product_cat-electromenager","8":"first","9":"instock","10":"purchasable","11":"product-type-simple","12":"entry","13":"content-bg","14":"loop-entry"},"_links":{"self":[{"href":"https:\/\/anopri.com\/index.php?rest_route=\/wp\/v2\/product\/9813","targetHints":{"allow":["GET"]}}],"collection":[{"href":"https:\/\/anopri.com\/index.php?rest_route=\/wp\/v2\/product"}],"about":[{"href":"https:\/\/anopri.com\/index.php?rest_route=\/wp\/v2\/types\/product"}],"replies":[{"embeddable":true,"href":"https:\/\/anopri.com\/index.php?rest_route=%2Fwp%2Fv2%2Fcomments&post=9813"}],"wp:featuredmedia":[{"embeddable":true,"href":"https:\/\/anopri.com\/index.php?rest_route=\/wp\/v2\/media\/9860"}],"wp:attachment":[{"href":"https:\/\/anopri.com\/index.php?rest_route=%2Fwp%2Fv2%2Fmedia&parent=9813"}],"wp:term":[{"taxonomy":"product_brand","embeddable":true,"href":"https:\/\/anopri.com\/index.php?rest_route=%2Fwp%2Fv2%2Fproduct_brand&post=9813"},{"taxonomy":"product_cat","embeddable":true,"href":"https:\/\/anopri.com\/index.php?rest_route=%2Fwp%2Fv2%2Fproduct_cat&post=9813"},{"taxonomy":"product_tag","embeddable":true,"href":"https:\/\/anopri.com\/index.php?rest_route=%2Fwp%2Fv2%2Fproduct_tag&post=9813"},{"taxonomy":"product_brands","embeddable":true,"href":"https:\/\/anopri.com\/index.php?rest_route=%2Fwp%2Fv2%2Fproduct_brands&post=9813"}],"curies":[{"name":"wp","href":"https:\/\/api.w.org\/{rel}","templated":true}]}}