{"id":9811,"date":"2026-04-25T16:52:53","date_gmt":"2026-04-25T16:52:53","guid":{"rendered":"https:\/\/anopri.com\/?post_type=product&#038;p=9811"},"modified":"2026-04-25T17:08:45","modified_gmt":"2026-04-25T17:08:45","slug":"lampe-solaire-rechargeable-gdlite-8020","status":"publish","type":"product","link":"https:\/\/anopri.com\/?product=lampe-solaire-rechargeable-gdlite-8020","title":{"rendered":"LAMPE SOLAIRE RECHARGEABLE GDLITE 8020"},"content":{"rendered":"<ul>\n<li>C\u00e2ble USB pour 5 prises pour charger les t\u00e9l\u00e9phones<\/li>\n<li>Le temps de charge complet est d&#8217;environ 10-12 heures.<\/li>\n<li>La couleur noire<\/li>\n<li>Mat\u00e9riel: plastique<\/li>\n<li>Autonomie \u00e0 pleine charge : 1 lampe &#8211; 30 heures,\u00a0\u00a02 lampes &#8211; 15 heures.<\/li>\n<li>Le temps de charge complet est d&#8217;environ 10-12 heures<\/li>\n<li>Caract\u00e9ristiques de fonctionnement : pour \u00e9viter d&#8217;endommager la batterie, ne laissez pas une d\u00e9charge compl\u00e8te, chargez imm\u00e9diatement lorsque la lumi\u00e8re s&#8217;\u00e9teint.<\/li>\n<\/ul>\n","protected":false},"excerpt":{"rendered":"<p>Pour un stockage \u00e0 long terme, il est recommand\u00e9 de charger la batterie pendant 10 \u00e0 12 heures tous les trois mois.<\/p>\n<p>Il est interdit de charger la batterie avec un panneau solaire d&#8217;une puissance sup\u00e9rieure \u00e0 7W 9V.<\/p>\n<p>N&#8217;utilisez pas de lampes lorsque vous chargez votre t\u00e9l\u00e9phone portable.<\/p>\n","protected":false},"featured_media":6954,"comment_status":"closed","ping_status":"closed","template":"","meta":{"_bst_post_transparent":"","_bst_post_title":"","_bst_post_layout":"","_bst_post_sidebar_id":"","_bst_post_content_style":"","_bst_post_vertical_padding":"","_bst_post_feature":"","_bst_post_feature_position":"","_bst_post_header":false,"_bst_post_footer":false},"product_brand":[],"product_cat":[166,187],"product_tag":[],"product_brands":[],"class_list":{"0":"post-9811","1":"product","2":"type-product","3":"status-publish","4":"has-post-thumbnail","6":"product_cat-electricite","7":"product_cat-lampe-rechargeable","9":"first","10":"instock","11":"purchasable","12":"product-type-simple","13":"entry","14":"content-bg","15":"loop-entry"},"_links":{"self":[{"href":"https:\/\/anopri.com\/index.php?rest_route=\/wp\/v2\/product\/9811","targetHints":{"allow":["GET"]}}],"collection":[{"href":"https:\/\/anopri.com\/index.php?rest_route=\/wp\/v2\/product"}],"about":[{"href":"https:\/\/anopri.com\/index.php?rest_route=\/wp\/v2\/types\/product"}],"replies":[{"embeddable":true,"href":"https:\/\/anopri.com\/index.php?rest_route=%2Fwp%2Fv2%2Fcomments&post=9811"}],"wp:featuredmedia":[{"embeddable":true,"href":"https:\/\/anopri.com\/index.php?rest_route=\/wp\/v2\/media\/6954"}],"wp:attachment":[{"href":"https:\/\/anopri.com\/index.php?rest_route=%2Fwp%2Fv2%2Fmedia&parent=9811"}],"wp:term":[{"taxonomy":"product_brand","embeddable":true,"href":"https:\/\/anopri.com\/index.php?rest_route=%2Fwp%2Fv2%2Fproduct_brand&post=9811"},{"taxonomy":"product_cat","embeddable":true,"href":"https:\/\/anopri.com\/index.php?rest_route=%2Fwp%2Fv2%2Fproduct_cat&post=9811"},{"taxonomy":"product_tag","embeddable":true,"href":"https:\/\/anopri.com\/index.php?rest_route=%2Fwp%2Fv2%2Fproduct_tag&post=9811"},{"taxonomy":"product_brands","embeddable":true,"href":"https:\/\/anopri.com\/index.php?rest_route=%2Fwp%2Fv2%2Fproduct_brands&post=9811"}],"curies":[{"name":"wp","href":"https:\/\/api.w.org\/{rel}","templated":true}]}}