{"id":9810,"date":"2026-04-25T16:52:53","date_gmt":"2026-04-25T16:52:53","guid":{"rendered":"https:\/\/anopri.com\/?post_type=product&#038;p=9810"},"modified":"2026-04-25T17:08:45","modified_gmt":"2026-04-25T17:08:45","slug":"ventilateur-refroidisseur-dair-bfk2101r","status":"publish","type":"product","link":"https:\/\/anopri.com\/?product=ventilateur-refroidisseur-dair-bfk2101r","title":{"rendered":"Ventilateur Refroidisseur D&#8217;air BFK2101R"},"content":{"rendered":"<ul>\n<li>R\u00e9glage par t\u00e9l\u00e9commande ou commande tactile<\/li>\n<li>Bonne puissance<\/li>\n<li>R\u00e9servoir d\u2019eau d\u2019une bonne contenance<\/li>\n<li>Simple d\u2019entretien<\/li>\n<li>Bac \u00e0 eau amovible<\/li>\n<li>3 modes de fonctionnement : normal, nuit, vent naturel<\/li>\n<li>\u00a0Autonomie en eau entre 15 et 21 h<\/li>\n<li>Appareil multifonctionnel 3 en 1 : refroidisseur, purificateur, humidificateur<\/li>\n<li>Flux d\u2019air en forme d\u2019anneau<\/li>\n<\/ul>\n","protected":false},"excerpt":{"rendered":"<p>Si vous recherchez un ventilateur sans pales, alors ce refroidisseur d&#8217;air par \u00e9vaporation sera un choix in\u00e9vitable. En raison de la conception sans lame, il est plus s\u00fbr \u00e0 utiliser dans les familles avec enfants ou animaux de compagnie. La sortie d&#8217;air annulaire rend le flux d&#8217;air plus stable et uniforme, la vitesse de refroidissement est plus rapide et la plage de refroidissement est plus large. Peut \u00eatre nettoy\u00e9 et maintenu propre.<\/p>\n","protected":false},"featured_media":6938,"comment_status":"closed","ping_status":"closed","template":"","meta":{"_bst_post_transparent":"","_bst_post_title":"","_bst_post_layout":"","_bst_post_sidebar_id":"","_bst_post_content_style":"","_bst_post_vertical_padding":"","_bst_post_feature":"","_bst_post_feature_position":"","_bst_post_header":false,"_bst_post_footer":false},"product_brand":[],"product_cat":[160,158],"product_tag":[],"product_brands":[],"class_list":{"0":"post-9810","1":"product","2":"type-product","3":"status-publish","4":"has-post-thumbnail","6":"product_cat-climatiseurs-ventilateurs","7":"product_cat-ventilateur","9":"first","10":"instock","11":"purchasable","12":"product-type-simple","13":"entry","14":"content-bg","15":"loop-entry"},"_links":{"self":[{"href":"https:\/\/anopri.com\/index.php?rest_route=\/wp\/v2\/product\/9810","targetHints":{"allow":["GET"]}}],"collection":[{"href":"https:\/\/anopri.com\/index.php?rest_route=\/wp\/v2\/product"}],"about":[{"href":"https:\/\/anopri.com\/index.php?rest_route=\/wp\/v2\/types\/product"}],"replies":[{"embeddable":true,"href":"https:\/\/anopri.com\/index.php?rest_route=%2Fwp%2Fv2%2Fcomments&post=9810"}],"wp:featuredmedia":[{"embeddable":true,"href":"https:\/\/anopri.com\/index.php?rest_route=\/wp\/v2\/media\/6938"}],"wp:attachment":[{"href":"https:\/\/anopri.com\/index.php?rest_route=%2Fwp%2Fv2%2Fmedia&parent=9810"}],"wp:term":[{"taxonomy":"product_brand","embeddable":true,"href":"https:\/\/anopri.com\/index.php?rest_route=%2Fwp%2Fv2%2Fproduct_brand&post=9810"},{"taxonomy":"product_cat","embeddable":true,"href":"https:\/\/anopri.com\/index.php?rest_route=%2Fwp%2Fv2%2Fproduct_cat&post=9810"},{"taxonomy":"product_tag","embeddable":true,"href":"https:\/\/anopri.com\/index.php?rest_route=%2Fwp%2Fv2%2Fproduct_tag&post=9810"},{"taxonomy":"product_brands","embeddable":true,"href":"https:\/\/anopri.com\/index.php?rest_route=%2Fwp%2Fv2%2Fproduct_brands&post=9810"}],"curies":[{"name":"wp","href":"https:\/\/api.w.org\/{rel}","templated":true}]}}