{"id":9809,"date":"2026-04-25T16:52:53","date_gmt":"2026-04-25T16:52:53","guid":{"rendered":"https:\/\/anopri.com\/?post_type=product&#038;p=9809"},"modified":"2026-04-25T17:08:45","modified_gmt":"2026-04-25T17:08:45","slug":"debroussailleuse-sthil-thermique-fs250","status":"publish","type":"product","link":"https:\/\/anopri.com\/?product=debroussailleuse-sthil-thermique-fs250","title":{"rendered":"D\u00e9broussailleuse STHIL Thermique FS250"},"content":{"rendered":"<ul>\n<li><span data-sheets-value=\"{&quot;1&quot;:2,&quot;2&quot;:&quot;- Type du produit : D\u00e9broussailleuse Thermique\\n- Marque:  STIHL\\n- Mod\u00e8le : FS 250\\n- Cylindr\u00e9e : 40,2 cm3\\n- Puissance du moteur : 1,6 Kw \u00e0 9000 tr \/ min\\n- Moteur : 2 temps\\n- Largeur de coupe avec lame : 25 cm\\n- Capacit\u00e9 du r\u00e9servoir du carburant : 0.64 l\\n- Syst\u00e8me de d\u00e9marrage simplifi\u00e9\\n- Syst\u00e8me de d\u00e9marrage Easy2Start\\n- Poign\u00e9e de v\u00e9lo ergonomique\\n- R\u00e9glage de la poign\u00e9e sans outil\\n- Poign\u00e9e de commande multifonction\\n- Poids : 6,3 kg\\n- Garantie : 6 mois\\n- Condition (neuf, occasion, refurbished): Neuf&quot;}\" data-sheets-userformat=\"{&quot;2&quot;:4224,&quot;10&quot;:2,&quot;15&quot;:&quot;Arial&quot;}\"><strong>Type de\u00a0produit<\/strong>\u00a0: D\u00e9broussailleuse Thermique<br \/>\n<\/span><\/li>\n<li><span data-sheets-value=\"{&quot;1&quot;:2,&quot;2&quot;:&quot;- Type du produit : D\u00e9broussailleuse Thermique\\n- Marque:  STIHL\\n- Mod\u00e8le : FS 250\\n- Cylindr\u00e9e : 40,2 cm3\\n- Puissance du moteur : 1,6 Kw \u00e0 9000 tr \/ min\\n- Moteur : 2 temps\\n- Largeur de coupe avec lame : 25 cm\\n- Capacit\u00e9 du r\u00e9servoir du carburant : 0.64 l\\n- Syst\u00e8me de d\u00e9marrage simplifi\u00e9\\n- Syst\u00e8me de d\u00e9marrage Easy2Start\\n- Poign\u00e9e de v\u00e9lo ergonomique\\n- R\u00e9glage de la poign\u00e9e sans outil\\n- Poign\u00e9e de commande multifonction\\n- Poids : 6,3 kg\\n- Garantie : 6 mois\\n- Condition (neuf, occasion, refurbished): Neuf&quot;}\" data-sheets-userformat=\"{&quot;2&quot;:4224,&quot;10&quot;:2,&quot;15&quot;:&quot;Arial&quot;}\"><strong>Marque<\/strong>: STIHL<br \/>\n<\/span><\/li>\n<li><span data-sheets-value=\"{&quot;1&quot;:2,&quot;2&quot;:&quot;- Type du produit : D\u00e9broussailleuse Thermique\\n- Marque:  STIHL\\n- Mod\u00e8le : FS 250\\n- Cylindr\u00e9e : 40,2 cm3\\n- Puissance du moteur : 1,6 Kw \u00e0 9000 tr \/ min\\n- Moteur : 2 temps\\n- Largeur de coupe avec lame : 25 cm\\n- Capacit\u00e9 du r\u00e9servoir du carburant : 0.64 l\\n- Syst\u00e8me de d\u00e9marrage simplifi\u00e9\\n- Syst\u00e8me de d\u00e9marrage Easy2Start\\n- Poign\u00e9e de v\u00e9lo ergonomique\\n- R\u00e9glage de la poign\u00e9e sans outil\\n- Poign\u00e9e de commande multifonction\\n- Poids : 6,3 kg\\n- Garantie : 6 mois\\n- Condition (neuf, occasion, refurbished): Neuf&quot;}\" data-sheets-userformat=\"{&quot;2&quot;:4224,&quot;10&quot;:2,&quot;15&quot;:&quot;Arial&quot;}\"><strong>Mod\u00e8le :<\/strong>\u00a0FS 250<br \/>\n<\/span><\/li>\n<li><span data-sheets-value=\"{&quot;1&quot;:2,&quot;2&quot;:&quot;- Type du produit : D\u00e9broussailleuse Thermique\\n- Marque:  STIHL\\n- Mod\u00e8le : FS 250\\n- Cylindr\u00e9e : 40,2 cm3\\n- Puissance du moteur : 1,6 Kw \u00e0 9000 tr \/ min\\n- Moteur : 2 temps\\n- Largeur de coupe avec lame : 25 cm\\n- Capacit\u00e9 du r\u00e9servoir du carburant : 0.64 l\\n- Syst\u00e8me de d\u00e9marrage simplifi\u00e9\\n- Syst\u00e8me de d\u00e9marrage Easy2Start\\n- Poign\u00e9e de v\u00e9lo ergonomique\\n- R\u00e9glage de la poign\u00e9e sans outil\\n- Poign\u00e9e de commande multifonction\\n- Poids : 6,3 kg\\n- Garantie : 6 mois\\n- Condition (neuf, occasion, refurbished): Neuf&quot;}\" data-sheets-userformat=\"{&quot;2&quot;:4224,&quot;10&quot;:2,&quot;15&quot;:&quot;Arial&quot;}\"><strong>Cylindr\u00e9e :<\/strong>\u00a040,2 cm3<br \/>\n<\/span><\/li>\n<li><span data-sheets-value=\"{&quot;1&quot;:2,&quot;2&quot;:&quot;- Type du produit : D\u00e9broussailleuse Thermique\\n- Marque:  STIHL\\n- Mod\u00e8le : FS 250\\n- Cylindr\u00e9e : 40,2 cm3\\n- Puissance du moteur : 1,6 Kw \u00e0 9000 tr \/ min\\n- Moteur : 2 temps\\n- Largeur de coupe avec lame : 25 cm\\n- Capacit\u00e9 du r\u00e9servoir du carburant : 0.64 l\\n- Syst\u00e8me de d\u00e9marrage simplifi\u00e9\\n- Syst\u00e8me de d\u00e9marrage Easy2Start\\n- Poign\u00e9e de v\u00e9lo ergonomique\\n- R\u00e9glage de la poign\u00e9e sans outil\\n- Poign\u00e9e de commande multifonction\\n- Poids : 6,3 kg\\n- Garantie : 6 mois\\n- Condition (neuf, occasion, refurbished): Neuf&quot;}\" data-sheets-userformat=\"{&quot;2&quot;:4224,&quot;10&quot;:2,&quot;15&quot;:&quot;Arial&quot;}\"><strong>Puissance du moteur<\/strong>\u00a0: 1,6 Kw \u00e0 9000 tr \/ min<br \/>\n<\/span><\/li>\n<li><span data-sheets-value=\"{&quot;1&quot;:2,&quot;2&quot;:&quot;- Type du produit : D\u00e9broussailleuse Thermique\\n- Marque:  STIHL\\n- Mod\u00e8le : FS 250\\n- Cylindr\u00e9e : 40,2 cm3\\n- Puissance du moteur : 1,6 Kw \u00e0 9000 tr \/ min\\n- Moteur : 2 temps\\n- Largeur de coupe avec lame : 25 cm\\n- Capacit\u00e9 du r\u00e9servoir du carburant : 0.64 l\\n- Syst\u00e8me de d\u00e9marrage simplifi\u00e9\\n- Syst\u00e8me de d\u00e9marrage Easy2Start\\n- Poign\u00e9e de v\u00e9lo ergonomique\\n- R\u00e9glage de la poign\u00e9e sans outil\\n- Poign\u00e9e de commande multifonction\\n- Poids : 6,3 kg\\n- Garantie : 6 mois\\n- Condition (neuf, occasion, refurbished): Neuf&quot;}\" data-sheets-userformat=\"{&quot;2&quot;:4224,&quot;10&quot;:2,&quot;15&quot;:&quot;Arial&quot;}\"><strong>Moteur :<\/strong>\u00a02 temps<br \/>\n<\/span><\/li>\n<li><span data-sheets-value=\"{&quot;1&quot;:2,&quot;2&quot;:&quot;- Type du produit : D\u00e9broussailleuse Thermique\\n- Marque:  STIHL\\n- Mod\u00e8le : FS 250\\n- Cylindr\u00e9e : 40,2 cm3\\n- Puissance du moteur : 1,6 Kw \u00e0 9000 tr \/ min\\n- Moteur : 2 temps\\n- Largeur de coupe avec lame : 25 cm\\n- Capacit\u00e9 du r\u00e9servoir du carburant : 0.64 l\\n- Syst\u00e8me de d\u00e9marrage simplifi\u00e9\\n- Syst\u00e8me de d\u00e9marrage Easy2Start\\n- Poign\u00e9e de v\u00e9lo ergonomique\\n- R\u00e9glage de la poign\u00e9e sans outil\\n- Poign\u00e9e de commande multifonction\\n- Poids : 6,3 kg\\n- Garantie : 6 mois\\n- Condition (neuf, occasion, refurbished): Neuf&quot;}\" data-sheets-userformat=\"{&quot;2&quot;:4224,&quot;10&quot;:2,&quot;15&quot;:&quot;Arial&quot;}\"><strong>Largeur de coupe avec lame<\/strong>\u00a0: 25 cm<br \/>\n<\/span><\/li>\n<li><span data-sheets-value=\"{&quot;1&quot;:2,&quot;2&quot;:&quot;- Type du produit : D\u00e9broussailleuse Thermique\\n- Marque:  STIHL\\n- Mod\u00e8le : FS 250\\n- Cylindr\u00e9e : 40,2 cm3\\n- Puissance du moteur : 1,6 Kw \u00e0 9000 tr \/ min\\n- Moteur : 2 temps\\n- Largeur de coupe avec lame : 25 cm\\n- Capacit\u00e9 du r\u00e9servoir du carburant : 0.64 l\\n- Syst\u00e8me de d\u00e9marrage simplifi\u00e9\\n- Syst\u00e8me de d\u00e9marrage Easy2Start\\n- Poign\u00e9e de v\u00e9lo ergonomique\\n- R\u00e9glage de la poign\u00e9e sans outil\\n- Poign\u00e9e de commande multifonction\\n- Poids : 6,3 kg\\n- Garantie : 6 mois\\n- Condition (neuf, occasion, refurbished): Neuf&quot;}\" data-sheets-userformat=\"{&quot;2&quot;:4224,&quot;10&quot;:2,&quot;15&quot;:&quot;Arial&quot;}\"><strong>Capacit\u00e9 du r\u00e9servoir du carburant :<\/strong>\u00a00.64 l<br \/>\n<\/span><\/li>\n<li><span data-sheets-value=\"{&quot;1&quot;:2,&quot;2&quot;:&quot;- Type du produit : D\u00e9broussailleuse Thermique\\n- Marque:  STIHL\\n- Mod\u00e8le : FS 250\\n- Cylindr\u00e9e : 40,2 cm3\\n- Puissance du moteur : 1,6 Kw \u00e0 9000 tr \/ min\\n- Moteur : 2 temps\\n- Largeur de coupe avec lame : 25 cm\\n- Capacit\u00e9 du r\u00e9servoir du carburant : 0.64 l\\n- Syst\u00e8me de d\u00e9marrage simplifi\u00e9\\n- Syst\u00e8me de d\u00e9marrage Easy2Start\\n- Poign\u00e9e de v\u00e9lo ergonomique\\n- R\u00e9glage de la poign\u00e9e sans outil\\n- Poign\u00e9e de commande multifonction\\n- Poids : 6,3 kg\\n- Garantie : 6 mois\\n- Condition (neuf, occasion, refurbished): Neuf&quot;}\" data-sheets-userformat=\"{&quot;2&quot;:4224,&quot;10&quot;:2,&quot;15&quot;:&quot;Arial&quot;}\">Syst\u00e8me de d\u00e9marrage simplifi\u00e9<br \/>\n<\/span><\/li>\n<li><span data-sheets-value=\"{&quot;1&quot;:2,&quot;2&quot;:&quot;- Type du produit : D\u00e9broussailleuse Thermique\\n- Marque:  STIHL\\n- Mod\u00e8le : FS 250\\n- Cylindr\u00e9e : 40,2 cm3\\n- Puissance du moteur : 1,6 Kw \u00e0 9000 tr \/ min\\n- Moteur : 2 temps\\n- Largeur de coupe avec lame : 25 cm\\n- Capacit\u00e9 du r\u00e9servoir du carburant : 0.64 l\\n- Syst\u00e8me de d\u00e9marrage simplifi\u00e9\\n- Syst\u00e8me de d\u00e9marrage Easy2Start\\n- Poign\u00e9e de v\u00e9lo ergonomique\\n- R\u00e9glage de la poign\u00e9e sans outil\\n- Poign\u00e9e de commande multifonction\\n- Poids : 6,3 kg\\n- Garantie : 6 mois\\n- Condition (neuf, occasion, refurbished): Neuf&quot;}\" data-sheets-userformat=\"{&quot;2&quot;:4224,&quot;10&quot;:2,&quot;15&quot;:&quot;Arial&quot;}\">Syst\u00e8me de d\u00e9marrage Easy2Start<br \/>\n<\/span><\/li>\n<li><span data-sheets-value=\"{&quot;1&quot;:2,&quot;2&quot;:&quot;- Type du produit : D\u00e9broussailleuse Thermique\\n- Marque:  STIHL\\n- Mod\u00e8le : FS 250\\n- Cylindr\u00e9e : 40,2 cm3\\n- Puissance du moteur : 1,6 Kw \u00e0 9000 tr \/ min\\n- Moteur : 2 temps\\n- Largeur de coupe avec lame : 25 cm\\n- Capacit\u00e9 du r\u00e9servoir du carburant : 0.64 l\\n- Syst\u00e8me de d\u00e9marrage simplifi\u00e9\\n- Syst\u00e8me de d\u00e9marrage Easy2Start\\n- Poign\u00e9e de v\u00e9lo ergonomique\\n- R\u00e9glage de la poign\u00e9e sans outil\\n- Poign\u00e9e de commande multifonction\\n- Poids : 6,3 kg\\n- Garantie : 6 mois\\n- Condition (neuf, occasion, refurbished): Neuf&quot;}\" data-sheets-userformat=\"{&quot;2&quot;:4224,&quot;10&quot;:2,&quot;15&quot;:&quot;Arial&quot;}\">Poign\u00e9e de v\u00e9lo ergonomique<br \/>\n<\/span><\/li>\n<li><span data-sheets-value=\"{&quot;1&quot;:2,&quot;2&quot;:&quot;- Type du produit : D\u00e9broussailleuse Thermique\\n- Marque:  STIHL\\n- Mod\u00e8le : FS 250\\n- Cylindr\u00e9e : 40,2 cm3\\n- Puissance du moteur : 1,6 Kw \u00e0 9000 tr \/ min\\n- Moteur : 2 temps\\n- Largeur de coupe avec lame : 25 cm\\n- Capacit\u00e9 du r\u00e9servoir du carburant : 0.64 l\\n- Syst\u00e8me de d\u00e9marrage simplifi\u00e9\\n- Syst\u00e8me de d\u00e9marrage Easy2Start\\n- Poign\u00e9e de v\u00e9lo ergonomique\\n- R\u00e9glage de la poign\u00e9e sans outil\\n- Poign\u00e9e de commande multifonction\\n- Poids : 6,3 kg\\n- Garantie : 6 mois\\n- Condition (neuf, occasion, refurbished): Neuf&quot;}\" data-sheets-userformat=\"{&quot;2&quot;:4224,&quot;10&quot;:2,&quot;15&quot;:&quot;Arial&quot;}\">R\u00e9glage de la poign\u00e9e sans outil<br \/>\n<\/span><\/li>\n<li><span data-sheets-value=\"{&quot;1&quot;:2,&quot;2&quot;:&quot;- Type du produit : D\u00e9broussailleuse Thermique\\n- Marque:  STIHL\\n- Mod\u00e8le : FS 250\\n- Cylindr\u00e9e : 40,2 cm3\\n- Puissance du moteur : 1,6 Kw \u00e0 9000 tr \/ min\\n- Moteur : 2 temps\\n- Largeur de coupe avec lame : 25 cm\\n- Capacit\u00e9 du r\u00e9servoir du carburant : 0.64 l\\n- Syst\u00e8me de d\u00e9marrage simplifi\u00e9\\n- Syst\u00e8me de d\u00e9marrage Easy2Start\\n- Poign\u00e9e de v\u00e9lo ergonomique\\n- R\u00e9glage de la poign\u00e9e sans outil\\n- Poign\u00e9e de commande multifonction\\n- Poids : 6,3 kg\\n- Garantie : 6 mois\\n- Condition (neuf, occasion, refurbished): Neuf&quot;}\" data-sheets-userformat=\"{&quot;2&quot;:4224,&quot;10&quot;:2,&quot;15&quot;:&quot;Arial&quot;}\">Poign\u00e9e de commande multifonction<br \/>\n<\/span><\/li>\n<li><span data-sheets-value=\"{&quot;1&quot;:2,&quot;2&quot;:&quot;- Type du produit : D\u00e9broussailleuse Thermique\\n- Marque:  STIHL\\n- Mod\u00e8le : FS 250\\n- Cylindr\u00e9e : 40,2 cm3\\n- Puissance du moteur : 1,6 Kw \u00e0 9000 tr \/ min\\n- Moteur : 2 temps\\n- Largeur de coupe avec lame : 25 cm\\n- Capacit\u00e9 du r\u00e9servoir du carburant : 0.64 l\\n- Syst\u00e8me de d\u00e9marrage simplifi\u00e9\\n- Syst\u00e8me de d\u00e9marrage Easy2Start\\n- Poign\u00e9e de v\u00e9lo ergonomique\\n- R\u00e9glage de la poign\u00e9e sans outil\\n- Poign\u00e9e de commande multifonction\\n- Poids : 6,3 kg\\n- Garantie : 6 mois\\n- Condition (neuf, occasion, refurbished): Neuf&quot;}\" data-sheets-userformat=\"{&quot;2&quot;:4224,&quot;10&quot;:2,&quot;15&quot;:&quot;Arial&quot;}\"><strong>Poids :<\/strong>\u00a06,3 kg<br \/>\n<\/span><\/li>\n<li><span data-sheets-value=\"{&quot;1&quot;:2,&quot;2&quot;:&quot;- Type du produit : D\u00e9broussailleuse Thermique\\n- Marque:  STIHL\\n- Mod\u00e8le : FS 250\\n- Cylindr\u00e9e : 40,2 cm3\\n- Puissance du moteur : 1,6 Kw \u00e0 9000 tr \/ min\\n- Moteur : 2 temps\\n- Largeur de coupe avec lame : 25 cm\\n- Capacit\u00e9 du r\u00e9servoir du carburant : 0.64 l\\n- Syst\u00e8me de d\u00e9marrage simplifi\u00e9\\n- Syst\u00e8me de d\u00e9marrage Easy2Start\\n- Poign\u00e9e de v\u00e9lo ergonomique\\n- R\u00e9glage de la poign\u00e9e sans outil\\n- Poign\u00e9e de commande multifonction\\n- Poids : 6,3 kg\\n- Garantie : 6 mois\\n- Condition (neuf, occasion, refurbished): Neuf&quot;}\" data-sheets-userformat=\"{&quot;2&quot;:4224,&quot;10&quot;:2,&quot;15&quot;:&quot;Arial&quot;}\"><strong>Garantie<\/strong>\u00a0: 6 Mois<br \/>\n<\/span><\/li>\n<\/ul>\n","protected":false},"excerpt":{"rendered":"<p>KOBYCAM Vous propose cette <strong>d\u00e9broussailleuse Thermique professionnelle<\/strong>\u00a0de marque<strong>\u00a0STHIL FS250\u00a0\u00a0<\/strong>Pour vos\u00a0 travaux de tonte difficiles et \u00e0 grande \u00e9chelle.\u00a0<strong>Syst\u00e8me anti-vibration \u00e0 1 point<\/strong>,<strong>\u00a0STIHL ElastoStart<\/strong>,\u00a0<strong>poign\u00e9e multifonction, guidon, r\u00e9glage de la poign\u00e9e sans outil.<\/strong><\/p>\n","protected":false},"featured_media":9854,"comment_status":"closed","ping_status":"closed","template":"","meta":{"_bst_post_transparent":"","_bst_post_title":"","_bst_post_layout":"","_bst_post_sidebar_id":"","_bst_post_content_style":"","_bst_post_vertical_padding":"","_bst_post_feature":"","_bst_post_feature_position":"","_bst_post_header":false,"_bst_post_footer":false},"product_brand":[],"product_cat":[169],"product_tag":[],"product_brands":[],"class_list":{"0":"post-9809","1":"product","2":"type-product","3":"status-publish","4":"has-post-thumbnail","6":"product_cat-ustensiles-gadgets-maison-et-bureau","8":"first","9":"instock","10":"purchasable","11":"product-type-simple","12":"entry","13":"content-bg","14":"loop-entry"},"_links":{"self":[{"href":"https:\/\/anopri.com\/index.php?rest_route=\/wp\/v2\/product\/9809","targetHints":{"allow":["GET"]}}],"collection":[{"href":"https:\/\/anopri.com\/index.php?rest_route=\/wp\/v2\/product"}],"about":[{"href":"https:\/\/anopri.com\/index.php?rest_route=\/wp\/v2\/types\/product"}],"replies":[{"embeddable":true,"href":"https:\/\/anopri.com\/index.php?rest_route=%2Fwp%2Fv2%2Fcomments&post=9809"}],"wp:featuredmedia":[{"embeddable":true,"href":"https:\/\/anopri.com\/index.php?rest_route=\/wp\/v2\/media\/9854"}],"wp:attachment":[{"href":"https:\/\/anopri.com\/index.php?rest_route=%2Fwp%2Fv2%2Fmedia&parent=9809"}],"wp:term":[{"taxonomy":"product_brand","embeddable":true,"href":"https:\/\/anopri.com\/index.php?rest_route=%2Fwp%2Fv2%2Fproduct_brand&post=9809"},{"taxonomy":"product_cat","embeddable":true,"href":"https:\/\/anopri.com\/index.php?rest_route=%2Fwp%2Fv2%2Fproduct_cat&post=9809"},{"taxonomy":"product_tag","embeddable":true,"href":"https:\/\/anopri.com\/index.php?rest_route=%2Fwp%2Fv2%2Fproduct_tag&post=9809"},{"taxonomy":"product_brands","embeddable":true,"href":"https:\/\/anopri.com\/index.php?rest_route=%2Fwp%2Fv2%2Fproduct_brands&post=9809"}],"curies":[{"name":"wp","href":"https:\/\/api.w.org\/{rel}","templated":true}]}}