{"id":9808,"date":"2026-04-25T16:52:53","date_gmt":"2026-04-25T16:52:53","guid":{"rendered":"https:\/\/anopri.com\/?post_type=product&#038;p=9808"},"modified":"2026-04-25T17:08:45","modified_gmt":"2026-04-25T17:08:45","slug":"debroussailleuses-fs400","status":"publish","type":"product","link":"https:\/\/anopri.com\/?product=debroussailleuses-fs400","title":{"rendered":"DE\u0301BROUSSAILLEUSES FS400"},"content":{"rendered":"<p>Les d\u00e9broussailleuses professionnelles, STIHL sont d\u2019une pr\u00e9cieuse pour le fauchage de l\u2019herbe tenace et des broussailles, pour le nettoyage des jeunes plantations ainsi que pour le fauchage et l\u2019entretien, dans l\u2019arboriculture fruiti\u00e8re. Cinq classes de puissance diff\u00e9rentes permettent de trouver facilement le mod\u00e8le le mieux adapte a l\u2019utilisation pr\u00e9vue.<\/p>\n","protected":false},"excerpt":{"rendered":"<p>Les d\u00e9broussailleuses professionnelles, STIHL sont d\u2019une pr\u00e9cieuse pour le fauchage de l\u2019herbe tenace et des broussailles, pour le nettoyage des jeunes plantations ainsi que pour le fauchage et l\u2019entretien, dans l\u2019arboriculture fruiti\u00e8re. Cinq classes de puissance diff\u00e9rentes permettent de trouver facilement le mod\u00e8le le mieux adapte a l\u2019utilisation pr\u00e9vue.<\/p>\n","protected":false},"featured_media":6924,"comment_status":"closed","ping_status":"closed","template":"","meta":{"_bst_post_transparent":"","_bst_post_title":"","_bst_post_layout":"","_bst_post_sidebar_id":"","_bst_post_content_style":"","_bst_post_vertical_padding":"","_bst_post_feature":"","_bst_post_feature_position":"","_bst_post_header":false,"_bst_post_footer":false},"product_brand":[],"product_cat":[169],"product_tag":[],"product_brands":[],"class_list":{"0":"post-9808","1":"product","2":"type-product","3":"status-publish","4":"has-post-thumbnail","6":"product_cat-ustensiles-gadgets-maison-et-bureau","8":"first","9":"instock","10":"purchasable","11":"product-type-simple","12":"entry","13":"content-bg","14":"loop-entry"},"_links":{"self":[{"href":"https:\/\/anopri.com\/index.php?rest_route=\/wp\/v2\/product\/9808","targetHints":{"allow":["GET"]}}],"collection":[{"href":"https:\/\/anopri.com\/index.php?rest_route=\/wp\/v2\/product"}],"about":[{"href":"https:\/\/anopri.com\/index.php?rest_route=\/wp\/v2\/types\/product"}],"replies":[{"embeddable":true,"href":"https:\/\/anopri.com\/index.php?rest_route=%2Fwp%2Fv2%2Fcomments&post=9808"}],"wp:featuredmedia":[{"embeddable":true,"href":"https:\/\/anopri.com\/index.php?rest_route=\/wp\/v2\/media\/6924"}],"wp:attachment":[{"href":"https:\/\/anopri.com\/index.php?rest_route=%2Fwp%2Fv2%2Fmedia&parent=9808"}],"wp:term":[{"taxonomy":"product_brand","embeddable":true,"href":"https:\/\/anopri.com\/index.php?rest_route=%2Fwp%2Fv2%2Fproduct_brand&post=9808"},{"taxonomy":"product_cat","embeddable":true,"href":"https:\/\/anopri.com\/index.php?rest_route=%2Fwp%2Fv2%2Fproduct_cat&post=9808"},{"taxonomy":"product_tag","embeddable":true,"href":"https:\/\/anopri.com\/index.php?rest_route=%2Fwp%2Fv2%2Fproduct_tag&post=9808"},{"taxonomy":"product_brands","embeddable":true,"href":"https:\/\/anopri.com\/index.php?rest_route=%2Fwp%2Fv2%2Fproduct_brands&post=9808"}],"curies":[{"name":"wp","href":"https:\/\/api.w.org\/{rel}","templated":true}]}}