{"id":9806,"date":"2026-04-25T16:52:53","date_gmt":"2026-04-25T16:52:53","guid":{"rendered":"https:\/\/anopri.com\/?post_type=product&#038;p=9806"},"modified":"2026-04-25T17:08:45","modified_gmt":"2026-04-25T17:08:45","slug":"bottes-pour-les-travaux-champetre","status":"publish","type":"product","link":"https:\/\/anopri.com\/?product=bottes-pour-les-travaux-champetre","title":{"rendered":"Bottes pour les Travaux Champ\u00eatre"},"content":{"rendered":"<ul>\n<li>Bottes de s\u00e9curit\u00e9 pour travaux agricoles<\/li>\n<li>Confort et protection absolue pour tous travaux agricoles<\/li>\n<li>Bottes l\u00e9g\u00e8res pour diminuer la fatigue du pied<\/li>\n<li>Semelle SRC pour une excellente adh\u00e9rence sur sol meuble et irr\u00e9gulier<\/li>\n<li>Plusieurs tailles disponibles<\/li>\n<li>Profil facile \u00e0 nettoyer en particulier pour une utilisation dans l&#8217;agriculture<\/li>\n<li>Couleur : verte<\/li>\n<\/ul>\n","protected":false},"excerpt":{"rendered":"<p>Bottes de s\u00e9curit\u00e9 pour travaux agricoles Confort et protection absolue pour tous travaux agricoles Bottes l\u00e9g\u00e8res pour diminuer la fatigue du pied Semelle SRC pour une excellente adh\u00e9rence sur sol meuble et irr\u00e9gulier Plusieurs tailles disponibles Profil facile \u00e0 nettoyer en particulier pour une utilisation dans l&#8217;agriculture Couleur : verte<\/p>\n","protected":false},"featured_media":9851,"comment_status":"closed","ping_status":"closed","template":"","meta":{"_bst_post_transparent":"","_bst_post_title":"","_bst_post_layout":"","_bst_post_sidebar_id":"","_bst_post_content_style":"","_bst_post_vertical_padding":"","_bst_post_feature":"","_bst_post_feature_position":"","_bst_post_header":false,"_bst_post_footer":false},"product_brand":[],"product_cat":[169],"product_tag":[],"product_brands":[],"class_list":{"0":"post-9806","1":"product","2":"type-product","3":"status-publish","4":"has-post-thumbnail","6":"product_cat-ustensiles-gadgets-maison-et-bureau","8":"first","9":"instock","10":"purchasable","11":"product-type-simple","12":"entry","13":"content-bg","14":"loop-entry"},"_links":{"self":[{"href":"https:\/\/anopri.com\/index.php?rest_route=\/wp\/v2\/product\/9806","targetHints":{"allow":["GET"]}}],"collection":[{"href":"https:\/\/anopri.com\/index.php?rest_route=\/wp\/v2\/product"}],"about":[{"href":"https:\/\/anopri.com\/index.php?rest_route=\/wp\/v2\/types\/product"}],"replies":[{"embeddable":true,"href":"https:\/\/anopri.com\/index.php?rest_route=%2Fwp%2Fv2%2Fcomments&post=9806"}],"wp:featuredmedia":[{"embeddable":true,"href":"https:\/\/anopri.com\/index.php?rest_route=\/wp\/v2\/media\/9851"}],"wp:attachment":[{"href":"https:\/\/anopri.com\/index.php?rest_route=%2Fwp%2Fv2%2Fmedia&parent=9806"}],"wp:term":[{"taxonomy":"product_brand","embeddable":true,"href":"https:\/\/anopri.com\/index.php?rest_route=%2Fwp%2Fv2%2Fproduct_brand&post=9806"},{"taxonomy":"product_cat","embeddable":true,"href":"https:\/\/anopri.com\/index.php?rest_route=%2Fwp%2Fv2%2Fproduct_cat&post=9806"},{"taxonomy":"product_tag","embeddable":true,"href":"https:\/\/anopri.com\/index.php?rest_route=%2Fwp%2Fv2%2Fproduct_tag&post=9806"},{"taxonomy":"product_brands","embeddable":true,"href":"https:\/\/anopri.com\/index.php?rest_route=%2Fwp%2Fv2%2Fproduct_brands&post=9806"}],"curies":[{"name":"wp","href":"https:\/\/api.w.org\/{rel}","templated":true}]}}