{"id":9803,"date":"2026-04-25T16:52:53","date_gmt":"2026-04-25T16:52:53","guid":{"rendered":"https:\/\/anopri.com\/?post_type=product&#038;p=9803"},"modified":"2026-04-25T17:08:44","modified_gmt":"2026-04-25T17:08:44","slug":"tv-lg-65-%e2%80%b3-oled-gallery-design-smart-tv-4k","status":"publish","type":"product","link":"https:\/\/anopri.com\/?product=tv-lg-65-%e2%80%b3-oled-gallery-design-smart-tv-4k","title":{"rendered":"TV LG 65 \u2033 OLED Gallery Design Smart TV 4k"},"content":{"rendered":"<ul class=\"feature-list\">\n<li>LG 4K OLED evo avec pixel auto-\u00e9missifs &#8211; Une v\u00e9ritable brillance dans la clart\u00e9 du contenu.<\/li>\n<li>Design ultra-slim (23,1 mm) de la galerie &amp; support mural int\u00e9gr\u00e9.<\/li>\n<li>Processeur \u03b19 Gen4 AI 4K pour une image et un son ultimes.<\/li>\n<li>Ecran : 65&#8243; OLEDR\u00e9solution : 4KR\u00e9cepteur satellite int\u00e9gr\u00e9SMART TV\n<p>3 USB AV, 4 HDMI<\/p>\n<p>T\u00e9l\u00e9commande magique<\/p>\n<p>T\u00e9l\u00e9vision num\u00e9rique<\/p>\n<p>Intelligence artificielle<\/li>\n<\/ul>\n","protected":false},"excerpt":{"rendered":"<ul class=\"feature-list\">\n<li>LG 4K OLED evo avec pixel auto-\u00e9missifs &#8211; Une v\u00e9ritable brillance dans la clart\u00e9 du contenu.<\/li>\n<li>Design ultra-slim (23,1 mm) de la galerie &amp; support mural int\u00e9gr\u00e9.<\/li>\n<li>Processeur \u03b19 Gen4 AI 4K pour une image et un son ultimes.<\/li>\n<\/ul>\n","protected":false},"featured_media":9845,"comment_status":"closed","ping_status":"closed","template":"","meta":{"_bst_post_transparent":"","_bst_post_title":"","_bst_post_layout":"","_bst_post_sidebar_id":"","_bst_post_content_style":"","_bst_post_vertical_padding":"","_bst_post_feature":"","_bst_post_feature_position":"","_bst_post_header":false,"_bst_post_footer":false},"product_brand":[],"product_cat":[142,143,144],"product_tag":[],"product_brands":[],"class_list":{"0":"post-9803","1":"product","2":"type-product","3":"status-publish","4":"has-post-thumbnail","6":"product_cat-electronique","7":"product_cat-television","8":"product_cat-televisions-smart","10":"first","11":"instock","12":"purchasable","13":"product-type-simple","14":"entry","15":"content-bg","16":"loop-entry"},"_links":{"self":[{"href":"https:\/\/anopri.com\/index.php?rest_route=\/wp\/v2\/product\/9803","targetHints":{"allow":["GET"]}}],"collection":[{"href":"https:\/\/anopri.com\/index.php?rest_route=\/wp\/v2\/product"}],"about":[{"href":"https:\/\/anopri.com\/index.php?rest_route=\/wp\/v2\/types\/product"}],"replies":[{"embeddable":true,"href":"https:\/\/anopri.com\/index.php?rest_route=%2Fwp%2Fv2%2Fcomments&post=9803"}],"wp:featuredmedia":[{"embeddable":true,"href":"https:\/\/anopri.com\/index.php?rest_route=\/wp\/v2\/media\/9845"}],"wp:attachment":[{"href":"https:\/\/anopri.com\/index.php?rest_route=%2Fwp%2Fv2%2Fmedia&parent=9803"}],"wp:term":[{"taxonomy":"product_brand","embeddable":true,"href":"https:\/\/anopri.com\/index.php?rest_route=%2Fwp%2Fv2%2Fproduct_brand&post=9803"},{"taxonomy":"product_cat","embeddable":true,"href":"https:\/\/anopri.com\/index.php?rest_route=%2Fwp%2Fv2%2Fproduct_cat&post=9803"},{"taxonomy":"product_tag","embeddable":true,"href":"https:\/\/anopri.com\/index.php?rest_route=%2Fwp%2Fv2%2Fproduct_tag&post=9803"},{"taxonomy":"product_brands","embeddable":true,"href":"https:\/\/anopri.com\/index.php?rest_route=%2Fwp%2Fv2%2Fproduct_brands&post=9803"}],"curies":[{"name":"wp","href":"https:\/\/api.w.org\/{rel}","templated":true}]}}