{"id":9801,"date":"2026-04-25T16:52:53","date_gmt":"2026-04-25T16:52:53","guid":{"rendered":"https:\/\/anopri.com\/?post_type=product&#038;p=9801"},"modified":"2026-04-25T17:08:44","modified_gmt":"2026-04-25T17:08:44","slug":"mixeur-gourmetmaxx-nutrition-blender-deluxe","status":"publish","type":"product","link":"https:\/\/anopri.com\/?product=mixeur-gourmetmaxx-nutrition-blender-deluxe","title":{"rendered":"MIXEUR GOURMETmaxx Nutrition Blender Deluxe"},"content":{"rendered":"<ul class=\"a-unordered-list a-vertical a-spacing-mini\">\n<li><span class=\"a-list-item\">PUISSANT &#8211; Batteur sur socle avec un puissant moteur de 1 000 watts. 22 000 tours par minute pour une pr\u00e9paration rapide et efficace des smoothies.<\/span><\/li>\n<li><span class=\"a-list-item\">POLYVALENT &#8211; Le Nutrition Blender Deluxe poss\u00e8de sept fonctions. Hacher, m\u00e9langer, mixer, r\u00e9duire en pur\u00e9e, hacher, broyer et ranger ne sont pas un probl\u00e8me gr\u00e2ce au puissant moteur de 1 000 watts.<\/span><\/li>\n<li><span class=\"a-list-item\">FAST &amp; EASY &#8211; Smoothies, cocktails, dips, soupes, shakes prot\u00e9in\u00e9s et bien plus encore sont pr\u00e9par\u00e9s en un clin d&#8217;\u0153il.<\/span><\/li>\n<li><span class=\"a-list-item\">TO-GO &#8211; Le couvercle pratique \u00e0 emporter de la machine \u00e0 smoothie est id\u00e9al pour d\u00e9guster votre smoothie dans une tasse lors de vos d\u00e9placements. M\u00e9langez, mettez le couvercle et c&#8217;est parti !<\/span><\/li>\n<li><span class=\"a-list-item\">RECETTES INCLUSES &#8211; Le livre de recettes inclus dans le batteur \u00e0 smoothie permet de profiter de vitamines fra\u00eeches.<\/span><\/li>\n<\/ul>\n","protected":false},"excerpt":{"rendered":"<h3 id=\"title\" class=\"a-size-large a-spacing-none\"><span id=\"productTitle\" class=\"a-size-large product-title-word-break\">GOURMETmaxx Nutrition Blender Deluxe Ensemble de 10 pi\u00e8ces pour smoothies &amp; co. | 22 000 tours pour des smoothies encore plus riches en vitamines | Inclus 3 tasses, couvercle \u00e0 emporter et recettes<\/span><\/h3>\n","protected":false},"featured_media":9840,"comment_status":"closed","ping_status":"closed","template":"","meta":{"_bst_post_transparent":"","_bst_post_title":"","_bst_post_layout":"","_bst_post_sidebar_id":"","_bst_post_content_style":"","_bst_post_vertical_padding":"","_bst_post_feature":"","_bst_post_feature_position":"","_bst_post_header":false,"_bst_post_footer":false},"product_brand":[],"product_cat":[145],"product_tag":[],"product_brands":[],"class_list":{"0":"post-9801","1":"product","2":"type-product","3":"status-publish","4":"has-post-thumbnail","6":"product_cat-electromenager","8":"first","9":"outofstock","10":"purchasable","11":"product-type-simple","12":"entry","13":"content-bg","14":"loop-entry"},"_links":{"self":[{"href":"https:\/\/anopri.com\/index.php?rest_route=\/wp\/v2\/product\/9801","targetHints":{"allow":["GET"]}}],"collection":[{"href":"https:\/\/anopri.com\/index.php?rest_route=\/wp\/v2\/product"}],"about":[{"href":"https:\/\/anopri.com\/index.php?rest_route=\/wp\/v2\/types\/product"}],"replies":[{"embeddable":true,"href":"https:\/\/anopri.com\/index.php?rest_route=%2Fwp%2Fv2%2Fcomments&post=9801"}],"wp:featuredmedia":[{"embeddable":true,"href":"https:\/\/anopri.com\/index.php?rest_route=\/wp\/v2\/media\/9840"}],"wp:attachment":[{"href":"https:\/\/anopri.com\/index.php?rest_route=%2Fwp%2Fv2%2Fmedia&parent=9801"}],"wp:term":[{"taxonomy":"product_brand","embeddable":true,"href":"https:\/\/anopri.com\/index.php?rest_route=%2Fwp%2Fv2%2Fproduct_brand&post=9801"},{"taxonomy":"product_cat","embeddable":true,"href":"https:\/\/anopri.com\/index.php?rest_route=%2Fwp%2Fv2%2Fproduct_cat&post=9801"},{"taxonomy":"product_tag","embeddable":true,"href":"https:\/\/anopri.com\/index.php?rest_route=%2Fwp%2Fv2%2Fproduct_tag&post=9801"},{"taxonomy":"product_brands","embeddable":true,"href":"https:\/\/anopri.com\/index.php?rest_route=%2Fwp%2Fv2%2Fproduct_brands&post=9801"}],"curies":[{"name":"wp","href":"https:\/\/api.w.org\/{rel}","templated":true}]}}