{"id":9735,"date":"2026-04-25T16:52:30","date_gmt":"2026-04-25T16:52:30","guid":{"rendered":"https:\/\/anopri.com\/?post_type=product&#038;p=9735"},"modified":"2026-04-25T17:08:42","modified_gmt":"2026-04-25T17:08:42","slug":"haut-parleur-de-fete-hisense-hp130-audio-hp130","status":"publish","type":"product","link":"https:\/\/anopri.com\/?product=haut-parleur-de-fete-hisense-hp130-audio-hp130","title":{"rendered":"Haut-parleur de f\u00eate Hisense HP130 |\u00a0Audio HP130"},"content":{"rendered":"<h2><span>Haut-parleur de f\u00eate Hisense HP130\u00a0<\/span><\/h2>\n<p><span>Le haut-parleur de f\u00eate Hisense HP130 est un tout-en-un pour le son de f\u00eate, qui donne vie \u00e0 votre f\u00eate avec une puissance de sortie de 400 watts.<\/span><\/p>\n<p><span>L&#8217;enceinte de f\u00eate est dot\u00e9e de lumi\u00e8res LED qui changent de couleur au rythme de la musique pour ajouter plus d&#8217;excitation \u00e0 vos f\u00eates.\u00a0Connectez des haut-parleurs de f\u00eate Hisense doubles, triples ou plus via des c\u00e2bles RCA pour cr\u00e9er l&#8217;\u00e9quipement audio le plus puissant de tous les temps.\u00a0De plus, un son plus puissant signifie de meilleures f\u00eates et plus de plaisir avec des amis.<\/span><\/p>\n<p><span>Avec la multi-connexion Bluetooth, vous et vos amis pouvez vous connecter et coupler deux ou plusieurs jusqu&#8217;\u00e0 8 appareils mobiles simultan\u00e9ment.\u00a0Il vous permet \u00e9galement de partager de la musique et de profiter de chaque instant du son.<\/span><\/p>\n<p><span>Branchez l&#8217;entr\u00e9e de la guitare ou utilisez la radio pour \u00e9couter de la musique et profiter d&#8217;une meilleure vie musicale.\u00a0De plus, profitez d&#8217;un son accentu\u00e9 par les basses avec des basses fr\u00e9quences intensifi\u00e9es pour vos hymnes de f\u00eate<\/span><\/p>\n<table style=\"height: 185px;\" width=\"1021\">\n<tbody>\n<tr>\n<td width=\"225\">Prix chez ANOPRI<\/td>\n<td width=\"225\">170000<\/td>\n<\/tr>\n<tr>\n<td width=\"225\"><span>Bluetooth<\/span><\/td>\n<td width=\"225\"><span>Oui<\/span><\/td>\n<\/tr>\n<tr>\n<td width=\"225\"><span>Clignotant LED<\/span><\/td>\n<td width=\"225\"><span>Oui<\/span><\/td>\n<\/tr>\n<tr>\n<td width=\"225\"><span>RMS<\/span><\/td>\n<td width=\"225\"><span>400 watts<\/span><\/td>\n<\/tr>\n<tr>\n<td width=\"225\"><span>Haut-parleurs de graves int\u00e9gr\u00e9s<\/span><\/td>\n<td width=\"225\"><span>6,5 pouces<\/span><\/td>\n<\/tr>\n<tr>\n<td width=\"225\"><span>Mode karaok\u00e9<\/span><\/td>\n<td width=\"225\"><span>Oui<\/span><\/td>\n<\/tr>\n<tr>\n<td width=\"225\"><span>USB\/MP3\/WMA<\/span><\/td>\n<td width=\"225\"><span>Oui<\/span><\/td>\n<\/tr>\n<\/tbody>\n<\/table>\n<h4><span>Bluetooth<\/span><\/h4>\n<p><img decoding=\"async\" src=\"https:\/\/www.shophisense.com\/wp-content\/uploads\/2021\/05\/8.Bluetooth-Multi.jpg\" \/><\/p>\n<h4><span>Jeu de groupe<\/span><\/h4>\n<p><img decoding=\"async\" src=\"https:\/\/www.shophisense.com\/wp-content\/uploads\/2021\/05\/7.Group-Play.jpg\" \/><\/p>\n<h4><span>Mode karaok\u00e9<\/span><img fetchpriority=\"high\" decoding=\"async\" class=\"\" src=\"https:\/\/www.shophisense.com\/wp-content\/uploads\/2021\/05\/6.Sing-with-your-heart.jpg\" width=\"1058\" height=\"595\" \/><\/h4>\n<h4><span>Lumi\u00e8re LED clignotante<\/span><img decoding=\"async\" src=\"https:\/\/www.shophisense.com\/wp-content\/uploads\/2021\/05\/5.Dance-on-a-colourful-floor.jpg\" \/><\/h4>\n<h4><span>Renforcement des basses<\/span><\/h4>\n<h4><img decoding=\"async\" src=\"https:\/\/www.shophisense.com\/wp-content\/uploads\/2021\/05\/4.Add-further-bass-to-your-party.jpg\" \/><\/h4>\n<h4><span>Woofer int\u00e9gr\u00e9 de 200 watts<\/span><img decoding=\"async\" src=\"https:\/\/www.shophisense.com\/wp-content\/uploads\/2021\/05\/3.Enhanced-the-bass-experience.jpg\" \/><\/h4>\n<h4><span>Puissance de sortie de 400 watts<\/span><img decoding=\"async\" src=\"https:\/\/www.shophisense.com\/wp-content\/uploads\/2021\/05\/2.Fill-party-with-powerful-sound.jpg\" \/><\/h4>\n<p>&nbsp;<\/p>\n","protected":false},"excerpt":{"rendered":"<ul class=\"product-card__options-list\">\n<li>RMS 400W<\/li>\n<li>USB\/MP3\/WMA<\/li>\n<li>HAUT-PARLEURS LED CLIGNOTANTS<\/li>\n<li>BLUETOOTH<\/li>\n<li>ENTR\u00c9E LIGNE\/USB\/RCA\/ENTR\u00c9E KARAOK\u00c9\/ENTR\u00c9E GUITARE\/CHA\u00ceNE FILAIRE<\/li>\n<\/ul>\n","protected":false},"featured_media":6603,"comment_status":"closed","ping_status":"closed","template":"","meta":{"_bst_post_transparent":"","_bst_post_title":"","_bst_post_layout":"","_bst_post_sidebar_id":"","_bst_post_content_style":"","_bst_post_vertical_padding":"","_bst_post_feature":"","_bst_post_feature_position":"","_bst_post_header":false,"_bst_post_footer":false},"product_brand":[],"product_cat":[147,142,162,175],"product_tag":[],"product_brands":[],"class_list":{"0":"post-9735","1":"product","2":"type-product","3":"status-publish","4":"has-post-thumbnail","6":"product_cat-audio-hifi","7":"product_cat-electronique","8":"product_cat-enceinte-bluetooth","9":"product_cat-woofer","11":"first","12":"instock","13":"sale","14":"purchasable","15":"product-type-simple","16":"entry","17":"content-bg","18":"loop-entry"},"_links":{"self":[{"href":"https:\/\/anopri.com\/index.php?rest_route=\/wp\/v2\/product\/9735","targetHints":{"allow":["GET"]}}],"collection":[{"href":"https:\/\/anopri.com\/index.php?rest_route=\/wp\/v2\/product"}],"about":[{"href":"https:\/\/anopri.com\/index.php?rest_route=\/wp\/v2\/types\/product"}],"replies":[{"embeddable":true,"href":"https:\/\/anopri.com\/index.php?rest_route=%2Fwp%2Fv2%2Fcomments&post=9735"}],"wp:featuredmedia":[{"embeddable":true,"href":"https:\/\/anopri.com\/index.php?rest_route=\/wp\/v2\/media\/6603"}],"wp:attachment":[{"href":"https:\/\/anopri.com\/index.php?rest_route=%2Fwp%2Fv2%2Fmedia&parent=9735"}],"wp:term":[{"taxonomy":"product_brand","embeddable":true,"href":"https:\/\/anopri.com\/index.php?rest_route=%2Fwp%2Fv2%2Fproduct_brand&post=9735"},{"taxonomy":"product_cat","embeddable":true,"href":"https:\/\/anopri.com\/index.php?rest_route=%2Fwp%2Fv2%2Fproduct_cat&post=9735"},{"taxonomy":"product_tag","embeddable":true,"href":"https:\/\/anopri.com\/index.php?rest_route=%2Fwp%2Fv2%2Fproduct_tag&post=9735"},{"taxonomy":"product_brands","embeddable":true,"href":"https:\/\/anopri.com\/index.php?rest_route=%2Fwp%2Fv2%2Fproduct_brands&post=9735"}],"curies":[{"name":"wp","href":"https:\/\/api.w.org\/{rel}","templated":true}]}}