{"id":9733,"date":"2026-04-25T16:52:30","date_gmt":"2026-04-25T16:52:30","guid":{"rendered":"https:\/\/anopri.com\/?post_type=product&#038;p=9733"},"modified":"2026-04-25T17:08:42","modified_gmt":"2026-04-25T17:08:42","slug":"barre-de-son-hisense-hs212","status":"publish","type":"product","link":"https:\/\/anopri.com\/?product=barre-de-son-hisense-hs212","title":{"rendered":"Barre de son Hisense HS212"},"content":{"rendered":"<p>La barre de son HS212F est \u00e9quip\u00e9e de 3 haut-parleurs dont un caisson de basses sans fil qui d\u00e9livrent \u00e0 l\u2019unissons une puissance sonore de 240 watts*. De plus, chaque mode sonore a \u00e9t\u00e9 calibr\u00e9 pour fournir un son d\u2019une qualit\u00e9 professionnelle, qu\u2019importe le contenu que vous regardez<\/p>\n","protected":false},"excerpt":{"rendered":"<ul>\n<li><span data-sheets-value=\"{&quot;1&quot;:2,&quot;2&quot;:&quot;Marque : Hisense\\nMod\u00e8le : HS212 ,Subwoofer sans fil BT\\nType : Barre de son\\nHaut-parleur Woofer \/ ch : 42*157mm Run Track *2, 6 ohm\\nPuissance de sortie nominale : 120W RMS\\nConnectivit\u00e9 : BlueTooth , USB En option\\nTension d'entr\u00e9e : AC 100~240V\\nConsommation : 20W*2 THD:10%, 40W, &lt; 0.5W\\nFr\u00e9quence : 50\/60Hz\\nDimensions (mm) : 960 x 80 x 55mm&quot;}\" data-sheets-userformat=\"{&quot;2&quot;:39555,&quot;3&quot;:{&quot;1&quot;:0},&quot;4&quot;:[null,2,16777215],&quot;10&quot;:2,&quot;12&quot;:0,&quot;14&quot;:[null,2,0],&quot;15&quot;:&quot;Arial&quot;,&quot;18&quot;:1}\"><strong>Marque :<\/strong>\u00a0Hisense<br \/>\n<\/span><\/li>\n<li><span data-sheets-value=\"{&quot;1&quot;:2,&quot;2&quot;:&quot;Marque : Hisense\\nMod\u00e8le : HS212 ,Subwoofer sans fil BT\\nType : Barre de son\\nHaut-parleur Woofer \/ ch : 42*157mm Run Track *2, 6 ohm\\nPuissance de sortie nominale : 120W RMS\\nConnectivit\u00e9 : BlueTooth , USB En option\\nTension d'entr\u00e9e : AC 100~240V\\nConsommation : 20W*2 THD:10%, 40W, &lt; 0.5W\\nFr\u00e9quence : 50\/60Hz\\nDimensions (mm) : 960 x 80 x 55mm&quot;}\" data-sheets-userformat=\"{&quot;2&quot;:39555,&quot;3&quot;:{&quot;1&quot;:0},&quot;4&quot;:[null,2,16777215],&quot;10&quot;:2,&quot;12&quot;:0,&quot;14&quot;:[null,2,0],&quot;15&quot;:&quot;Arial&quot;,&quot;18&quot;:1}\"><strong>Mod\u00e8le :<\/strong>\u00a0HS212 ,Subwoofer sans fil BT<br \/>\n<\/span><\/li>\n<li><span data-sheets-value=\"{&quot;1&quot;:2,&quot;2&quot;:&quot;Marque : Hisense\\nMod\u00e8le : HS212 ,Subwoofer sans fil BT\\nType : Barre de son\\nHaut-parleur Woofer \/ ch : 42*157mm Run Track *2, 6 ohm\\nPuissance de sortie nominale : 120W RMS\\nConnectivit\u00e9 : BlueTooth , USB En option\\nTension d'entr\u00e9e : AC 100~240V\\nConsommation : 20W*2 THD:10%, 40W, &lt; 0.5W\\nFr\u00e9quence : 50\/60Hz\\nDimensions (mm) : 960 x 80 x 55mm&quot;}\" data-sheets-userformat=\"{&quot;2&quot;:39555,&quot;3&quot;:{&quot;1&quot;:0},&quot;4&quot;:[null,2,16777215],&quot;10&quot;:2,&quot;12&quot;:0,&quot;14&quot;:[null,2,0],&quot;15&quot;:&quot;Arial&quot;,&quot;18&quot;:1}\"><strong>Type :<\/strong>\u00a0Barre de son<br \/>\n<\/span><\/li>\n<li><span data-sheets-value=\"{&quot;1&quot;:2,&quot;2&quot;:&quot;Marque : Hisense\\nMod\u00e8le : HS212 ,Subwoofer sans fil BT\\nType : Barre de son\\nHaut-parleur Woofer \/ ch : 42*157mm Run Track *2, 6 ohm\\nPuissance de sortie nominale : 120W RMS\\nConnectivit\u00e9 : BlueTooth , USB En option\\nTension d'entr\u00e9e : AC 100~240V\\nConsommation : 20W*2 THD:10%, 40W, &lt; 0.5W\\nFr\u00e9quence : 50\/60Hz\\nDimensions (mm) : 960 x 80 x 55mm&quot;}\" data-sheets-userformat=\"{&quot;2&quot;:39555,&quot;3&quot;:{&quot;1&quot;:0},&quot;4&quot;:[null,2,16777215],&quot;10&quot;:2,&quot;12&quot;:0,&quot;14&quot;:[null,2,0],&quot;15&quot;:&quot;Arial&quot;,&quot;18&quot;:1}\"><strong>Haut-parleur Woofer \/ ch :<\/strong>\u00a042x157mm Run Track x2, 6 ohm<br \/>\n<\/span><\/li>\n<li><span data-sheets-value=\"{&quot;1&quot;:2,&quot;2&quot;:&quot;Marque : Hisense\\nMod\u00e8le : HS212 ,Subwoofer sans fil BT\\nType : Barre de son\\nHaut-parleur Woofer \/ ch : 42*157mm Run Track *2, 6 ohm\\nPuissance de sortie nominale : 120W RMS\\nConnectivit\u00e9 : BlueTooth , USB En option\\nTension d'entr\u00e9e : AC 100~240V\\nConsommation : 20W*2 THD:10%, 40W, &lt; 0.5W\\nFr\u00e9quence : 50\/60Hz\\nDimensions (mm) : 960 x 80 x 55mm&quot;}\" data-sheets-userformat=\"{&quot;2&quot;:39555,&quot;3&quot;:{&quot;1&quot;:0},&quot;4&quot;:[null,2,16777215],&quot;10&quot;:2,&quot;12&quot;:0,&quot;14&quot;:[null,2,0],&quot;15&quot;:&quot;Arial&quot;,&quot;18&quot;:1}\"><strong>Puissance de sortie nominale :<\/strong>\u00a0120W RMS<br \/>\n<\/span><\/li>\n<li><span data-sheets-value=\"{&quot;1&quot;:2,&quot;2&quot;:&quot;Marque : Hisense\\nMod\u00e8le : HS212 ,Subwoofer sans fil BT\\nType : Barre de son\\nHaut-parleur Woofer \/ ch : 42*157mm Run Track *2, 6 ohm\\nPuissance de sortie nominale : 120W RMS\\nConnectivit\u00e9 : BlueTooth , USB En option\\nTension d'entr\u00e9e : AC 100~240V\\nConsommation : 20W*2 THD:10%, 40W, &lt; 0.5W\\nFr\u00e9quence : 50\/60Hz\\nDimensions (mm) : 960 x 80 x 55mm&quot;}\" data-sheets-userformat=\"{&quot;2&quot;:39555,&quot;3&quot;:{&quot;1&quot;:0},&quot;4&quot;:[null,2,16777215],&quot;10&quot;:2,&quot;12&quot;:0,&quot;14&quot;:[null,2,0],&quot;15&quot;:&quot;Arial&quot;,&quot;18&quot;:1}\"><strong>Connectivit\u00e9 :<\/strong>\u00a0BlueTooth , USB En option<br \/>\n<\/span><\/li>\n<li><span data-sheets-value=\"{&quot;1&quot;:2,&quot;2&quot;:&quot;Marque : Hisense\\nMod\u00e8le : HS212 ,Subwoofer sans fil BT\\nType : Barre de son\\nHaut-parleur Woofer \/ ch : 42*157mm Run Track *2, 6 ohm\\nPuissance de sortie nominale : 120W RMS\\nConnectivit\u00e9 : BlueTooth , USB En option\\nTension d'entr\u00e9e : AC 100~240V\\nConsommation : 20W*2 THD:10%, 40W, &lt; 0.5W\\nFr\u00e9quence : 50\/60Hz\\nDimensions (mm) : 960 x 80 x 55mm&quot;}\" data-sheets-userformat=\"{&quot;2&quot;:39555,&quot;3&quot;:{&quot;1&quot;:0},&quot;4&quot;:[null,2,16777215],&quot;10&quot;:2,&quot;12&quot;:0,&quot;14&quot;:[null,2,0],&quot;15&quot;:&quot;Arial&quot;,&quot;18&quot;:1}\"><strong>Tension d&#8217;entr\u00e9e :<\/strong>\u00a0AC 100~240V<br \/>\n<\/span><\/li>\n<li><span data-sheets-value=\"{&quot;1&quot;:2,&quot;2&quot;:&quot;Marque : Hisense\\nMod\u00e8le : HS212 ,Subwoofer sans fil BT\\nType : Barre de son\\nHaut-parleur Woofer \/ ch : 42*157mm Run Track *2, 6 ohm\\nPuissance de sortie nominale : 120W RMS\\nConnectivit\u00e9 : BlueTooth , USB En option\\nTension d'entr\u00e9e : AC 100~240V\\nConsommation : 20W*2 THD:10%, 40W, &lt; 0.5W\\nFr\u00e9quence : 50\/60Hz\\nDimensions (mm) : 960 x 80 x 55mm&quot;}\" data-sheets-userformat=\"{&quot;2&quot;:39555,&quot;3&quot;:{&quot;1&quot;:0},&quot;4&quot;:[null,2,16777215],&quot;10&quot;:2,&quot;12&quot;:0,&quot;14&quot;:[null,2,0],&quot;15&quot;:&quot;Arial&quot;,&quot;18&quot;:1}\"><strong>Consommation :<\/strong>\u00a020Wx2 THD:10%, 40W, &lt; 0.5W<br \/>\n<\/span><\/li>\n<li><span data-sheets-value=\"{&quot;1&quot;:2,&quot;2&quot;:&quot;Marque : Hisense\\nMod\u00e8le : HS212 ,Subwoofer sans fil BT\\nType : Barre de son\\nHaut-parleur Woofer \/ ch : 42*157mm Run Track *2, 6 ohm\\nPuissance de sortie nominale : 120W RMS\\nConnectivit\u00e9 : BlueTooth , USB En option\\nTension d'entr\u00e9e : AC 100~240V\\nConsommation : 20W*2 THD:10%, 40W, &lt; 0.5W\\nFr\u00e9quence : 50\/60Hz\\nDimensions (mm) : 960 x 80 x 55mm&quot;}\" data-sheets-userformat=\"{&quot;2&quot;:39555,&quot;3&quot;:{&quot;1&quot;:0},&quot;4&quot;:[null,2,16777215],&quot;10&quot;:2,&quot;12&quot;:0,&quot;14&quot;:[null,2,0],&quot;15&quot;:&quot;Arial&quot;,&quot;18&quot;:1}\"><strong>Fr\u00e9quence :<\/strong>\u00a050\/60Hz<br \/>\n<\/span><\/li>\n<li><span data-sheets-value=\"{&quot;1&quot;:2,&quot;2&quot;:&quot;Marque : Hisense\\nMod\u00e8le : HS212 ,Subwoofer sans fil BT\\nType : Barre de son\\nHaut-parleur Woofer \/ ch : 42*157mm Run Track *2, 6 ohm\\nPuissance de sortie nominale : 120W RMS\\nConnectivit\u00e9 : BlueTooth , USB En option\\nTension d'entr\u00e9e : AC 100~240V\\nConsommation : 20W*2 THD:10%, 40W, &lt; 0.5W\\nFr\u00e9quence : 50\/60Hz\\nDimensions (mm) : 960 x 80 x 55mm&quot;}\" data-sheets-userformat=\"{&quot;2&quot;:39555,&quot;3&quot;:{&quot;1&quot;:0},&quot;4&quot;:[null,2,16777215],&quot;10&quot;:2,&quot;12&quot;:0,&quot;14&quot;:[null,2,0],&quot;15&quot;:&quot;Arial&quot;,&quot;18&quot;:1}\"><strong>Dimensions (mm) :<\/strong>\u00a0960 x 80 x 55mm<\/span><\/li>\n<\/ul>\n","protected":false},"featured_media":9795,"comment_status":"closed","ping_status":"closed","template":"","meta":{"_bst_post_transparent":"","_bst_post_title":"","_bst_post_layout":"","_bst_post_sidebar_id":"","_bst_post_content_style":"","_bst_post_vertical_padding":"","_bst_post_feature":"","_bst_post_feature_position":"","_bst_post_header":false,"_bst_post_footer":false},"product_brand":[],"product_cat":[147,165],"product_tag":[],"product_brands":[],"class_list":{"0":"post-9733","1":"product","2":"type-product","3":"status-publish","4":"has-post-thumbnail","6":"product_cat-audio-hifi","7":"product_cat-barre-de-son","9":"first","10":"instock","11":"purchasable","12":"product-type-simple","13":"entry","14":"content-bg","15":"loop-entry"},"_links":{"self":[{"href":"https:\/\/anopri.com\/index.php?rest_route=\/wp\/v2\/product\/9733","targetHints":{"allow":["GET"]}}],"collection":[{"href":"https:\/\/anopri.com\/index.php?rest_route=\/wp\/v2\/product"}],"about":[{"href":"https:\/\/anopri.com\/index.php?rest_route=\/wp\/v2\/types\/product"}],"replies":[{"embeddable":true,"href":"https:\/\/anopri.com\/index.php?rest_route=%2Fwp%2Fv2%2Fcomments&post=9733"}],"wp:featuredmedia":[{"embeddable":true,"href":"https:\/\/anopri.com\/index.php?rest_route=\/wp\/v2\/media\/9795"}],"wp:attachment":[{"href":"https:\/\/anopri.com\/index.php?rest_route=%2Fwp%2Fv2%2Fmedia&parent=9733"}],"wp:term":[{"taxonomy":"product_brand","embeddable":true,"href":"https:\/\/anopri.com\/index.php?rest_route=%2Fwp%2Fv2%2Fproduct_brand&post=9733"},{"taxonomy":"product_cat","embeddable":true,"href":"https:\/\/anopri.com\/index.php?rest_route=%2Fwp%2Fv2%2Fproduct_cat&post=9733"},{"taxonomy":"product_tag","embeddable":true,"href":"https:\/\/anopri.com\/index.php?rest_route=%2Fwp%2Fv2%2Fproduct_tag&post=9733"},{"taxonomy":"product_brands","embeddable":true,"href":"https:\/\/anopri.com\/index.php?rest_route=%2Fwp%2Fv2%2Fproduct_brands&post=9733"}],"curies":[{"name":"wp","href":"https:\/\/api.w.org\/{rel}","templated":true}]}}