{"id":9731,"date":"2026-04-25T16:52:30","date_gmt":"2026-04-25T16:52:30","guid":{"rendered":"https:\/\/anopri.com\/?post_type=product&#038;p=9731"},"modified":"2026-04-25T17:08:42","modified_gmt":"2026-04-25T17:08:42","slug":"tv-hisense-smart-50-ultra-hd","status":"publish","type":"product","link":"https:\/\/anopri.com\/?product=tv-hisense-smart-50-ultra-hd","title":{"rendered":"TV Hisense Smart 50&#8243; &#8211; Ultra HD"},"content":{"rendered":"<p>Les images \u00e9poustouflantes de la\u00a0<strong>hisense 50 pouces smart tv\u00a0 <\/strong>vous offriront une exp\u00e9rience unique. Pr\u00e9parez-vous \u00e0 red\u00e9couvrir vos films favoris ! Cette<strong>\u00a0t\u00e9l\u00e9vision<\/strong>\u00a0propos\u00e9e par Hisense est un tr\u00e8s bon mod\u00e8le\u00a0<strong>4k<\/strong>\u00a0qui, alli\u00e9 \u00e0 la fonction<strong>\u00a0HDR\u00a0<\/strong>offre un rendu de toute beaut\u00e9. Elle int\u00e8gre de nombreuses fonctions aujourd\u2019hui indispensable \u00e0 tout cin\u00e9phile ou amateur de belles images sportives. Il s&#8217;agit d&#8217;une<strong>\u00a0smart TV\u00a0<\/strong>de qualit\u00e9 qui vous plonge compl\u00e8tement dans un monde connect\u00e9 et vous fait avoir acc\u00e8s \u00e0 de nombreuses applications, le tout confortablement install\u00e9 sur votre sofa.<\/p>\n<p>La\u00a0<strong>t\u00e9l\u00e9vision intelligente<\/strong>\u00a0de marque\u00a0<strong>Hisense<\/strong>\u00a0qui vous offrent une r\u00e9solution UHD-4K de\u00a0<strong>\u00a03840 x 2160 pixels,<\/strong>\u00a0compatible avec tout l&#8217;\u00e9cosyst\u00e8me 4K :\u00a0avec une cl\u00e9 USB, en streaming, ou via la TNT gr\u00e2ce \u00e0 l&#8217;Upscaler 4K. Quelle que soit votre source de contenus, vous aurez une image nette et pr\u00e9cise.\u00a0La\u00a0<strong>TV Hisense 50 pouces<\/strong>\u00a0est dot\u00e9e d\u2019un algorithme aliment\u00e9 par l\u2019IA, L&#8217;<strong>Upscale 4K\u00a0<\/strong>est capable d\u2019analyser intelligemment les images et d\u2019ajuster chaque pixels avec pr\u00e9cision en optimisant la luminosit\u00e9 et les contrastes. Vous n\u2019avez plus \u00e0 vous soucier du manque de\u00a0 contenu 4K. Il vous suffit de profiter d\u2019images nettes et d\u00e9taill\u00e9es gr\u00e2ce \u00e0 la r\u00e9solution UHD 4K.<\/p>\n","protected":false},"excerpt":{"rendered":"<p>Type de produit : t\u00e9l\u00e9viseur<\/p>\n<p>Marque : Hisense<\/p>\n<p>Mod\u00e8le : A7100<\/p>\n<p>Taille d&#8217;\u00e9cran : 50 pouces<\/p>\n<p>Cat\u00e9gorie : Tv extra large<\/p>\n<p>Type de t\u00e9l\u00e9viseur : intelligent<\/p>\n<p>R\u00e9solution : DEL 4K<\/p>\n<p>Fr\u00e9quence : 50\/60 Hz<\/p>\n<p>Processeur : Quad Core<\/p>\n<p>Syst\u00e8me d&#8217;exploitation : Vidaa U 3.0<\/p>\n<p>Puissance : 220 V-240 V<\/p>\n<p>Application pour smartphone : RemoteNow (Android &amp; iOS)<\/p>\n<p>Classe \u00e9nerg\u00e9tique : A<\/p>\n<p>Connectivit\u00e9 : HDMI x3, USB x2, entr\u00e9e et sortie audio, ethernet, entr\u00e9e composite (AV), bluetooth<\/p>\n<p>Dimensions : 1293 \u00d7 226 \u00d7 813 mm<\/p>\n<p>Acc\u00e8s direct sur la t\u00e9l\u00e9commande : Netflix, Youtube, Prime Video, Rakuten TV<\/p>\n<p>Divers : assistant vocale (Alexa), partage d&#8217;\u00e9cran, navigateur internet, wifi int\u00e9gr\u00e9,<\/p>\n<p>Garantie : 3 mois<\/p>\n","protected":false},"featured_media":9790,"comment_status":"closed","ping_status":"closed","template":"","meta":{"_bst_post_transparent":"","_bst_post_title":"","_bst_post_layout":"","_bst_post_sidebar_id":"","_bst_post_content_style":"","_bst_post_vertical_padding":"","_bst_post_feature":"","_bst_post_feature_position":"","_bst_post_header":false,"_bst_post_footer":false},"product_brand":[],"product_cat":[143,144],"product_tag":[],"product_brands":[],"class_list":{"0":"post-9731","1":"product","2":"type-product","3":"status-publish","4":"has-post-thumbnail","6":"product_cat-television","7":"product_cat-televisions-smart","9":"first","10":"instock","11":"sale","12":"purchasable","13":"product-type-simple","14":"entry","15":"content-bg","16":"loop-entry"},"_links":{"self":[{"href":"https:\/\/anopri.com\/index.php?rest_route=\/wp\/v2\/product\/9731","targetHints":{"allow":["GET"]}}],"collection":[{"href":"https:\/\/anopri.com\/index.php?rest_route=\/wp\/v2\/product"}],"about":[{"href":"https:\/\/anopri.com\/index.php?rest_route=\/wp\/v2\/types\/product"}],"replies":[{"embeddable":true,"href":"https:\/\/anopri.com\/index.php?rest_route=%2Fwp%2Fv2%2Fcomments&post=9731"}],"wp:featuredmedia":[{"embeddable":true,"href":"https:\/\/anopri.com\/index.php?rest_route=\/wp\/v2\/media\/9790"}],"wp:attachment":[{"href":"https:\/\/anopri.com\/index.php?rest_route=%2Fwp%2Fv2%2Fmedia&parent=9731"}],"wp:term":[{"taxonomy":"product_brand","embeddable":true,"href":"https:\/\/anopri.com\/index.php?rest_route=%2Fwp%2Fv2%2Fproduct_brand&post=9731"},{"taxonomy":"product_cat","embeddable":true,"href":"https:\/\/anopri.com\/index.php?rest_route=%2Fwp%2Fv2%2Fproduct_cat&post=9731"},{"taxonomy":"product_tag","embeddable":true,"href":"https:\/\/anopri.com\/index.php?rest_route=%2Fwp%2Fv2%2Fproduct_tag&post=9731"},{"taxonomy":"product_brands","embeddable":true,"href":"https:\/\/anopri.com\/index.php?rest_route=%2Fwp%2Fv2%2Fproduct_brands&post=9731"}],"curies":[{"name":"wp","href":"https:\/\/api.w.org\/{rel}","templated":true}]}}