{"id":9730,"date":"2026-04-25T16:52:30","date_gmt":"2026-04-25T16:52:30","guid":{"rendered":"https:\/\/anopri.com\/?post_type=product&#038;p=9730"},"modified":"2026-04-25T17:08:42","modified_gmt":"2026-04-25T17:08:42","slug":"micro-ondes-hisense-h25mobs7h-900-w-25l-commande-numerique","status":"publish","type":"product","link":"https:\/\/anopri.com\/?product=micro-ondes-hisense-h25mobs7h-900-w-25l-commande-numerique","title":{"rendered":"Micro-ondes Hisense H25MOBS7H- 900 W- 25L commande num\u00e9rique"},"content":{"rendered":"<p>Un four \u00e0 micro ondes est un appareil \u00e9lectrom\u00e9nager tr\u00e8s pratique dans la cuisine. Il r\u00e9chauffe et d\u00e9cong\u00e8le les aliments en quelques instants. ce mod\u00e8le dispose une tr\u00e8s grande capacit\u00e9 de 25 litres et int\u00e8gre une technologie qui vous permet de r\u00e9chauffer vos aliments plus rapidement et efficacement.<\/p>\n","protected":false},"excerpt":{"rendered":"<ul>\n<li>&#8211; Type Produit :\u00a0Micro-ondes<\/li>\n<li>&#8211; Marque :\u00a0Hisense<\/li>\n<li>&#8211; Mod\u00e8le :\u00a0H25MOBS7H<\/li>\n<li>&#8211; Capacit\u00e9 :\u00a025 Litres<\/li>\n<li>&#8211; Couleur\u00a0: Noir<\/li>\n<li>&#8211; Puissance de moteur :\u00a0Micro-ondes 900W<\/li>\n<li>&#8211; Mode d&#8217;\u00e9conomie d&#8217;\u00e9nergie<\/li>\n<li>&#8211; Format :\u00a0Pose libre<\/li>\n<li>&#8211; Type de four \u00e0 micro-ondes :\u00a0Four micro-ondes mono fonction<\/li>\n<li>&#8211; Garantie:\u00a006 mois<\/li>\n<\/ul>\n","protected":false},"featured_media":9786,"comment_status":"closed","ping_status":"closed","template":"","meta":{"_bst_post_transparent":"","_bst_post_title":"","_bst_post_layout":"","_bst_post_sidebar_id":"","_bst_post_content_style":"","_bst_post_vertical_padding":"","_bst_post_feature":"","_bst_post_feature_position":"","_bst_post_header":false,"_bst_post_footer":false},"product_brand":[],"product_cat":[145,154],"product_tag":[],"product_brands":[],"class_list":{"0":"post-9730","1":"product","2":"type-product","3":"status-publish","4":"has-post-thumbnail","6":"product_cat-electromenager","7":"product_cat-micro-onde-fours","9":"first","10":"instock","11":"purchasable","12":"product-type-simple","13":"entry","14":"content-bg","15":"loop-entry"},"_links":{"self":[{"href":"https:\/\/anopri.com\/index.php?rest_route=\/wp\/v2\/product\/9730","targetHints":{"allow":["GET"]}}],"collection":[{"href":"https:\/\/anopri.com\/index.php?rest_route=\/wp\/v2\/product"}],"about":[{"href":"https:\/\/anopri.com\/index.php?rest_route=\/wp\/v2\/types\/product"}],"replies":[{"embeddable":true,"href":"https:\/\/anopri.com\/index.php?rest_route=%2Fwp%2Fv2%2Fcomments&post=9730"}],"wp:featuredmedia":[{"embeddable":true,"href":"https:\/\/anopri.com\/index.php?rest_route=\/wp\/v2\/media\/9786"}],"wp:attachment":[{"href":"https:\/\/anopri.com\/index.php?rest_route=%2Fwp%2Fv2%2Fmedia&parent=9730"}],"wp:term":[{"taxonomy":"product_brand","embeddable":true,"href":"https:\/\/anopri.com\/index.php?rest_route=%2Fwp%2Fv2%2Fproduct_brand&post=9730"},{"taxonomy":"product_cat","embeddable":true,"href":"https:\/\/anopri.com\/index.php?rest_route=%2Fwp%2Fv2%2Fproduct_cat&post=9730"},{"taxonomy":"product_tag","embeddable":true,"href":"https:\/\/anopri.com\/index.php?rest_route=%2Fwp%2Fv2%2Fproduct_tag&post=9730"},{"taxonomy":"product_brands","embeddable":true,"href":"https:\/\/anopri.com\/index.php?rest_route=%2Fwp%2Fv2%2Fproduct_brands&post=9730"}],"curies":[{"name":"wp","href":"https:\/\/api.w.org\/{rel}","templated":true}]}}