{"id":9729,"date":"2026-04-25T16:52:30","date_gmt":"2026-04-25T16:52:30","guid":{"rendered":"https:\/\/anopri.com\/?post_type=product&#038;p=9729"},"modified":"2026-04-25T17:08:42","modified_gmt":"2026-04-25T17:08:42","slug":"refrigerateur-oscar-osc-r255s","status":"publish","type":"product","link":"https:\/\/anopri.com\/?product=refrigerateur-oscar-osc-r255s","title":{"rendered":"R\u00e9frigerateur OSCAR OSC-R255S"},"content":{"rendered":"<p>Le r\u00e9frig\u00e9rateur est un outil incontournable de la cuisine. Indispensable \u00e0 la conservation des aliments frais. R\u00e9frig\u00e9rateur compresseur est un r\u00e9frig\u00e9rateur de haute qualit\u00e9 et une marque\u00a0<strong>OSCAR<\/strong>. Il est dot\u00e9 d&#8217;une conception \u00e0 faible bruit.\u00a0Il est constitu\u00e9 de deux parties \u00e9gales \u00e0 savoir : un cong\u00e9lateur et un r\u00e9frig\u00e9rateur et un compresseur impressionnant.<\/p>\n","protected":false},"excerpt":{"rendered":"<ul>\n<li><strong>Marque:<\/strong>\u00a0Oscar<\/li>\n<\/ul>\n<div>\n<ul>\n<li><strong>Mod\u00e8le :\u00a0<\/strong>OSC-R255S<\/li>\n<li><strong>Type de climat :<\/strong>\u00a0ST\/T<\/li>\n<li><strong>Volume total :<\/strong>\u00a0225L<\/li>\n<li><strong>Cong\u00e9lateur(L):<\/strong>\u00a051L<\/li>\n<li><strong>R\u00e9frig\u00e9rateur :<\/strong>\u00a0184L<\/li>\n<li><strong>Capacit\u00e9 de r\u00e9frig\u00e9ration(Kg\/24h) :<\/strong>\u00a02.5kg<\/li>\n<li><strong>Dimension global (largeur, hauteur) :<\/strong>\u00a0142cm x52cm<\/li>\n<li><strong>Tension nominal (VAC) :<\/strong>\u00a0220-240<\/li>\n<li><strong>Fr\u00e9quence d&#8217;\u00e9valuation(Hz) :<\/strong>\u00a050Hz<\/li>\n<li><strong>Courant nominal :<\/strong>\u00a01.0A<\/li>\n<li><strong>Puissance d\u2019entr\u00e9e nominale (W) :<\/strong>\u00a0120w<\/li>\n<li><strong>Consommation d\u2019\u00e9nergie (KWh\/24h) :<\/strong>\u00a00.74kwh\/24h<\/li>\n<li><strong>R\u00e9frig\u00e9rante :<\/strong>\u00a0 \u00a0 R600a<\/li>\n<li><strong>Poids du r\u00e9frig\u00e9rant :<\/strong>\u00a050g<\/li>\n<li><strong>Bruit db :<\/strong>\u00a040<\/li>\n<li><strong>Poids :<\/strong>37kg<\/li>\n<li><strong>Garantie :<\/strong>\u00a006 mois<\/li>\n<\/ul>\n<\/div>\n<p>&nbsp;<\/p>\n","protected":false},"featured_media":9784,"comment_status":"closed","ping_status":"closed","template":"","meta":{"_bst_post_transparent":"","_bst_post_title":"","_bst_post_layout":"","_bst_post_sidebar_id":"","_bst_post_content_style":"","_bst_post_vertical_padding":"","_bst_post_feature":"","_bst_post_feature_position":"","_bst_post_header":false,"_bst_post_footer":false},"product_brand":[],"product_cat":[145,157],"product_tag":[],"product_brands":[],"class_list":{"0":"post-9729","1":"product","2":"type-product","3":"status-publish","4":"has-post-thumbnail","6":"product_cat-electromenager","7":"product_cat-refrigerateur","9":"first","10":"instock","11":"sale","12":"purchasable","13":"product-type-simple","14":"entry","15":"content-bg","16":"loop-entry"},"_links":{"self":[{"href":"https:\/\/anopri.com\/index.php?rest_route=\/wp\/v2\/product\/9729","targetHints":{"allow":["GET"]}}],"collection":[{"href":"https:\/\/anopri.com\/index.php?rest_route=\/wp\/v2\/product"}],"about":[{"href":"https:\/\/anopri.com\/index.php?rest_route=\/wp\/v2\/types\/product"}],"replies":[{"embeddable":true,"href":"https:\/\/anopri.com\/index.php?rest_route=%2Fwp%2Fv2%2Fcomments&post=9729"}],"wp:featuredmedia":[{"embeddable":true,"href":"https:\/\/anopri.com\/index.php?rest_route=\/wp\/v2\/media\/9784"}],"wp:attachment":[{"href":"https:\/\/anopri.com\/index.php?rest_route=%2Fwp%2Fv2%2Fmedia&parent=9729"}],"wp:term":[{"taxonomy":"product_brand","embeddable":true,"href":"https:\/\/anopri.com\/index.php?rest_route=%2Fwp%2Fv2%2Fproduct_brand&post=9729"},{"taxonomy":"product_cat","embeddable":true,"href":"https:\/\/anopri.com\/index.php?rest_route=%2Fwp%2Fv2%2Fproduct_cat&post=9729"},{"taxonomy":"product_tag","embeddable":true,"href":"https:\/\/anopri.com\/index.php?rest_route=%2Fwp%2Fv2%2Fproduct_tag&post=9729"},{"taxonomy":"product_brands","embeddable":true,"href":"https:\/\/anopri.com\/index.php?rest_route=%2Fwp%2Fv2%2Fproduct_brands&post=9729"}],"curies":[{"name":"wp","href":"https:\/\/api.w.org\/{rel}","templated":true}]}}