{"id":9724,"date":"2026-04-25T16:52:30","date_gmt":"2026-04-25T16:52:30","guid":{"rendered":"https:\/\/anopri.com\/?post_type=product&#038;p=9724"},"modified":"2026-04-25T17:08:42","modified_gmt":"2026-04-25T17:08:42","slug":"cocotte-minute-en-aluminium-20l","status":"publish","type":"product","link":"https:\/\/anopri.com\/?product=cocotte-minute-en-aluminium-20l","title":{"rendered":"COCOTTE MINUTE EN ALUMINIUM 20L"},"content":{"rendered":"<ul>\n<li><strong>Type de produit:\u00a0<\/strong>cocotte \u00a0minute<\/li>\n<li><strong>Marque:\u00a0<\/strong>g\u00e9n\u00e9rique<\/li>\n<li><strong>Mati\u00e8re:<\/strong>\u00a0Aluminium<\/li>\n<li><strong>Capacit\u00e9:<\/strong>\u00a020 L<\/li>\n<li><strong>Couleur:\u00a0<\/strong>gris argent\u00e9<\/li>\n<\/ul>\n","protected":false},"excerpt":{"rendered":"<p>Une cocotte minute au corps en aluminium qui la rend l\u00e9g\u00e8re et durable, elle poss\u00e8de des poign\u00e9es en plastique ignifuge qui vous prermettront de la d\u00e9placer m\u00eame chaude. Pratique et facile \u00e0 nettoyer, cette cocotte minute a\u00a0<strong>une capacit\u00e9 de 20 litres<\/strong>,\u00a0 elle conviendra alors aux familles nombreuses et en plus elle peut \u00eatre consid\u00e9r\u00e9e comme une marmite de type traditionnel.<\/p>\n","protected":false},"featured_media":9770,"comment_status":"closed","ping_status":"closed","template":"","meta":{"_bst_post_transparent":"","_bst_post_title":"","_bst_post_layout":"","_bst_post_sidebar_id":"","_bst_post_content_style":"","_bst_post_vertical_padding":"","_bst_post_feature":"","_bst_post_feature_position":"","_bst_post_header":false,"_bst_post_footer":false},"product_brand":[],"product_cat":[145],"product_tag":[],"product_brands":[],"class_list":{"0":"post-9724","1":"product","2":"type-product","3":"status-publish","4":"has-post-thumbnail","6":"product_cat-electromenager","8":"first","9":"instock","10":"purchasable","11":"product-type-simple","12":"entry","13":"content-bg","14":"loop-entry"},"_links":{"self":[{"href":"https:\/\/anopri.com\/index.php?rest_route=\/wp\/v2\/product\/9724","targetHints":{"allow":["GET"]}}],"collection":[{"href":"https:\/\/anopri.com\/index.php?rest_route=\/wp\/v2\/product"}],"about":[{"href":"https:\/\/anopri.com\/index.php?rest_route=\/wp\/v2\/types\/product"}],"replies":[{"embeddable":true,"href":"https:\/\/anopri.com\/index.php?rest_route=%2Fwp%2Fv2%2Fcomments&post=9724"}],"wp:featuredmedia":[{"embeddable":true,"href":"https:\/\/anopri.com\/index.php?rest_route=\/wp\/v2\/media\/9770"}],"wp:attachment":[{"href":"https:\/\/anopri.com\/index.php?rest_route=%2Fwp%2Fv2%2Fmedia&parent=9724"}],"wp:term":[{"taxonomy":"product_brand","embeddable":true,"href":"https:\/\/anopri.com\/index.php?rest_route=%2Fwp%2Fv2%2Fproduct_brand&post=9724"},{"taxonomy":"product_cat","embeddable":true,"href":"https:\/\/anopri.com\/index.php?rest_route=%2Fwp%2Fv2%2Fproduct_cat&post=9724"},{"taxonomy":"product_tag","embeddable":true,"href":"https:\/\/anopri.com\/index.php?rest_route=%2Fwp%2Fv2%2Fproduct_tag&post=9724"},{"taxonomy":"product_brands","embeddable":true,"href":"https:\/\/anopri.com\/index.php?rest_route=%2Fwp%2Fv2%2Fproduct_brands&post=9724"}],"curies":[{"name":"wp","href":"https:\/\/api.w.org\/{rel}","templated":true}]}}