{"id":9723,"date":"2026-04-25T16:52:30","date_gmt":"2026-04-25T16:52:30","guid":{"rendered":"https:\/\/anopri.com\/?post_type=product&#038;p=9723"},"modified":"2026-04-25T17:08:42","modified_gmt":"2026-04-25T17:08:42","slug":"tv-lg-32-numerique-32lp50","status":"publish","type":"product","link":"https:\/\/anopri.com\/?product=tv-lg-32-numerique-32lp50","title":{"rendered":"TV LG 32&#8243; NUMERIQUE-32LP50"},"content":{"rendered":"<ul>\n<li><strong>Type de produit :\u00a0<\/strong>t\u00e9l\u00e9viseur<\/li>\n<li><strong>Marque :\u00a0<\/strong>LG<\/li>\n<li><strong>Mod\u00e8le :\u00a0<\/strong>32LP500BPTA<\/li>\n<li><strong>Taille de l&#8217;\u00e9cran :\u00a0<\/strong>32&#8243;<\/li>\n<li><strong>Type d&#8217;\u00e9cran :\u00a0<\/strong>FHD<\/li>\n<li><strong>R\u00e9solution:\u00a0<\/strong>1920 x 1080<\/li>\n<li><strong>Connectivit\u00e9:\u00a0<\/strong>2 x HDMI, entr\u00e9e vid\u00e9o du composant, Sortie audio num\u00e9rique (optique),USB 2.0<\/li>\n<li><strong>Classe \u00e9nerg\u00e9tique:\u00a0<\/strong>A<\/li>\n<li><strong>Haut-parleur (sortie sonore) :<\/strong>\u00a010 W<\/li>\n<li><strong>Alimentation \u00e9lectrique: \u00a0<\/strong>100\u00a0~\u00a0240\u00a0V CA, 50-60\u00a0Hz<\/li>\n<li><strong>Mode Image :\u00a0<\/strong>Oui 6 modes (MEA)<\/li>\n<li><strong>Garantie: 06<\/strong>\u00a0mois<\/li>\n<\/ul>\n","protected":false},"excerpt":{"rendered":"<p>Le monde des t\u00e9l\u00e9viseurs s&#8217;am\u00e9liore chaque jour, avec une gamme d&#8217;\u00e9crans haut de gamme, des fonctionnalit\u00e9s int\u00e9gr\u00e9es et des tailles d&#8217;\u00e9cran. Vous pouvez d\u00e9sormais regarder vos \u00e9missions pr\u00e9f\u00e9r\u00e9es sur des t\u00e9l\u00e9viseurs de taille que vous n&#8217;auriez m\u00eame pas imagin\u00e9s possible. La fa\u00e7on la plus simple d&#8217;acheter un t\u00e9l\u00e9viseur est de la taille et du type d&#8217;\u00e9cran.<\/p>\n","protected":false},"featured_media":6448,"comment_status":"closed","ping_status":"closed","template":"","meta":{"_bst_post_transparent":"","_bst_post_title":"","_bst_post_layout":"","_bst_post_sidebar_id":"","_bst_post_content_style":"","_bst_post_vertical_padding":"","_bst_post_feature":"","_bst_post_feature_position":"","_bst_post_header":false,"_bst_post_footer":false},"product_brand":[],"product_cat":[142,143],"product_tag":[],"product_brands":[],"class_list":{"0":"post-9723","1":"product","2":"type-product","3":"status-publish","4":"has-post-thumbnail","6":"product_cat-electronique","7":"product_cat-television","9":"first","10":"instock","11":"purchasable","12":"product-type-simple","13":"entry","14":"content-bg","15":"loop-entry"},"_links":{"self":[{"href":"https:\/\/anopri.com\/index.php?rest_route=\/wp\/v2\/product\/9723","targetHints":{"allow":["GET"]}}],"collection":[{"href":"https:\/\/anopri.com\/index.php?rest_route=\/wp\/v2\/product"}],"about":[{"href":"https:\/\/anopri.com\/index.php?rest_route=\/wp\/v2\/types\/product"}],"replies":[{"embeddable":true,"href":"https:\/\/anopri.com\/index.php?rest_route=%2Fwp%2Fv2%2Fcomments&post=9723"}],"wp:featuredmedia":[{"embeddable":true,"href":"https:\/\/anopri.com\/index.php?rest_route=\/wp\/v2\/media\/6448"}],"wp:attachment":[{"href":"https:\/\/anopri.com\/index.php?rest_route=%2Fwp%2Fv2%2Fmedia&parent=9723"}],"wp:term":[{"taxonomy":"product_brand","embeddable":true,"href":"https:\/\/anopri.com\/index.php?rest_route=%2Fwp%2Fv2%2Fproduct_brand&post=9723"},{"taxonomy":"product_cat","embeddable":true,"href":"https:\/\/anopri.com\/index.php?rest_route=%2Fwp%2Fv2%2Fproduct_cat&post=9723"},{"taxonomy":"product_tag","embeddable":true,"href":"https:\/\/anopri.com\/index.php?rest_route=%2Fwp%2Fv2%2Fproduct_tag&post=9723"},{"taxonomy":"product_brands","embeddable":true,"href":"https:\/\/anopri.com\/index.php?rest_route=%2Fwp%2Fv2%2Fproduct_brands&post=9723"}],"curies":[{"name":"wp","href":"https:\/\/api.w.org\/{rel}","templated":true}]}}