{"id":9722,"date":"2026-04-25T16:52:30","date_gmt":"2026-04-25T16:52:30","guid":{"rendered":"https:\/\/anopri.com\/?post_type=product&#038;p=9722"},"modified":"2026-04-25T17:08:42","modified_gmt":"2026-04-25T17:08:42","slug":"fer-a-repasser-singer-modele-423-2200w","status":"publish","type":"product","link":"https:\/\/anopri.com\/?product=fer-a-repasser-singer-modele-423-2200w","title":{"rendered":"Fer \u00e0 repasser SINGER mod\u00e8le 423 \/ 2200W"},"content":{"rendered":"<p>Semelle antiadh\u00e9rente pour un repassage ais\u00e9 de tous les tissus<br \/>\nLa fonction autonettoyante permet de supprimer les d\u00e9p\u00f4ts de calcaire et les impuret\u00e9s accumul\u00e9es dans les buses \u00e0 vapeur<br \/>\nFonctionne \u00e0 l\u2019eau du robinet et dispose d\u2019un syst\u00e8me anticalcaire pour pr\u00e9venir la formation de d\u00e9p\u00f4ts<br \/>\nLa fonction de d\u00e9froissage vertical \u00e0 la vapeur permet de d\u00e9froisser des v\u00eatements suspendus, tels que chemises ou chemisiers, et de rafra\u00eechir des v\u00eatements d\u00e9j\u00e0 port\u00e9s<br \/>\nElle convient particuli\u00e8rement aux tissus fragiles et d\u00e9licats<br \/>\nHaut d\u00e9bit de vapeur garanti<br \/>\nProjection de vapeur \u00e9lev\u00e9e pour \u00e9liminer les faux plis, m\u00eame les plus marqu\u00e9s<br \/>\nLa pointe de la semelle est con\u00e7ue pour cr\u00e9er des pliss\u00e9s impeccables et passer sans difficult\u00e9 sous les boutons<br \/>\nLa fonction antigouttes pr\u00e9vient l\u2019\u00e9coulement d\u2019eau de la semelle lorsque la temp\u00e9rature n\u00e9cessaire \u00e0 la formation de vapeur n\u2019est pas encore atteinte<\/p>\n","protected":false},"excerpt":{"rendered":"<p>Marque : SINGER<br \/>\nmod\u00e8le : SNG 423<br \/>\nContenance du r\u00e9servoir d\u2019eau : 250 ml<br \/>\nD\u00e9bit de vapeur : 30 g\/min<br \/>\nSyst\u00e8me anti-tartre : Oui<br \/>\nType de semelle : C\u00e9ramique<br \/>\nFonction pressing : 150 g\/min<br \/>\nVapeur verticale : Oui<br \/>\nPuissance \u00e9lectrique : 2200 Watt<br \/>\nIndicateur de niveau d\u2019eau : oui<br \/>\nPoids du produit : 1,5 kg<br \/>\ndimensions : 32X14X17 cm<\/p>\n","protected":false},"featured_media":6441,"comment_status":"closed","ping_status":"closed","template":"","meta":{"_bst_post_transparent":"","_bst_post_title":"","_bst_post_layout":"","_bst_post_sidebar_id":"","_bst_post_content_style":"","_bst_post_vertical_padding":"","_bst_post_feature":"","_bst_post_feature_position":"","_bst_post_header":false,"_bst_post_footer":false},"product_brand":[],"product_cat":[145,159],"product_tag":[],"product_brands":[],"class_list":{"0":"post-9722","1":"product","2":"type-product","3":"status-publish","4":"has-post-thumbnail","6":"product_cat-electromenager","7":"product_cat-fer-a-repasser","9":"first","10":"instock","11":"sale","12":"purchasable","13":"product-type-simple","14":"entry","15":"content-bg","16":"loop-entry"},"_links":{"self":[{"href":"https:\/\/anopri.com\/index.php?rest_route=\/wp\/v2\/product\/9722","targetHints":{"allow":["GET"]}}],"collection":[{"href":"https:\/\/anopri.com\/index.php?rest_route=\/wp\/v2\/product"}],"about":[{"href":"https:\/\/anopri.com\/index.php?rest_route=\/wp\/v2\/types\/product"}],"replies":[{"embeddable":true,"href":"https:\/\/anopri.com\/index.php?rest_route=%2Fwp%2Fv2%2Fcomments&post=9722"}],"wp:featuredmedia":[{"embeddable":true,"href":"https:\/\/anopri.com\/index.php?rest_route=\/wp\/v2\/media\/6441"}],"wp:attachment":[{"href":"https:\/\/anopri.com\/index.php?rest_route=%2Fwp%2Fv2%2Fmedia&parent=9722"}],"wp:term":[{"taxonomy":"product_brand","embeddable":true,"href":"https:\/\/anopri.com\/index.php?rest_route=%2Fwp%2Fv2%2Fproduct_brand&post=9722"},{"taxonomy":"product_cat","embeddable":true,"href":"https:\/\/anopri.com\/index.php?rest_route=%2Fwp%2Fv2%2Fproduct_cat&post=9722"},{"taxonomy":"product_tag","embeddable":true,"href":"https:\/\/anopri.com\/index.php?rest_route=%2Fwp%2Fv2%2Fproduct_tag&post=9722"},{"taxonomy":"product_brands","embeddable":true,"href":"https:\/\/anopri.com\/index.php?rest_route=%2Fwp%2Fv2%2Fproduct_brands&post=9722"}],"curies":[{"name":"wp","href":"https:\/\/api.w.org\/{rel}","templated":true}]}}