{"id":9718,"date":"2026-04-25T16:52:29","date_gmt":"2026-04-25T16:52:29","guid":{"rendered":"https:\/\/anopri.com\/?post_type=product&#038;p=9718"},"modified":"2026-04-25T17:08:42","modified_gmt":"2026-04-25T17:08:42","slug":"roch-congelateur-vertical-200-l-8-tiroir-ruf-295-j","status":"publish","type":"product","link":"https:\/\/anopri.com\/?product=roch-congelateur-vertical-200-l-8-tiroir-ruf-295-j","title":{"rendered":"ROCH CONG\u00c9LATEUR VERTICAL &#8211; 200 L &#8211; 8 TIROIR \u2013 RUF-295-J"},"content":{"rendered":"<ul>\n<li>Type de produit: Cong\u00e9lateur<\/li>\n<li>Marque:\u00a0Roch<\/li>\n<li>Mod\u00e8le: RUF-295-J<\/li>\n<li>Capacit\u00e9 : 200\u00a0L<\/li>\n<li>Nombre De Tiroirs: 8<\/li>\n<li>Refrigerant : R134a \/ 300G<\/li>\n<li>Tension: 220V-240V<\/li>\n<li>Garantie: 12 Mois<\/li>\n<\/ul>\n","protected":false},"excerpt":{"rendered":"<h3><em><strong>Cong\u00e9lateur robuste pour usage intensif<\/strong><\/em><\/h3>\n<p>Stockez vos aliments \u00e0 long terme en les congelant avec le cong\u00e9lateur ROCH. Ce cong\u00e9lateur spacieux offre la possibilit\u00e9 aux petits et grands m\u00e9nages d\u2019ajouter tous ceux dont ils ont besoin. Bien s\u00fbr, il est \u00e9galement possible de conserver des plats tout pr\u00eats pour une consommation ult\u00e9rieure, ainsi que du poisson, de la viande et des l\u00e9gumes.<\/p>\n<h3><em><strong>Grande capacit\u00e9 de stockage<\/strong><\/em><\/h3>\n<p>Avec son volume de\u00a0200\u00a0litres, ce cong\u00e9lateur offre suffisamment de place pour des aliments de grandes et plus petites tailles. Le design du compartiment permet un rangement simple ainsi qu\u2019un service par le haut.<\/p>\n<h3><em><strong>Facile \u00e0 d\u00e9placer<\/strong><\/em><\/h3>\n<p>Sa mobilit\u00e9 permet au cong\u00e9lateur ROCH d\u2019\u00eatre d\u00e9plac\u00e9 facilement m\u00eame \u00e0 pleine capacit\u00e9 et d\u2019\u00eatre install\u00e9 o\u00f9 vous souhaitez.<\/p>\n<h3><em><strong>Tr\u00e8s bonne conservation<\/strong><\/em><\/h3>\n<p>Sa puissance frigorifique est ajustable progressivement, permettant ainsi de garder au frais tous vos aliments et m\u00eame repas pr\u00eats pour une consommation ult\u00e9rieure.<\/p>\n","protected":false},"featured_media":9756,"comment_status":"open","ping_status":"closed","template":"","meta":{"_bst_post_transparent":"","_bst_post_title":"","_bst_post_layout":"","_bst_post_sidebar_id":"","_bst_post_content_style":"","_bst_post_vertical_padding":"","_bst_post_feature":"","_bst_post_feature_position":"","_bst_post_header":false,"_bst_post_footer":false},"product_brand":[],"product_cat":[153,145],"product_tag":[],"product_brands":[],"class_list":{"0":"post-9718","1":"product","2":"type-product","3":"status-publish","4":"has-post-thumbnail","6":"product_cat-congelateur-coffre","7":"product_cat-electromenager","9":"first","10":"instock","11":"shipping-taxable","12":"purchasable","13":"product-type-simple","14":"entry","15":"content-bg","16":"loop-entry"},"_links":{"self":[{"href":"https:\/\/anopri.com\/index.php?rest_route=\/wp\/v2\/product\/9718","targetHints":{"allow":["GET"]}}],"collection":[{"href":"https:\/\/anopri.com\/index.php?rest_route=\/wp\/v2\/product"}],"about":[{"href":"https:\/\/anopri.com\/index.php?rest_route=\/wp\/v2\/types\/product"}],"replies":[{"embeddable":true,"href":"https:\/\/anopri.com\/index.php?rest_route=%2Fwp%2Fv2%2Fcomments&post=9718"}],"wp:featuredmedia":[{"embeddable":true,"href":"https:\/\/anopri.com\/index.php?rest_route=\/wp\/v2\/media\/9756"}],"wp:attachment":[{"href":"https:\/\/anopri.com\/index.php?rest_route=%2Fwp%2Fv2%2Fmedia&parent=9718"}],"wp:term":[{"taxonomy":"product_brand","embeddable":true,"href":"https:\/\/anopri.com\/index.php?rest_route=%2Fwp%2Fv2%2Fproduct_brand&post=9718"},{"taxonomy":"product_cat","embeddable":true,"href":"https:\/\/anopri.com\/index.php?rest_route=%2Fwp%2Fv2%2Fproduct_cat&post=9718"},{"taxonomy":"product_tag","embeddable":true,"href":"https:\/\/anopri.com\/index.php?rest_route=%2Fwp%2Fv2%2Fproduct_tag&post=9718"},{"taxonomy":"product_brands","embeddable":true,"href":"https:\/\/anopri.com\/index.php?rest_route=%2Fwp%2Fv2%2Fproduct_brands&post=9718"}],"curies":[{"name":"wp","href":"https:\/\/api.w.org\/{rel}","templated":true}]}}