{"id":9716,"date":"2026-04-25T16:52:29","date_gmt":"2026-04-25T16:52:29","guid":{"rendered":"https:\/\/anopri.com\/?post_type=product&#038;p=9716"},"modified":"2026-04-25T17:08:41","modified_gmt":"2026-04-25T17:08:41","slug":"tv-smart-toshiba-55-pouces-55u5965ee-uhd-4k","status":"publish","type":"product","link":"https:\/\/anopri.com\/?product=tv-smart-toshiba-55-pouces-55u5965ee-uhd-4k","title":{"rendered":"TV SMART Toshiba 55 pouces &#8211; 55U5965EE &#8211; UHD 4K"},"content":{"rendered":"<p>Le t\u00e9l\u00e9viseur LED TOSHIBA est simple et facile \u00e0 utiliser. Le t\u00e9l\u00e9viseur intelligent Toshiba a un \u00e9cran et une qualit\u00e9 sonore satisfaisant et rend le visionnage de programmes plus agr\u00e9able que jamais. Cette smart TV offre la possibilit\u00e9 de s&#8217;amuser \u00e0 la maison, regarder des films et des programmes sans aucun souci et sans stress et sans soucis.<\/p>\n<p>La\u00a0<b>smart tv Toshiba 55 pouces\u00a0<\/b>est dot\u00e9e d\u2019une\u00a0<strong>r\u00e9solution UHD<\/strong>\u00a0qui vous offre des images de haute qualit\u00e9 en\u00a0<strong>mode 4K<\/strong>\u00a0pour une exp\u00e9rience cin\u00e9matographique ultime. Une telle<strong>\u00a0r\u00e9solution 4K<\/strong>\u00a0am\u00e9lior\u00e9 par une\u00a0 gamme de couleur \u00e9largie. De plus, elle vous donne plus de couleur pour une images plus vivantes. Combinant le traitement<strong>\u00a0audio Dolby<\/strong>, un caisson de basse et nos plus puissants haut-parleurs int\u00e9gr\u00e9s.\u00a0 Cette gamme de<b>\u00a0Toshiba smart tv<\/b>\u00a0vous offre une meilleure exp\u00e9rience immersive et le tout parfaitement int\u00e9gr\u00e9 dans un design compact et \u00e9l\u00e9gant.<\/p>\n","protected":false},"excerpt":{"rendered":"<p>Type de produit : TV smart<br \/>\nMarque : TOSHIBA<br \/>\nMod\u00e8le : 55U5965<br \/>\nCat\u00e9gorie : Electronique<br \/>\nR\u00e9solution : 3840 x 2160 ( 4K , Ultra HD )<br \/>\nTaille de l\u2019\u00e9cran : 55 pouces<br \/>\nConnectivit\u00e9 : Wi-Fi, LAN, Bluetooth<br \/>\nR\u00e9tro-\u00e9clairage du panneau : LED<br \/>\nR\u00e9solution : 1920 x 1080 (Full HD)<br \/>\nConnectivit\u00e9 : 3 x HDMI, 2 x USB, RGB analogique<br \/>\nConsommation \u00e9lectrique en mode marche : 82 Watt<br \/>\nAngle de vision : 178 degr\u00e9s<br \/>\nDimensions (L x H x P) avec support : 1230 \u00d7 758 \u00d7 214 mm<br \/>\nServices de diffusion en streaming sur Internet : Netflix, YouTube, Google Play Movies, Netflix 4K, YouTube 4K, Prime Video, HbbTV 1.5<br \/>\nTechnologie audio : Dolby Digital<br \/>\nRestitution sonore : 24W<br \/>\nCouleur : Noir<br \/>\nGarantie : 06 mois<\/p>\n","protected":false},"featured_media":9752,"comment_status":"closed","ping_status":"closed","template":"","meta":{"_bst_post_transparent":"","_bst_post_title":"","_bst_post_layout":"","_bst_post_sidebar_id":"","_bst_post_content_style":"","_bst_post_vertical_padding":"","_bst_post_feature":"","_bst_post_feature_position":"","_bst_post_header":false,"_bst_post_footer":false},"product_brand":[],"product_cat":[143,144],"product_tag":[],"product_brands":[],"class_list":{"0":"post-9716","1":"product","2":"type-product","3":"status-publish","4":"has-post-thumbnail","6":"product_cat-television","7":"product_cat-televisions-smart","9":"first","10":"instock","11":"sale","12":"purchasable","13":"product-type-simple","14":"entry","15":"content-bg","16":"loop-entry"},"_links":{"self":[{"href":"https:\/\/anopri.com\/index.php?rest_route=\/wp\/v2\/product\/9716","targetHints":{"allow":["GET"]}}],"collection":[{"href":"https:\/\/anopri.com\/index.php?rest_route=\/wp\/v2\/product"}],"about":[{"href":"https:\/\/anopri.com\/index.php?rest_route=\/wp\/v2\/types\/product"}],"replies":[{"embeddable":true,"href":"https:\/\/anopri.com\/index.php?rest_route=%2Fwp%2Fv2%2Fcomments&post=9716"}],"wp:featuredmedia":[{"embeddable":true,"href":"https:\/\/anopri.com\/index.php?rest_route=\/wp\/v2\/media\/9752"}],"wp:attachment":[{"href":"https:\/\/anopri.com\/index.php?rest_route=%2Fwp%2Fv2%2Fmedia&parent=9716"}],"wp:term":[{"taxonomy":"product_brand","embeddable":true,"href":"https:\/\/anopri.com\/index.php?rest_route=%2Fwp%2Fv2%2Fproduct_brand&post=9716"},{"taxonomy":"product_cat","embeddable":true,"href":"https:\/\/anopri.com\/index.php?rest_route=%2Fwp%2Fv2%2Fproduct_cat&post=9716"},{"taxonomy":"product_tag","embeddable":true,"href":"https:\/\/anopri.com\/index.php?rest_route=%2Fwp%2Fv2%2Fproduct_tag&post=9716"},{"taxonomy":"product_brands","embeddable":true,"href":"https:\/\/anopri.com\/index.php?rest_route=%2Fwp%2Fv2%2Fproduct_brands&post=9716"}],"curies":[{"name":"wp","href":"https:\/\/api.w.org\/{rel}","templated":true}]}}