{"id":9714,"date":"2026-04-25T16:52:29","date_gmt":"2026-04-25T16:52:29","guid":{"rendered":"https:\/\/anopri.com\/?post_type=product&#038;p=9714"},"modified":"2026-04-25T17:08:41","modified_gmt":"2026-04-25T17:08:41","slug":"tv-lg-smart-60-pouces-un7000pub","status":"publish","type":"product","link":"https:\/\/anopri.com\/?product=tv-lg-smart-60-pouces-un7000pub","title":{"rendered":"TV LG SMART 60 pouces UN7000PUB"},"content":{"rendered":"<p>V\u00e9ritable \u00e9cran 4K : profitez d&#8217;une r\u00e9solution 4K pour vos films et \u00e9missions 4K. Sa clart\u00e9 \u00e0 chaque instant, avec une couleur et des d\u00e9tails impeccables.<br \/>\nProcesseur Quad Core 4K : instantan\u00e9 et intelligent. Notre processeur Quad Core permet de peindre les images, les actions et la couleur dans la meilleure lumi\u00e8re possible de la source \u00e0 l&#8217;\u00e9cran.<br \/>\nWebOS : acc\u00e8s divertissement facilit\u00e9. La plate-forme Web Web Web pr\u00e9f\u00e9r\u00e9e de LG offre une simplicit\u00e9 de streaming. Avec les derni\u00e8res applications de streaming comme Disney Plus et l&#8217;application Apple TV, et des applications populaires comme Netflix, Hulu, Sling, Prime Video et plus encore. Une vaste biblioth\u00e8que de contenus et de services de streaming est l\u00e0 \u00e0 port\u00e9e de main.<br \/>\nHDR actif : \u00e9l\u00e8ve automatiquement la beaut\u00e9 de vos sc\u00e8nes pr\u00e9f\u00e9r\u00e9es. Active HDR prend en charge une large gamme de formats pour le r\u00e9glage d&#8217;image sc\u00e8ne par sc\u00e8ne, y compris HDR10 et HLG.<br \/>\nUtilisez \u00e9galement vos appareils Apple pour configurer, personnaliser et contr\u00f4ler votre maison intelligente en utilisant HomeKit.<br \/>\nTechnologie de connectivit\u00e9 : sans fil<br \/>\nComposants inclus : t\u00e9l\u00e9commande, c\u00e2ble d&#8217;alimentation,<\/p>\n","protected":false},"excerpt":{"rendered":"<p><strong>Caract\u00e9ristiques<\/strong><br \/>\n-Type d&#8217;affichage : 4K UHD<br \/>\n-Taille de l&#8217;\u00e9cran : 60 pouces<br \/>\n-Mod\u00e8le : 60UN7000PUB<br \/>\n-R\u00e9solution : 3840 x 2160<br \/>\n-Dimensions du produit 26.92 x 136.91 x 86.11 cm<br \/>\n-Mode image : Oui 10 modes<br \/>\n-Synchronisation sonore LG : Oui<br \/>\n-Notification automatique (couplage facile Bluetooth) : Oui<br \/>\n-Partage sonore : Oui<br \/>\n-ThinQ : Oui<br \/>\n-D\u00e9tection automatique des p\u00e9riph\u00e9riques Oui<br \/>\n-Connectivit\u00e9 mobile Oui<br \/>\n-Application ThinQ Oui<br \/>\n-T\u00e9l\u00e9commande magique Int\u00e9gr\u00e9 Acc\u00e8s rapide : Oui<br \/>\n-Magasin LG : Oui<br \/>\n-Navigateur Web : Oui<br \/>\n-Lecteur de musique : Oui<br \/>\n-TV sur avec mobile :Oui<br \/>\n-Bluetooth Low Energy activ\u00e9 : Oui<br \/>\n-Navigateur de fichiers r\u00e9seau : Oui<br \/>\n-Mode h\u00f4tel : Oui<br \/>\n-D\u00e9couverte musicale : Oui<br \/>\n-R\u00e9ception TV num\u00e9rique (terrestre, c\u00e2ble, satellite) : Oui<br \/>\n-C\u00e2ble DVB-C Satellite DVB-S2<br \/>\n-R\u00e9ception TV analogique : Oui<br \/>\n-Page t\u00e9l\u00e9texte Oui T\u00e9l\u00e9texte (Top \/ Flof \/ List) : Oui<br \/>\n-Partage d&#8217;\u00e9cran : Oui<br \/>\n-HDMI 1 (arri\u00e8re) \/ 2 (c\u00f4t\u00e9)<br \/>\n-Version HDMI 2.0<br \/>\n-Simplink (HDMI CEC) : Oui<br \/>\n-Entr\u00e9e composite (AV) : Oui<br \/>\n-SPDIF (sortie audio num\u00e9rique optique) : Oui (arri\u00e8re)<br \/>\n-Wifi : Oui (802.11ac)<br \/>\n-Bluetooth : Oui (V5.0)<br \/>\n-Source de courant CA 100 ~ 240V 50-60Hz<br \/>\n-Mode \u00e9conomie d&#8217;\u00e9nergie : Oui<br \/>\n-Capteur vert d&#8217;\u00e9clairement : Oui<br \/>\n-C\u00e2ble d&#8217;alimentation :Oui (TV d\u00e9tach\u00e9e)<\/p>\n","protected":false},"featured_media":9749,"comment_status":"closed","ping_status":"closed","template":"","meta":{"_bst_post_transparent":"","_bst_post_title":"","_bst_post_layout":"","_bst_post_sidebar_id":"","_bst_post_content_style":"","_bst_post_vertical_padding":"","_bst_post_feature":"","_bst_post_feature_position":"","_bst_post_header":false,"_bst_post_footer":false},"product_brand":[],"product_cat":[143,144],"product_tag":[],"product_brands":[],"class_list":{"0":"post-9714","1":"product","2":"type-product","3":"status-publish","4":"has-post-thumbnail","6":"product_cat-television","7":"product_cat-televisions-smart","9":"first","10":"instock","11":"sale","12":"purchasable","13":"product-type-simple","14":"entry","15":"content-bg","16":"loop-entry"},"_links":{"self":[{"href":"https:\/\/anopri.com\/index.php?rest_route=\/wp\/v2\/product\/9714","targetHints":{"allow":["GET"]}}],"collection":[{"href":"https:\/\/anopri.com\/index.php?rest_route=\/wp\/v2\/product"}],"about":[{"href":"https:\/\/anopri.com\/index.php?rest_route=\/wp\/v2\/types\/product"}],"replies":[{"embeddable":true,"href":"https:\/\/anopri.com\/index.php?rest_route=%2Fwp%2Fv2%2Fcomments&post=9714"}],"wp:featuredmedia":[{"embeddable":true,"href":"https:\/\/anopri.com\/index.php?rest_route=\/wp\/v2\/media\/9749"}],"wp:attachment":[{"href":"https:\/\/anopri.com\/index.php?rest_route=%2Fwp%2Fv2%2Fmedia&parent=9714"}],"wp:term":[{"taxonomy":"product_brand","embeddable":true,"href":"https:\/\/anopri.com\/index.php?rest_route=%2Fwp%2Fv2%2Fproduct_brand&post=9714"},{"taxonomy":"product_cat","embeddable":true,"href":"https:\/\/anopri.com\/index.php?rest_route=%2Fwp%2Fv2%2Fproduct_cat&post=9714"},{"taxonomy":"product_tag","embeddable":true,"href":"https:\/\/anopri.com\/index.php?rest_route=%2Fwp%2Fv2%2Fproduct_tag&post=9714"},{"taxonomy":"product_brands","embeddable":true,"href":"https:\/\/anopri.com\/index.php?rest_route=%2Fwp%2Fv2%2Fproduct_brands&post=9714"}],"curies":[{"name":"wp","href":"https:\/\/api.w.org\/{rel}","templated":true}]}}