{"id":9712,"date":"2026-04-25T16:52:29","date_gmt":"2026-04-25T16:52:29","guid":{"rendered":"https:\/\/anopri.com\/?post_type=product&#038;p=9712"},"modified":"2026-04-25T17:08:41","modified_gmt":"2026-04-25T17:08:41","slug":"tv-lg-smart-43-pouces","status":"publish","type":"product","link":"https:\/\/anopri.com\/?product=tv-lg-smart-43-pouces","title":{"rendered":"TV LG SMART 43 POUCES"},"content":{"rendered":"<ul>\n<li><strong>Type de produit<\/strong>: T\u00e9l\u00e9viseur Smart<\/li>\n<li><strong>Marque<\/strong>: LG<\/li>\n<li><strong>Mod\u00e8le<\/strong>: 43LM6300PVB<\/li>\n<li><strong>Taille de l&#8217;\u00e9cran<\/strong>: 43 Pouces<\/li>\n<li><strong>Technologie d&#8217;affichage<\/strong>: LED<\/li>\n<li><strong>R\u00e9solution<\/strong>: Full HD, 3840 x 2160 pixels<\/li>\n<li><strong>Port HDMI<\/strong>: 2<\/li>\n<li><strong>Port USB<\/strong>: 1<\/li>\n<li><strong>Type de panneau :\u00a0<\/strong>(uniquement pour la s\u00e9rie LCD)RVB<\/li>\n<li><strong>D\u00e9codeur HEVC<\/strong>: 2k \u00e0 30p 10 bits<\/li>\n<li><strong>Sortie casque<\/strong>: Oui<\/li>\n<li><strong>Sortie audio num\u00e9rique (optique)<\/strong>: Oui 10W<\/li>\n<li><strong>Alimentation \u00e9lectrique (tension, Hz)\u00a0<\/strong>: 100 ~ 240Vac 50-60<\/li>\n<li><strong>Dimensions<\/strong>: 97.5 x 57.1 x 8.6 cm<\/li>\n<\/ul>\n","protected":false},"excerpt":{"rendered":"<p>Type de produit: T\u00e9l\u00e9viseur Smart Marque: LG Mod\u00e8le: 43LM6300PVB Taille de l&#8217;\u00e9cran: 43 Pouces Technologie d&#8217;affichage: LED R\u00e9solution: Full HD, 3840 x 2160 pixels Port HDMI: 2 Port USB: 1 Type de panneau :\u00a0(uniquement pour la s\u00e9rie LCD)RVB D\u00e9codeur HEVC: 2k \u00e0 30p 10 bits Sortie casque: Oui Sortie audio num\u00e9rique (optique): Oui 10W Alimentation&#8230;<\/p>\n","protected":false},"featured_media":9743,"comment_status":"closed","ping_status":"closed","template":"","meta":{"_bst_post_transparent":"","_bst_post_title":"","_bst_post_layout":"","_bst_post_sidebar_id":"","_bst_post_content_style":"","_bst_post_vertical_padding":"","_bst_post_feature":"","_bst_post_feature_position":"","_bst_post_header":false,"_bst_post_footer":false},"product_brand":[],"product_cat":[142,143,144],"product_tag":[],"product_brands":[],"class_list":{"0":"post-9712","1":"product","2":"type-product","3":"status-publish","4":"has-post-thumbnail","6":"product_cat-electronique","7":"product_cat-television","8":"product_cat-televisions-smart","10":"first","11":"instock","12":"purchasable","13":"product-type-simple","14":"entry","15":"content-bg","16":"loop-entry"},"_links":{"self":[{"href":"https:\/\/anopri.com\/index.php?rest_route=\/wp\/v2\/product\/9712","targetHints":{"allow":["GET"]}}],"collection":[{"href":"https:\/\/anopri.com\/index.php?rest_route=\/wp\/v2\/product"}],"about":[{"href":"https:\/\/anopri.com\/index.php?rest_route=\/wp\/v2\/types\/product"}],"replies":[{"embeddable":true,"href":"https:\/\/anopri.com\/index.php?rest_route=%2Fwp%2Fv2%2Fcomments&post=9712"}],"wp:featuredmedia":[{"embeddable":true,"href":"https:\/\/anopri.com\/index.php?rest_route=\/wp\/v2\/media\/9743"}],"wp:attachment":[{"href":"https:\/\/anopri.com\/index.php?rest_route=%2Fwp%2Fv2%2Fmedia&parent=9712"}],"wp:term":[{"taxonomy":"product_brand","embeddable":true,"href":"https:\/\/anopri.com\/index.php?rest_route=%2Fwp%2Fv2%2Fproduct_brand&post=9712"},{"taxonomy":"product_cat","embeddable":true,"href":"https:\/\/anopri.com\/index.php?rest_route=%2Fwp%2Fv2%2Fproduct_cat&post=9712"},{"taxonomy":"product_tag","embeddable":true,"href":"https:\/\/anopri.com\/index.php?rest_route=%2Fwp%2Fv2%2Fproduct_tag&post=9712"},{"taxonomy":"product_brands","embeddable":true,"href":"https:\/\/anopri.com\/index.php?rest_route=%2Fwp%2Fv2%2Fproduct_brands&post=9712"}],"curies":[{"name":"wp","href":"https:\/\/api.w.org\/{rel}","templated":true}]}}