{"id":9696,"date":"2026-04-25T13:10:20","date_gmt":"2026-04-25T13:10:20","guid":{"rendered":"https:\/\/anopri.com\/?post_type=product&#038;p=9696"},"modified":"2026-04-25T13:10:21","modified_gmt":"2026-04-25T13:10:21","slug":"cuisiniere-star-s-04-feux-50-x-50cm","status":"publish","type":"product","link":"https:\/\/anopri.com\/?product=cuisiniere-star-s-04-feux-50-x-50cm","title":{"rendered":"Cuisini\u00e8re Star-S 04 feux &#8211; 50 x 50cm"},"content":{"rendered":"<ul class=\"KsbFXc U6u95\" data-sfc-cb=\"\" data-complete=\"true\">\n<li class=\"dF3vjf\" data-sfc-cb=\"\" data-hveid=\"CAUQAQ\" data-complete=\"true\" data-sae=\"\"><span class=\"T286Pc\" data-sfc-cp=\"\" data-sfc-cb=\"\" data-complete=\"true\"><strong class=\"Yjhzub\" data-sfc-cb=\"\" data-complete=\"true\">Dimensions :<\/strong>\u00a0Format compact de 50&#215;50 cm, id\u00e9al pour les petites cuisines.<\/span><\/li>\n<li class=\"dF3vjf\" data-sfc-cb=\"\" data-hveid=\"CAUQAg\" data-complete=\"true\" data-sae=\"\"><span class=\"T286Pc\" data-sfc-cp=\"\" data-sfc-cb=\"\" data-complete=\"true\"><strong class=\"Yjhzub\" data-sfc-cb=\"\" data-complete=\"true\">Allumage :<\/strong>\u00a0 automatique<\/span><\/li>\n<li class=\"dF3vjf\" data-sfc-cb=\"\" data-hveid=\"CAUQAw\" data-complete=\"true\" data-sae=\"\"><span class=\"T286Pc\" data-sfc-cp=\"\" data-sfc-cb=\"\" data-complete=\"true\"><strong class=\"Yjhzub\" data-sfc-cb=\"\" data-complete=\"true\">Options :<\/strong>\u00a0Comprend g\u00e9n\u00e9ralement un four int\u00e9gr\u00e9 permettant de r\u00f4tir, griller ou cuire des p\u00e2tisseries.<\/span><\/li>\n<li class=\"dF3vjf\" data-sfc-cb=\"\" data-hveid=\"CAUQBA\" data-complete=\"true\" data-sae=\"\"><span class=\"T286Pc\" data-sfc-cp=\"\" data-sfc-cb=\"\" data-complete=\"true\" aria-owns=\"action-menu-parent-container\"><strong class=\"Yjhzub\" data-sfc-cb=\"\" data-complete=\"true\">Couleurs :<\/strong>\u00a0Souvent disponible en gris ou noir.<\/span><\/li>\n<\/ul>\n","protected":false},"excerpt":{"rendered":"<ul>\n<li>\n<h3>Type de produit: cuisini\u00e8re automatique<\/h3>\n<\/li>\n<li>\n<h3>Marque: Star-s<\/h3>\n<\/li>\n<li>\n<h3>Mod\u00e8le: CS50*50<\/h3>\n<\/li>\n<li>\n<h3>Couleur: Gris<\/h3>\n<\/li>\n<li>\n<h3>Dimension: 50 X 50cm<\/h3>\n<\/li>\n<li>\n<h3>Nombre de bruleurs: 04 feux avec allumage automatique<\/h3>\n<\/li>\n<li>\n<h3>Four: avec cuisson haut et bas, porte en double verre pour une meilleure isolation<\/h3>\n<\/li>\n<li>\n<h3>Mat\u00e9riau: Corps en acier inoxydable facile \u00e0 nettoyer<\/h3>\n<\/li>\n<li>\n<h3>Couleur disponible: noir\/grise<\/h3>\n<\/li>\n<\/ul>\n","protected":false},"featured_media":9701,"comment_status":"closed","ping_status":"closed","template":"","meta":{"_bst_post_transparent":"","_bst_post_title":"","_bst_post_layout":"","_bst_post_sidebar_id":"","_bst_post_content_style":"","_bst_post_vertical_padding":"","_bst_post_feature":"","_bst_post_feature_position":"","_bst_post_header":false,"_bst_post_footer":false},"product_brand":[],"product_cat":[151,150,145],"product_tag":[],"product_brands":[],"class_list":{"0":"post-9696","1":"product","2":"type-product","3":"status-publish","4":"has-post-thumbnail","6":"product_cat-cuisiniere","7":"product_cat-cuisiniere-et-plaque-a-gaz","8":"product_cat-electromenager","10":"first","11":"instock","12":"sale","13":"shipping-taxable","14":"purchasable","15":"product-type-simple","16":"entry","17":"content-bg","18":"loop-entry"},"_links":{"self":[{"href":"https:\/\/anopri.com\/index.php?rest_route=\/wp\/v2\/product\/9696","targetHints":{"allow":["GET"]}}],"collection":[{"href":"https:\/\/anopri.com\/index.php?rest_route=\/wp\/v2\/product"}],"about":[{"href":"https:\/\/anopri.com\/index.php?rest_route=\/wp\/v2\/types\/product"}],"replies":[{"embeddable":true,"href":"https:\/\/anopri.com\/index.php?rest_route=%2Fwp%2Fv2%2Fcomments&post=9696"}],"wp:featuredmedia":[{"embeddable":true,"href":"https:\/\/anopri.com\/index.php?rest_route=\/wp\/v2\/media\/9701"}],"wp:attachment":[{"href":"https:\/\/anopri.com\/index.php?rest_route=%2Fwp%2Fv2%2Fmedia&parent=9696"}],"wp:term":[{"taxonomy":"product_brand","embeddable":true,"href":"https:\/\/anopri.com\/index.php?rest_route=%2Fwp%2Fv2%2Fproduct_brand&post=9696"},{"taxonomy":"product_cat","embeddable":true,"href":"https:\/\/anopri.com\/index.php?rest_route=%2Fwp%2Fv2%2Fproduct_cat&post=9696"},{"taxonomy":"product_tag","embeddable":true,"href":"https:\/\/anopri.com\/index.php?rest_route=%2Fwp%2Fv2%2Fproduct_tag&post=9696"},{"taxonomy":"product_brands","embeddable":true,"href":"https:\/\/anopri.com\/index.php?rest_route=%2Fwp%2Fv2%2Fproduct_brands&post=9696"}],"curies":[{"name":"wp","href":"https:\/\/api.w.org\/{rel}","templated":true}]}}