{"id":9694,"date":"2026-04-25T13:10:20","date_gmt":"2026-04-25T13:10:20","guid":{"rendered":"https:\/\/anopri.com\/?post_type=product&#038;p=9694"},"modified":"2026-04-25T13:10:20","modified_gmt":"2026-04-25T13:10:20","slug":"machine-a-coudre-electrique-pour-sacs-gk9-2","status":"publish","type":"product","link":"https:\/\/anopri.com\/?product=machine-a-coudre-electrique-pour-sacs-gk9-2","title":{"rendered":"Machine \u00e0 Coudre \u00e9lectrique pour Sacs &#8211; GK9 2"},"content":{"rendered":"<div class=\"Y3BBE\" data-sfc-cp=\"\" data-sfc-cb=\"\" data-hveid=\"CAIQAA\" data-complete=\"true\" data-processed=\"true\">La machine \u00e0 coudre\u00a0 <strong class=\"Yjhzub\" data-sfc-cb=\"\" data-complete=\"true\" data-processed=\"true\">GK9-2<\/strong>\u00a0est un\u00a0<mark class=\"HxTRcb\" data-sfc-cb=\"\" data-complete=\"true\" data-sae=\"\">outil industriel l\u00e9ger con\u00e7u sp\u00e9cifiquement pour la fermeture rapide de sacs de riz, de farine, ou de sacs tiss\u00e9s en polypropyl\u00e8ne<\/mark>. Elle est reconnue pour sa simplicit\u00e9 d&#8217;utilisation et sa robustesse pour des travaux d&#8217;emballage \u00e0 petite et moyenne \u00e9chelle.<span class=\"uJ19be notranslate\" data-wiz-uids=\"MqNsSd_f,MqNsSd_g\" data-sfc-cb=\"\" data-complete=\"true\" data-processed=\"true\"><span class=\"vKEkVd\" data-animation-atomic=\"\" data-wiz-attrbind=\"class=MqNsSd_e\/TKHnVd\" data-sae=\"\"><span aria-hidden=\"true\">\u00a0<\/span><button class=\"rBl3me\" tabindex=\"0\" data-amic=\"true\" data-icl-uuid=\"597bddb2-47eb-4ae6-a417-f6c552349738\" aria-label=\"Afficher les liens associ\u00e9s\" data-wiz-attrbind=\"disabled=MqNsSd_e\/C5gNJc;aria-label=MqNsSd_e\/bOjMyf;class=MqNsSd_e\/UpSNec\" data-ved=\"2ahUKEwjYzOq3xIaTAxVxmokEHU22J8EQye0OegQIAhAC\" data-hveid=\"CAIQAg\"><\/button><\/span><\/span><\/div>\n<div data-sfc-cp=\"\" data-sfc-cb=\"\" data-hveid=\"CAIQAA\" data-complete=\"true\" data-processed=\"true\">\n<ul class=\"KsbFXc U6u95\" data-sfc-cb=\"\" data-complete=\"true\" data-processed=\"true\">\n<li class=\"dF3vjf\" data-sfc-cb=\"\" data-hveid=\"CAkQAQ\" data-complete=\"true\" data-sae=\"\"><span class=\"T286Pc\" data-sfc-cp=\"\" data-sfc-cb=\"\" data-complete=\"true\"><strong class=\"Yjhzub\" data-sfc-cb=\"\" data-complete=\"true\">Entretien Facile<\/strong>\u00a0: La structure est d\u00e9crite comme simple, facilitant le remplacement des pi\u00e8ces d&#8217;usure comme les aiguilles ou les courroies.<\/span><\/li>\n<li class=\"dF3vjf\" data-sfc-cb=\"\" data-hveid=\"CAkQAg\" data-complete=\"true\" data-sae=\"\"><span class=\"T286Pc\" data-sfc-cp=\"\" data-sfc-cb=\"\" data-complete=\"true\"><strong class=\"Yjhzub\" data-sfc-cb=\"\" data-complete=\"true\">Productivit\u00e9<\/strong>\u00a0: Un sac peut \u00eatre scell\u00e9 en seulement quelques secondes, ce qui est id\u00e9al pour les petites exploitations agricoles ou les ateliers de conditionnement.<\/span><\/li>\n<li class=\"dF3vjf\" data-sfc-cb=\"\" data-hveid=\"CAkQAw\" data-complete=\"true\" data-sae=\"\"><span class=\"T286Pc\" data-sfc-cp=\"\" data-sfc-cb=\"\" data-complete=\"true\" aria-owns=\"action-menu-parent-container\"><strong class=\"Yjhzub\" data-sfc-cb=\"\" data-complete=\"true\">R\u00e9glage de la pression<\/strong>\u00a0: La pression du pied-de-biche est ajustable pour s&#8217;adapter \u00e0 l&#8217;\u00e9paisseur de diff\u00e9rents types de sacs.<\/span><\/li>\n<\/ul>\n<\/div>\n<div class=\"Fsg96\" data-sfc-cp=\"\" data-sfc-cb=\"\" data-complete=\"true\" data-processed=\"true\"><\/div>\n","protected":false},"excerpt":{"rendered":"<ul class=\"KsbFXc U6u95\" data-sfc-cb=\"\" data-complete=\"true\" data-processed=\"true\">\n<li class=\"dF3vjf\" data-sfc-cb=\"\" data-hveid=\"CAUQAA\" data-complete=\"true\" data-sae=\"\"><span class=\"T286Pc\" data-sfc-cp=\"\" data-sfc-cb=\"\" data-complete=\"true\"><strong class=\"Yjhzub\" data-sfc-cb=\"\" data-complete=\"true\">Vitesse de couture<\/strong>\u00a0: Environ\u00a0<strong class=\"Yjhzub\" data-sfc-cb=\"\" data-complete=\"true\">800 \u00e0 900 points par minute<\/strong>.<\/span><\/li>\n<li class=\"dF3vjf\" data-sfc-cb=\"\" data-hveid=\"CAUQAQ\" data-complete=\"true\" data-sae=\"\"><span class=\"T286Pc\" data-sfc-cp=\"\" data-sfc-cb=\"\" data-complete=\"true\"><strong class=\"Yjhzub\" data-sfc-cb=\"\" data-complete=\"true\">Type de point<\/strong>\u00a0: Point de cha\u00eenette \u00e0 un seul fil (facile \u00e0 d\u00e9faire en tirant sur le bon bout).<\/span><\/li>\n<li class=\"dF3vjf\" data-sfc-cb=\"\" data-hveid=\"CAUQAg\" data-complete=\"true\" data-sae=\"\"><span class=\"T286Pc\" data-sfc-cp=\"\" data-sfc-cb=\"\" data-complete=\"true\"><strong class=\"Yjhzub\" data-sfc-cb=\"\" data-complete=\"true\">Puissance<\/strong>\u00a0: G\u00e9n\u00e9ralement\u00a0<strong class=\"Yjhzub\" data-sfc-cb=\"\" data-complete=\"true\">130W<\/strong>\u00a0avec un moteur atteignant\u00a0<strong class=\"Yjhzub\" data-sfc-cb=\"\" data-complete=\"true\">12 000 tr\/min<\/strong>.<\/span><\/li>\n<li class=\"dF3vjf\" data-sfc-cb=\"\" data-hveid=\"CAUQAw\" data-complete=\"true\" data-sae=\"\"><span class=\"T286Pc\" data-sfc-cp=\"\" data-sfc-cb=\"\" data-complete=\"true\"><strong class=\"Yjhzub\" data-sfc-cb=\"\" data-complete=\"true\">Capacit\u00e9 de couture<\/strong>\u00a0: Peut traverser des \u00e9paisseurs allant jusqu&#8217;\u00e0\u00a0<strong class=\"Yjhzub\" data-sfc-cb=\"\" data-complete=\"true\">3 mm ou 8 mm<\/strong>\u00a0selon les variantes du mod\u00e8le.<\/span><\/li>\n<li class=\"dF3vjf\" data-sfc-cb=\"\" data-hveid=\"CAUQBA\" data-complete=\"true\" data-sae=\"\"><span class=\"T286Pc\" data-sfc-cp=\"\" data-sfc-cb=\"\" data-complete=\"true\"><strong class=\"Yjhzub\" data-sfc-cb=\"\" data-complete=\"true\">Poids<\/strong>\u00a0: Environ\u00a0<strong class=\"Yjhzub\" data-sfc-cb=\"\" data-complete=\"true\">3,5 kg \u00e0 4,5 kg<\/strong>, ce qui permet une utilisation manuelle prolong\u00e9e.<\/span><\/li>\n<li class=\"dF3vjf\" data-sfc-cb=\"\" data-hveid=\"CAUQBQ\" data-complete=\"true\" data-sae=\"\"><span class=\"T286Pc\" data-sfc-cp=\"\" data-sfc-cb=\"\" data-complete=\"true\" aria-owns=\"action-menu-parent-container\"><strong class=\"Yjhzub\" data-sfc-cb=\"\" data-complete=\"true\">Mat\u00e9riaux compatibles<\/strong>\u00a0: Sacs en jute, coton, papier kraft, plastique tiss\u00e9 et sacs de riz<\/span><\/li>\n<\/ul>\n","protected":false},"featured_media":9699,"comment_status":"closed","ping_status":"closed","template":"","meta":{"_bst_post_transparent":"","_bst_post_title":"","_bst_post_layout":"","_bst_post_sidebar_id":"","_bst_post_content_style":"","_bst_post_vertical_padding":"","_bst_post_feature":"","_bst_post_feature_position":"","_bst_post_header":false,"_bst_post_footer":false},"product_brand":[],"product_cat":[142,176,141],"product_tag":[],"product_brands":[],"class_list":{"0":"post-9694","1":"product","2":"type-product","3":"status-publish","4":"has-post-thumbnail","6":"product_cat-electronique","7":"product_cat-machines-a-coudre-accessoires-de-couture","8":"product_cat-produits-du-moment","10":"first","11":"instock","12":"shipping-taxable","13":"purchasable","14":"product-type-simple","15":"entry","16":"content-bg","17":"loop-entry"},"_links":{"self":[{"href":"https:\/\/anopri.com\/index.php?rest_route=\/wp\/v2\/product\/9694","targetHints":{"allow":["GET"]}}],"collection":[{"href":"https:\/\/anopri.com\/index.php?rest_route=\/wp\/v2\/product"}],"about":[{"href":"https:\/\/anopri.com\/index.php?rest_route=\/wp\/v2\/types\/product"}],"replies":[{"embeddable":true,"href":"https:\/\/anopri.com\/index.php?rest_route=%2Fwp%2Fv2%2Fcomments&post=9694"}],"wp:featuredmedia":[{"embeddable":true,"href":"https:\/\/anopri.com\/index.php?rest_route=\/wp\/v2\/media\/9699"}],"wp:attachment":[{"href":"https:\/\/anopri.com\/index.php?rest_route=%2Fwp%2Fv2%2Fmedia&parent=9694"}],"wp:term":[{"taxonomy":"product_brand","embeddable":true,"href":"https:\/\/anopri.com\/index.php?rest_route=%2Fwp%2Fv2%2Fproduct_brand&post=9694"},{"taxonomy":"product_cat","embeddable":true,"href":"https:\/\/anopri.com\/index.php?rest_route=%2Fwp%2Fv2%2Fproduct_cat&post=9694"},{"taxonomy":"product_tag","embeddable":true,"href":"https:\/\/anopri.com\/index.php?rest_route=%2Fwp%2Fv2%2Fproduct_tag&post=9694"},{"taxonomy":"product_brands","embeddable":true,"href":"https:\/\/anopri.com\/index.php?rest_route=%2Fwp%2Fv2%2Fproduct_brands&post=9694"}],"curies":[{"name":"wp","href":"https:\/\/api.w.org\/{rel}","templated":true}]}}