{"id":9648,"date":"2026-04-25T13:10:03","date_gmt":"2026-04-25T13:10:03","guid":{"rendered":"https:\/\/anopri.com\/?post_type=product&#038;p=9648"},"modified":"2026-04-25T13:10:16","modified_gmt":"2026-04-25T13:10:16","slug":"climatiseur-mobile-unitedstar-7000-btu-h-2kw-3-en-1","status":"publish","type":"product","link":"https:\/\/anopri.com\/?product=climatiseur-mobile-unitedstar-7000-btu-h-2kw-3-en-1","title":{"rendered":"Climatiseur Mobile UnitedStar &#8211; 7000 BTU\/h 2kW, 3-EN-1"},"content":{"rendered":"<ul class=\"a-unordered-list a-vertical a-spacing-mini\">\n<li class=\"a-spacing-mini\"><span class=\"a-list-item\"><strong>REFROIDISSENT PUISSANT<\/strong>:\u00a0 climatiseur mobile se fait remarquer par sa grande efficacit\u00e9 \u00e9nerg\u00e9tique, avec une capacit\u00e9 de refroidissement de 7000 BTU\/2,0kW et Classe A. Id\u00e9al pour les petites pi\u00e8ces, tels que studios, chambres \u00e0 coucher, et les cuisines, couvrant de 25\u33a1\/68m\u00b3.<\/span><\/li>\n<li class=\"a-spacing-mini\"><span class=\"a-list-item\"><strong>CLIMATISEUR 3-EN-1, REFROIDISSMENT INTELLIGENT:<\/strong> Ce climatiseur portable vous offre 4 modes au choix, c&#8217;est-\u00e0-dire refroidissement, ventilation, d\u00e9shumidification, et mode auto, avec deux vitesses de vent. Ainsi, la minuterie 24H vous permet de r\u00e9gler \u00e0 l&#8217;avance le temps de fonctionnement pr\u00e9f\u00e9r\u00e9, sans avoir \u00e0 l&#8217;\u00e9teindre manuellement.<\/span><\/li>\n<li class=\"a-spacing-mini\"><span class=\"a-list-item\"><strong>ECONOMIE D&#8217;ENGERGIE<\/strong>: Gr\u00e2ce au compresseur \u00e0 haute fr\u00e9quence et au r\u00e9frig\u00e9rant naturel R290, ce\u00a0 climatiseur mobile consomme moins d&#8217;\u00e9nergie, en assurant la capacit\u00e9 de refroidissement.<\/span><\/li>\n<li class=\"a-spacing-mini\"><span class=\"a-list-item\"><strong>FONCTION DE FOLLOW ME:<\/strong> Avec deux capteurs de temp\u00e9rature ambient dans le clim et le t\u00e9l\u00e9commande, le clim peut s&#8217;ajuster automatiquement la puissance de refroidissement, dans le but de garder la temp\u00e9rature cible n&#8217;importe o\u00f9.<\/span><\/li>\n<\/ul>\n","protected":false},"excerpt":{"rendered":"<p>REFROIDISSENT PUISSANT:\u00a0 climatiseur mobile se fait remarquer par sa grande efficacit\u00e9 \u00e9nerg\u00e9tique, avec une capacit\u00e9 de refroidissement de 7000 BTU\/2,0kW et Classe A. Id\u00e9al pour les petites pi\u00e8ces, tels que studios, chambres \u00e0 coucher, et les cuisines, couvrant de 25\u33a1\/68m\u00b3. CLIMATISEUR 3-EN-1, REFROIDISSMENT INTELLIGENT: Ce climatiseur portable vous offre 4 modes au choix, c&#8217;est-\u00e0-dire refroidissement,&#8230;<\/p>\n","protected":false},"featured_media":9686,"comment_status":"closed","ping_status":"closed","template":"","meta":{"_bst_post_transparent":"","_bst_post_title":"","_bst_post_layout":"","_bst_post_sidebar_id":"","_bst_post_content_style":"","_bst_post_vertical_padding":"","_bst_post_feature":"","_bst_post_feature_position":"","_bst_post_header":false,"_bst_post_footer":false},"product_brand":[],"product_cat":[164,160,145,158],"product_tag":[],"product_brands":[],"class_list":{"0":"post-9648","1":"product","2":"type-product","3":"status-publish","4":"has-post-thumbnail","6":"product_cat-climatiseurs","7":"product_cat-climatiseurs-ventilateurs","8":"product_cat-electromenager","9":"product_cat-ventilateur","11":"first","12":"instock","13":"sale","14":"shipping-taxable","15":"purchasable","16":"product-type-simple","17":"entry","18":"content-bg","19":"loop-entry"},"_links":{"self":[{"href":"https:\/\/anopri.com\/index.php?rest_route=\/wp\/v2\/product\/9648","targetHints":{"allow":["GET"]}}],"collection":[{"href":"https:\/\/anopri.com\/index.php?rest_route=\/wp\/v2\/product"}],"about":[{"href":"https:\/\/anopri.com\/index.php?rest_route=\/wp\/v2\/types\/product"}],"replies":[{"embeddable":true,"href":"https:\/\/anopri.com\/index.php?rest_route=%2Fwp%2Fv2%2Fcomments&post=9648"}],"wp:featuredmedia":[{"embeddable":true,"href":"https:\/\/anopri.com\/index.php?rest_route=\/wp\/v2\/media\/9686"}],"wp:attachment":[{"href":"https:\/\/anopri.com\/index.php?rest_route=%2Fwp%2Fv2%2Fmedia&parent=9648"}],"wp:term":[{"taxonomy":"product_brand","embeddable":true,"href":"https:\/\/anopri.com\/index.php?rest_route=%2Fwp%2Fv2%2Fproduct_brand&post=9648"},{"taxonomy":"product_cat","embeddable":true,"href":"https:\/\/anopri.com\/index.php?rest_route=%2Fwp%2Fv2%2Fproduct_cat&post=9648"},{"taxonomy":"product_tag","embeddable":true,"href":"https:\/\/anopri.com\/index.php?rest_route=%2Fwp%2Fv2%2Fproduct_tag&post=9648"},{"taxonomy":"product_brands","embeddable":true,"href":"https:\/\/anopri.com\/index.php?rest_route=%2Fwp%2Fv2%2Fproduct_brands&post=9648"}],"curies":[{"name":"wp","href":"https:\/\/api.w.org\/{rel}","templated":true}]}}