{"id":9645,"date":"2026-04-25T13:10:03","date_gmt":"2026-04-25T13:10:03","guid":{"rendered":"https:\/\/anopri.com\/?post_type=product&#038;p=9645"},"modified":"2026-04-25T13:10:12","modified_gmt":"2026-04-25T13:10:12","slug":"broyeur-multifonctionnel-haute-vitesse-raf-r7128","status":"publish","type":"product","link":"https:\/\/anopri.com\/?product=broyeur-multifonctionnel-haute-vitesse-raf-r7128","title":{"rendered":"Broyeur multifonctionnel haute vitesse RAF- R7128"},"content":{"rendered":"<p><span dir=\"auto\">La meuleuse multifonctionnelle haute vitesse RAF R7128 est con\u00e7ue pour offrir des performances exceptionnelles, aussi bien pour un usage professionnel que domestique. Gr\u00e2ce \u00e0 son moteur puissant, elle s&#8217;attaque sans effort \u00e0 divers mat\u00e9riaux, garantissant pr\u00e9cision et efficacit\u00e9.<\/span><\/p>\n<p><span dir=\"auto\">L&#8217;un des atouts majeurs de la meuleuse multifonctionnelle haute vitesse RAF R7128 est sa polyvalence. Fournie avec de nombreux accessoires, elle permet de passer facilement du meulage au polissage et au pon\u00e7age. Son design ergonomique assure un confort optimal m\u00eame lors d&#8217;une utilisation prolong\u00e9e, ce qui en fait un choix id\u00e9al pour les bricoleurs et les artisans.\u00a0<\/span><\/p>\n<div><span dir=\"auto\">Id\u00e9al pour moudre les \u00e9pices, les c\u00e9r\u00e9ales et le caf\u00e9. Son format compact convient aux cuisines de petite taille.<\/span><\/div>\n<div><span dir=\"auto\">Fabriqu\u00e9 avec des mat\u00e9riaux de haute qualit\u00e9 pour une utilisation durable. Moteur haute performance avec fil de cuivre r\u00e9sistant \u00e0 200 \u00b0C et noyau en cuivre \u00e0 haut rendement. Le hachoir est fabriqu\u00e9 en acier inoxydable de haute qualit\u00e9, sain et sans go\u00fbt, durable et r\u00e9sistant. \u00c9quip\u00e9 de lames en acier \u00e0 trois couches pour un broyage tridimensionnel et une qualit\u00e9 optimale. Protection contre les surcharges : arr\u00eat automatique en cas de surcharge.4<\/span><\/div>\n","protected":false},"excerpt":{"rendered":"<ul class=\"a-unordered-list a-vertical a-spacing-mini\">\n<li><span dir=\"auto\">Dot\u00e9 d&#8217;un moteur puissant pour un broyage pr\u00e9cis et rapide.<\/span><\/li>\n<li><span dir=\"auto\">Convient pour moudre les \u00e9pices, les c\u00e9r\u00e9ales et le caf\u00e9.<\/span><\/li>\n<li><span dir=\"auto\">Sa conception compacte convient aux cuisines de petite taille.<\/span><\/li>\n<li><span dir=\"auto\">Fabriqu\u00e9 \u00e0 partir de mat\u00e9riaux de haute qualit\u00e9 pour une utilisation durable.<\/span><\/li>\n<li><span dir=\"auto\">Source d&#8217;alimentation : \u00c9lectrique<\/span><\/li>\n<li><span dir=\"auto\">Puissance (W) : 1480<\/span><\/li>\n<li><span dir=\"auto\">Vitesse du moteur : 28 000 tr\/min<\/span><\/li>\n<li><span dir=\"auto\">Capacit\u00e9 200 g<\/span><\/li>\n<li><span dir=\"auto\">Mod\u00e8le : R7128<\/span><\/li>\n<li><span dir=\"auto\">Facile \u00e0 nettoyer<\/span><\/li>\n<\/ul>\n","protected":false},"featured_media":9672,"comment_status":"closed","ping_status":"closed","template":"","meta":{"_bst_post_transparent":"","_bst_post_title":"","_bst_post_layout":"","_bst_post_sidebar_id":"","_bst_post_content_style":"","_bst_post_vertical_padding":"","_bst_post_feature":"","_bst_post_feature_position":"","_bst_post_header":false,"_bst_post_footer":false},"product_brand":[],"product_cat":[145,182],"product_tag":[],"product_brands":[],"class_list":{"0":"post-9645","1":"product","2":"type-product","3":"status-publish","4":"has-post-thumbnail","6":"product_cat-electromenager","7":"product_cat-mixeurs-blenders","9":"first","10":"instock","11":"shipping-taxable","12":"purchasable","13":"product-type-simple","14":"entry","15":"content-bg","16":"loop-entry"},"_links":{"self":[{"href":"https:\/\/anopri.com\/index.php?rest_route=\/wp\/v2\/product\/9645","targetHints":{"allow":["GET"]}}],"collection":[{"href":"https:\/\/anopri.com\/index.php?rest_route=\/wp\/v2\/product"}],"about":[{"href":"https:\/\/anopri.com\/index.php?rest_route=\/wp\/v2\/types\/product"}],"replies":[{"embeddable":true,"href":"https:\/\/anopri.com\/index.php?rest_route=%2Fwp%2Fv2%2Fcomments&post=9645"}],"wp:featuredmedia":[{"embeddable":true,"href":"https:\/\/anopri.com\/index.php?rest_route=\/wp\/v2\/media\/9672"}],"wp:attachment":[{"href":"https:\/\/anopri.com\/index.php?rest_route=%2Fwp%2Fv2%2Fmedia&parent=9645"}],"wp:term":[{"taxonomy":"product_brand","embeddable":true,"href":"https:\/\/anopri.com\/index.php?rest_route=%2Fwp%2Fv2%2Fproduct_brand&post=9645"},{"taxonomy":"product_cat","embeddable":true,"href":"https:\/\/anopri.com\/index.php?rest_route=%2Fwp%2Fv2%2Fproduct_cat&post=9645"},{"taxonomy":"product_tag","embeddable":true,"href":"https:\/\/anopri.com\/index.php?rest_route=%2Fwp%2Fv2%2Fproduct_tag&post=9645"},{"taxonomy":"product_brands","embeddable":true,"href":"https:\/\/anopri.com\/index.php?rest_route=%2Fwp%2Fv2%2Fproduct_brands&post=9645"}],"curies":[{"name":"wp","href":"https:\/\/api.w.org\/{rel}","templated":true}]}}