{"id":9644,"date":"2026-04-25T13:10:03","date_gmt":"2026-04-25T13:10:03","guid":{"rendered":"https:\/\/anopri.com\/?post_type=product&#038;p=9644"},"modified":"2026-04-25T13:10:11","modified_gmt":"2026-04-25T13:10:11","slug":"lampe-de-bureau-emkay-mt-208a-40w","status":"publish","type":"product","link":"https:\/\/anopri.com\/?product=lampe-de-bureau-emkay-mt-208a-40w","title":{"rendered":"Lampe de bureau Emkay MT-208A 40W"},"content":{"rendered":"<p>Cette lampe offre flexibilit\u00e9 et stabilit\u00e9 gr\u00e2ce \u00e0 ses trois articulations r\u00e9glables sur le bras, permettant d&#8217;orienter la lumi\u00e8re selon pratiquement n&#8217;importe quel angle. Son socle lest\u00e9 et robuste assure une stabilit\u00e9 optimale. Elle est \u00e9quip\u00e9e d&#8217;une douille standard E27, facilitant ainsi le remplacement des ampoules. Pour plus de praticit\u00e9, une ampoule LED de haute qualit\u00e9 est fournie.<\/p>\n","protected":false},"excerpt":{"rendered":"<ul class=\"a-unordered-list a-vertical a-spacing-mini\">\n<li class=\"a-spacing-mini\"><span class=\"a-list-item\">Col flexible et polyvalent<\/span><\/li>\n<li class=\"a-spacing-mini\"><span class=\"a-list-item\">Construction en m\u00e9tal et plastique<\/span><\/li>\n<li class=\"a-spacing-mini\"><span class=\"a-list-item\">Interrupteur marche\/arr\u00eat int\u00e9gral<\/span><\/li>\n<li class=\"a-spacing-mini\"><span class=\"a-list-item\">Hauteur : env. 34 cm<\/span><\/li>\n<li class=\"a-spacing-mini\"><span class=\"a-list-item\">Parfait pour la lecture de lit<\/span><\/li>\n<\/ul>\n","protected":false},"featured_media":9670,"comment_status":"closed","ping_status":"closed","template":"","meta":{"_bst_post_transparent":"","_bst_post_title":"","_bst_post_layout":"","_bst_post_sidebar_id":"","_bst_post_content_style":"","_bst_post_vertical_padding":"","_bst_post_feature":"","_bst_post_feature_position":"","_bst_post_header":false,"_bst_post_footer":false},"product_brand":[],"product_cat":[166],"product_tag":[],"product_brands":[],"class_list":{"0":"post-9644","1":"product","2":"type-product","3":"status-publish","4":"has-post-thumbnail","6":"product_cat-electricite","8":"first","9":"instock","10":"shipping-taxable","11":"purchasable","12":"product-type-simple","13":"entry","14":"content-bg","15":"loop-entry"},"_links":{"self":[{"href":"https:\/\/anopri.com\/index.php?rest_route=\/wp\/v2\/product\/9644","targetHints":{"allow":["GET"]}}],"collection":[{"href":"https:\/\/anopri.com\/index.php?rest_route=\/wp\/v2\/product"}],"about":[{"href":"https:\/\/anopri.com\/index.php?rest_route=\/wp\/v2\/types\/product"}],"replies":[{"embeddable":true,"href":"https:\/\/anopri.com\/index.php?rest_route=%2Fwp%2Fv2%2Fcomments&post=9644"}],"wp:featuredmedia":[{"embeddable":true,"href":"https:\/\/anopri.com\/index.php?rest_route=\/wp\/v2\/media\/9670"}],"wp:attachment":[{"href":"https:\/\/anopri.com\/index.php?rest_route=%2Fwp%2Fv2%2Fmedia&parent=9644"}],"wp:term":[{"taxonomy":"product_brand","embeddable":true,"href":"https:\/\/anopri.com\/index.php?rest_route=%2Fwp%2Fv2%2Fproduct_brand&post=9644"},{"taxonomy":"product_cat","embeddable":true,"href":"https:\/\/anopri.com\/index.php?rest_route=%2Fwp%2Fv2%2Fproduct_cat&post=9644"},{"taxonomy":"product_tag","embeddable":true,"href":"https:\/\/anopri.com\/index.php?rest_route=%2Fwp%2Fv2%2Fproduct_tag&post=9644"},{"taxonomy":"product_brands","embeddable":true,"href":"https:\/\/anopri.com\/index.php?rest_route=%2Fwp%2Fv2%2Fproduct_brands&post=9644"}],"curies":[{"name":"wp","href":"https:\/\/api.w.org\/{rel}","templated":true}]}}