{"id":9637,"date":"2026-04-25T13:10:02","date_gmt":"2026-04-25T13:10:02","guid":{"rendered":"https:\/\/anopri.com\/?post_type=product&#038;p=9637"},"modified":"2026-04-25T13:10:17","modified_gmt":"2026-04-25T13:10:17","slug":"tapis-gloria-120x170cm-150x220cm-200x290cm","status":"publish","type":"product","link":"https:\/\/anopri.com\/?product=tapis-gloria-120x170cm-150x220cm-200x290cm","title":{"rendered":"Tapis Gloria 120x170cm ; 150x220cm; 200x290cm"},"content":{"rendered":"<p>Avec son graphisme sobre et tr\u00e8s tendance, il se glissera facilement dans tous les int\u00e9rieurs et apportera confort et chaleur au toucher ! Au pied du lit, du canap\u00e9 ou m\u00eame d&#8217;un bureau, le tapis\u00a0 trouvera sa place pour votre plus grand plaisir.<\/p>\n","protected":false},"excerpt":{"rendered":"<p data-start=\"228\" data-end=\"510\">Laissez-vous s\u00e9duire par le <strong data-start=\"256\" data-end=\"272\">tapis GLORIA<\/strong>, une pi\u00e8ce d\u00e9corative qui incarne le <strong data-start=\"310\" data-end=\"333\">raffinement moderne<\/strong>. Son design abstrait, subtilement travaill\u00e9 dans des <strong data-start=\"387\" data-end=\"441\">nuances de gris, bleu profond et touches min\u00e9rales<\/strong>, apporte une dimension artistique et sophistiqu\u00e9e \u00e0 votre int\u00e9rieur.<\/p>\n<p data-start=\"512\" data-end=\"887\">Son jeu de textures et d\u2019effets patin\u00e9s cr\u00e9e une <strong data-start=\"561\" data-end=\"591\">profondeur visuelle unique<\/strong>, id\u00e9ale pour structurer l\u2019espace sans l\u2019alourdir. Con\u00e7u pour allier <strong data-start=\"660\" data-end=\"685\">esth\u00e9tique et confort<\/strong>, le tapis GLORIA offre un toucher agr\u00e9able tout en conservant une excellente r\u00e9sistance \u00e0 l\u2019usage quotidien. Les finitions soign\u00e9es assurent une <strong data-start=\"831\" data-end=\"860\">bonne tenue dans le temps<\/strong> et une stabilit\u00e9 optimale.<\/p>\n<p data-start=\"889\" data-end=\"1192\">Polyvalent et facile \u00e0 int\u00e9grer, il trouve naturellement sa place dans un <strong data-start=\"963\" data-end=\"980\">salon moderne<\/strong>, une <strong data-start=\"986\" data-end=\"1006\">chambre \u00e9l\u00e9gante<\/strong>, un <strong data-start=\"1011\" data-end=\"1021\">bureau<\/strong> ou m\u00eame une <strong data-start=\"1034\" data-end=\"1066\">salle \u00e0 manger contemporaine<\/strong>. Sa palette de couleurs \u00e9quilibr\u00e9e s\u2019accorde aussi bien avec des int\u00e9rieurs minimalistes qu\u2019avec un mobilier plus chaleureux.<\/p>\n<p data-start=\"1194\" data-end=\"1416\"><strong data-start=\"1194\" data-end=\"1211\">Astuce d\u00e9co :<\/strong> associez le tapis GLORIA \u00e0 des meubles aux lignes \u00e9pur\u00e9es, des mati\u00e8res comme le bois clair ou le m\u00e9tal, et quelques accessoires bleu marine ou gris anthracite pour cr\u00e9er une ambiance chic et harmonieuse.<\/p>\n","protected":false},"featured_media":9657,"comment_status":"closed","ping_status":"closed","template":"","meta":{"_bst_post_transparent":"","_bst_post_title":"","_bst_post_layout":"","_bst_post_sidebar_id":"","_bst_post_content_style":"","_bst_post_vertical_padding":"","_bst_post_feature":"","_bst_post_feature_position":"","_bst_post_header":false,"_bst_post_footer":false},"product_brand":[],"product_cat":[172,141,196],"product_tag":[],"product_brands":[],"class_list":{"0":"post-9637","1":"product","2":"type-product","3":"status-publish","4":"has-post-thumbnail","6":"product_cat-ameublement-decoration","7":"product_cat-produits-du-moment","8":"product_cat-tapis","10":"first","11":"instock","12":"shipping-taxable","13":"purchasable","14":"product-type-variable","15":"entry","16":"content-bg","17":"loop-entry"},"_links":{"self":[{"href":"https:\/\/anopri.com\/index.php?rest_route=\/wp\/v2\/product\/9637","targetHints":{"allow":["GET"]}}],"collection":[{"href":"https:\/\/anopri.com\/index.php?rest_route=\/wp\/v2\/product"}],"about":[{"href":"https:\/\/anopri.com\/index.php?rest_route=\/wp\/v2\/types\/product"}],"replies":[{"embeddable":true,"href":"https:\/\/anopri.com\/index.php?rest_route=%2Fwp%2Fv2%2Fcomments&post=9637"}],"wp:featuredmedia":[{"embeddable":true,"href":"https:\/\/anopri.com\/index.php?rest_route=\/wp\/v2\/media\/9657"}],"wp:attachment":[{"href":"https:\/\/anopri.com\/index.php?rest_route=%2Fwp%2Fv2%2Fmedia&parent=9637"}],"wp:term":[{"taxonomy":"product_brand","embeddable":true,"href":"https:\/\/anopri.com\/index.php?rest_route=%2Fwp%2Fv2%2Fproduct_brand&post=9637"},{"taxonomy":"product_cat","embeddable":true,"href":"https:\/\/anopri.com\/index.php?rest_route=%2Fwp%2Fv2%2Fproduct_cat&post=9637"},{"taxonomy":"product_tag","embeddable":true,"href":"https:\/\/anopri.com\/index.php?rest_route=%2Fwp%2Fv2%2Fproduct_tag&post=9637"},{"taxonomy":"product_brands","embeddable":true,"href":"https:\/\/anopri.com\/index.php?rest_route=%2Fwp%2Fv2%2Fproduct_brands&post=9637"}],"curies":[{"name":"wp","href":"https:\/\/api.w.org\/{rel}","templated":true}]}}