{"id":9568,"date":"2026-04-25T13:09:36","date_gmt":"2026-04-25T13:09:36","guid":{"rendered":"https:\/\/anopri.com\/?post_type=product&#038;p=9568"},"modified":"2026-04-25T13:09:53","modified_gmt":"2026-04-25T13:09:53","slug":"machine-a-laver-semi-automatique-lg-13-5-kg-p1401ront","status":"publish","type":"product","link":"https:\/\/anopri.com\/?product=machine-a-laver-semi-automatique-lg-13-5-kg-p1401ront","title":{"rendered":"Machine \u00e0 Laver Semi-Automatique LG 13.5 Kg \u2013 P1401RONT"},"content":{"rendered":"<p>La Machine \u00e0 Laver Semi-Automatique LG 13.5 Kg \u2013 P1401RONT est con\u00e7ue pour les familles nombreuses et ceux qui ont des besoins de lavage importants. Avec une capacit\u00e9 impressionnante de 14 kg, elle vous permet de traiter de grandes quantit\u00e9s de linge en un seul cycle, vous faisant gagner un temps pr\u00e9cieux. Profitez d\u2019un lavage puissant et d\u2019un contr\u00f4le total pour un linge impeccable.<\/p>\n","protected":false},"excerpt":{"rendered":"<ul>\n<li data-sourcepos=\"23:1-23:21\"><strong>Capacit\u00e9 :<\/strong>\u00a013.5 kg<\/li>\n<li data-sourcepos=\"24:1-24:42\"><strong>Type :<\/strong>\u00a0Semi-automatique (deux cuves)<\/li>\n<li data-sourcepos=\"25:1-25:26\"><strong>Cuve de lavage :<\/strong>\u00a0Oui<\/li>\n<li data-sourcepos=\"26:1-26:27\"><strong>Cuve d\u2019essorage :<\/strong>\u00a0Oui<\/li>\n<li data-sourcepos=\"27:1-27:40\"><strong>Type de lavage :<\/strong>\u00a0Normal et d\u00e9licat<\/li>\n<li data-sourcepos=\"28:1-28:46\"><strong>Dur\u00e9e de lavage et d\u2019essorage :<\/strong>\u00a0R\u00e9glable<\/li>\n<li data-sourcepos=\"29:1-29:48\"><strong>Corps :<\/strong>\u00a0Plastique r\u00e9sistant \u00e0 la corrosion<\/li>\n<li data-sourcepos=\"30:1-30:28\"><strong>Commandes :<\/strong>\u00a0M\u00e9caniques<\/li>\n<\/ul>\n","protected":false},"featured_media":9619,"comment_status":"closed","ping_status":"closed","template":"","meta":{"_bst_post_transparent":"","_bst_post_title":"","_bst_post_layout":"","_bst_post_sidebar_id":"","_bst_post_content_style":"","_bst_post_vertical_padding":"","_bst_post_feature":"","_bst_post_feature_position":"","_bst_post_header":false,"_bst_post_footer":false},"product_brand":[],"product_cat":[145,168,167],"product_tag":[],"product_brands":[],"class_list":{"0":"post-9568","1":"product","2":"type-product","3":"status-publish","4":"has-post-thumbnail","6":"product_cat-electromenager","7":"product_cat-machine-a-laver","8":"product_cat-machine-a-laver-et-seche-linge","10":"first","11":"instock","12":"shipping-taxable","13":"purchasable","14":"product-type-simple","15":"entry","16":"content-bg","17":"loop-entry"},"_links":{"self":[{"href":"https:\/\/anopri.com\/index.php?rest_route=\/wp\/v2\/product\/9568","targetHints":{"allow":["GET"]}}],"collection":[{"href":"https:\/\/anopri.com\/index.php?rest_route=\/wp\/v2\/product"}],"about":[{"href":"https:\/\/anopri.com\/index.php?rest_route=\/wp\/v2\/types\/product"}],"replies":[{"embeddable":true,"href":"https:\/\/anopri.com\/index.php?rest_route=%2Fwp%2Fv2%2Fcomments&post=9568"}],"wp:featuredmedia":[{"embeddable":true,"href":"https:\/\/anopri.com\/index.php?rest_route=\/wp\/v2\/media\/9619"}],"wp:attachment":[{"href":"https:\/\/anopri.com\/index.php?rest_route=%2Fwp%2Fv2%2Fmedia&parent=9568"}],"wp:term":[{"taxonomy":"product_brand","embeddable":true,"href":"https:\/\/anopri.com\/index.php?rest_route=%2Fwp%2Fv2%2Fproduct_brand&post=9568"},{"taxonomy":"product_cat","embeddable":true,"href":"https:\/\/anopri.com\/index.php?rest_route=%2Fwp%2Fv2%2Fproduct_cat&post=9568"},{"taxonomy":"product_tag","embeddable":true,"href":"https:\/\/anopri.com\/index.php?rest_route=%2Fwp%2Fv2%2Fproduct_tag&post=9568"},{"taxonomy":"product_brands","embeddable":true,"href":"https:\/\/anopri.com\/index.php?rest_route=%2Fwp%2Fv2%2Fproduct_brands&post=9568"}],"curies":[{"name":"wp","href":"https:\/\/api.w.org\/{rel}","templated":true}]}}