{"id":9567,"date":"2026-04-25T13:09:36","date_gmt":"2026-04-25T13:09:36","guid":{"rendered":"https:\/\/anopri.com\/?post_type=product&#038;p=9567"},"modified":"2026-04-25T13:09:52","modified_gmt":"2026-04-25T13:09:52","slug":"machine-a-laver-semi-automatique-lg-9-kg-p961ront","status":"publish","type":"product","link":"https:\/\/anopri.com\/?product=machine-a-laver-semi-automatique-lg-9-kg-p961ront","title":{"rendered":"Machine \u00e0 Laver Semi-Automatique LG 9 Kg \u2013 P961RONT"},"content":{"rendered":"<div class=\"Y3BBE\" data-sfc-cp=\"\" data-hveid=\"CAIQAA\" data-processed=\"true\">Le\u00a0<strong class=\"Yjhzub\" data-processed=\"true\"><span class=\"T286Pc\" data-sfc-cp=\"\" data-processed=\"true\">LG P961RONT<\/span><\/strong>\u00a0est un\u00a0<mark class=\"HxTRcb\" data-sae=\"\"><strong class=\"Yjhzub\">lave-linge semi-automatique \u00e0 double cuve<\/strong>\u00a0d&#8217;une capacit\u00e9 de\u00a0<strong class=\"Yjhzub\">9 kg<\/strong>\u00a0dot\u00e9 de fonctionnalit\u00e9s telles que la technologie\u00a0<strong class=\"Yjhzub\">Wind Jet Dry<\/strong>\u00a0et le\u00a0<strong class=\"Yjhzub\">Roller Jet Pulsator<\/strong><\/mark>.<span class=\"uJ19be notranslate\" data-wiz-uids=\"scuiMc_k,scuiMc_l,scuiMc_m\" data-processed=\"true\"><span class=\"vKEkVd\" data-animation-atomic=\"\" data-sae=\"\">\u00a0<button class=\"rBl3me\" tabindex=\"0\" data-amic=\"true\" data-icl-uuid=\"916758b6-a66a-4d5d-87a3-87acca2c3db6\" aria-label=\"Afficher les liens associ\u00e9s\" data-wiz-attrbind=\"disabled=scuiMc_k_C5gNJc;class=scuiMc_k_UpSNec;\" data-ved=\"2ahUKEwjSnaSk8_GQAxXgK7kGHcG_IAIQye0OegQIAhAC\"><\/button><\/span><\/span><\/div>\n<ul class=\"KsbFXc U6u95\" data-processed=\"true\">\n<li data-hveid=\"CAQQAA\" data-sae=\"\"><span class=\"T286Pc\" data-sfc-cp=\"\"><strong class=\"Yjhzub\">Type de machine :<\/strong>\u00a0Lave-linge semi-automatique \u00e0 double cuve (Twin Tub).<\/span><\/li>\n<li data-hveid=\"CAQQAQ\" data-sae=\"\"><span class=\"T286Pc\" data-sfc-cp=\"\"><strong class=\"Yjhzub\">Capacit\u00e9 :<\/strong>\u00a09 kg.<\/span><\/li>\n<li data-hveid=\"CAQQAg\" data-sae=\"\"><span class=\"T286Pc\" data-sfc-cp=\"\"><strong class=\"Yjhzub\">Fonctionnalit\u00e9s de lavage :<\/strong><\/span>\n<ul class=\"KsbFXc U6u95\">\n<li data-hveid=\"CAQQAw\" data-sae=\"\"><span class=\"T286Pc\" data-sfc-cp=\"\"><strong class=\"Yjhzub\">Roller Jet Pulsator :<\/strong>\u00a0Trois mini pulsateurs pour un lavage efficace qui aide \u00e0 \u00e9liminer les taches tenaces.<\/span><\/li>\n<li data-hveid=\"CAQQBA\" data-sae=\"\"><span class=\"T286Pc\" data-sfc-cp=\"\"><strong class=\"Yjhzub\">3 programmes de lavage :<\/strong>\u00a0Offre diff\u00e9rentes options de lavage adapt\u00e9es \u00e0 divers types de v\u00eatements.<\/span><\/li>\n<\/ul>\n<\/li>\n<li data-hveid=\"CAQQBQ\" data-sae=\"\"><span class=\"T286Pc\" data-sfc-cp=\"\"><strong class=\"Yjhzub\">Fonctionnalit\u00e9s de s\u00e9chage :<\/strong><\/span>\n<ul class=\"KsbFXc U6u95\">\n<li data-hveid=\"CAQQBg\" data-sae=\"\"><span class=\"T286Pc\" data-sfc-cp=\"\"><strong class=\"Yjhzub\">Wind Jet Dry :<\/strong>\u00a0R\u00e9duit l&#8217;humidit\u00e9 restante sur le linge en faisant circuler l&#8217;air \u00e0 haute vitesse pendant l&#8217;essorage, permettant un s\u00e9chage plus rapide.<\/span><\/li>\n<\/ul>\n<\/li>\n<li data-hveid=\"CAQQBw\" data-sae=\"\"><span class=\"T286Pc\" data-sfc-cp=\"\"><strong class=\"Yjhzub\">Durabilit\u00e9 :<\/strong><\/span>\n<ul class=\"KsbFXc U6u95\">\n<li data-hveid=\"CAQQCA\" data-sae=\"\"><span class=\"T286Pc\" data-sfc-cp=\"\"><strong class=\"Yjhzub\">Technologie Rat Away :<\/strong>\u00a0Une base en plastique solide de 3 mm contenant un r\u00e9pulsif chimique pour \u00e9loigner les rongeurs, am\u00e9liorant ainsi la durabilit\u00e9 de l&#8217;appareil.<\/span><\/li>\n<\/ul>\n<\/li>\n<li data-hveid=\"CAQQCQ\" data-sae=\"\"><span class=\"T286Pc\" data-sfc-cp=\"\"><strong class=\"Yjhzub\">Filtration :<\/strong>\u00a0Comprend un filtre magique qui recueille les peluches pendant le lavage, emp\u00eachant ainsi l&#8217;obstruction des tuyaux.<\/span><span class=\"uJ19be notranslate\" data-wiz-uids=\"scuiMc_1s,scuiMc_1t,scuiMc_1u\"><span class=\"vKEkVd\" data-animation-atomic=\"\" data-sae=\"\">\u00a0<\/span><\/span><\/li>\n<\/ul>\n","protected":false},"excerpt":{"rendered":"<ul>\n<li data-sourcepos=\"23:1-23:21\"><strong>Capacit\u00e9 :<\/strong>\u00a07 kg<\/li>\n<li data-sourcepos=\"24:1-24:42\"><strong>Type :<\/strong>\u00a0Semi-automatique (deux cuves)<\/li>\n<li data-sourcepos=\"25:1-25:26\"><strong>Cuve de lavage :<\/strong>\u00a0Oui<\/li>\n<li data-sourcepos=\"26:1-26:27\"><strong>Cuve d\u2019essorage :<\/strong>\u00a0Oui<\/li>\n<li data-sourcepos=\"27:1-27:40\"><strong>Type de lavage :<\/strong>\u00a0Normal et d\u00e9licat<\/li>\n<li data-sourcepos=\"28:1-28:46\"><strong>Dur\u00e9e de lavage et d\u2019essorage :<\/strong>\u00a0R\u00e9glable<\/li>\n<li data-sourcepos=\"29:1-29:48\"><strong>Corps :<\/strong>\u00a0Plastique r\u00e9sistant \u00e0 la corrosion<\/li>\n<li data-sourcepos=\"30:1-30:28\"><strong>Commandes :<\/strong>\u00a0M\u00e9caniques<\/li>\n<li data-sourcepos=\"31:1-32:0\"><strong>Couleur :<\/strong>\u00a0voir image du produit<\/li>\n<\/ul>\n","protected":false},"featured_media":9616,"comment_status":"closed","ping_status":"closed","template":"","meta":{"_bst_post_transparent":"","_bst_post_title":"","_bst_post_layout":"","_bst_post_sidebar_id":"","_bst_post_content_style":"","_bst_post_vertical_padding":"","_bst_post_feature":"","_bst_post_feature_position":"","_bst_post_header":false,"_bst_post_footer":false},"product_brand":[],"product_cat":[168,167],"product_tag":[],"product_brands":[],"class_list":{"0":"post-9567","1":"product","2":"type-product","3":"status-publish","4":"has-post-thumbnail","6":"product_cat-machine-a-laver","7":"product_cat-machine-a-laver-et-seche-linge","9":"first","10":"instock","11":"shipping-taxable","12":"purchasable","13":"product-type-simple","14":"entry","15":"content-bg","16":"loop-entry"},"_links":{"self":[{"href":"https:\/\/anopri.com\/index.php?rest_route=\/wp\/v2\/product\/9567","targetHints":{"allow":["GET"]}}],"collection":[{"href":"https:\/\/anopri.com\/index.php?rest_route=\/wp\/v2\/product"}],"about":[{"href":"https:\/\/anopri.com\/index.php?rest_route=\/wp\/v2\/types\/product"}],"replies":[{"embeddable":true,"href":"https:\/\/anopri.com\/index.php?rest_route=%2Fwp%2Fv2%2Fcomments&post=9567"}],"wp:featuredmedia":[{"embeddable":true,"href":"https:\/\/anopri.com\/index.php?rest_route=\/wp\/v2\/media\/9616"}],"wp:attachment":[{"href":"https:\/\/anopri.com\/index.php?rest_route=%2Fwp%2Fv2%2Fmedia&parent=9567"}],"wp:term":[{"taxonomy":"product_brand","embeddable":true,"href":"https:\/\/anopri.com\/index.php?rest_route=%2Fwp%2Fv2%2Fproduct_brand&post=9567"},{"taxonomy":"product_cat","embeddable":true,"href":"https:\/\/anopri.com\/index.php?rest_route=%2Fwp%2Fv2%2Fproduct_cat&post=9567"},{"taxonomy":"product_tag","embeddable":true,"href":"https:\/\/anopri.com\/index.php?rest_route=%2Fwp%2Fv2%2Fproduct_tag&post=9567"},{"taxonomy":"product_brands","embeddable":true,"href":"https:\/\/anopri.com\/index.php?rest_route=%2Fwp%2Fv2%2Fproduct_brands&post=9567"}],"curies":[{"name":"wp","href":"https:\/\/api.w.org\/{rel}","templated":true}]}}